{"id":13164,"date":"2022-09-06T11:28:35","date_gmt":"2022-09-06T10:28:35","guid":{"rendered":"http:\/\/kawneer.ca\/news-events\/"},"modified":"2023-01-18T12:21:07","modified_gmt":"2023-01-18T12:21:07","slug":"news-events","status":"publish","type":"page","link":"https:\/\/www.kawneer.ca\/fr\/news-events\/","title":{"rendered":"Nouvelles"},"content":{"rendered":"\n<section class=\"page-heading-with-descriptions\">\n    <div class=\"container\">\n        <div class=\"row\">\n            <div class=\" col-md-8 col-lg-6 \">\n                                    <h1 class=\"page-heading-with-descriptions__title\"> Nouvelles <\/h1>\n                \n\n                                    <div class=\"page-heading-with-descriptions__description\">  <\/div>\n                                                    <div class=\"page-heading-with-descriptions__subtitle\"> <p>Restez au courant de l&rsquo;actualit\u00e9 de Kawneer et lisez nos derni\u00e8res nouvelles et r\u00e9flexions. \u00c9coutez nos leaders d&rsquo;opinion, trouvez des informations sur nos r\u00e9cents lancements de produits et d\u00e9couvrez comment nos innovations technologiques fa\u00e7onneront l&rsquo;avenir du b\u00e2timent et de la construction. Laissez-vous inspirer par notre vaste portefeuille de projets et d\u00e9couvrez comment les solutions syst\u00e8me Kawneer sont utilis\u00e9es dans une grande vari\u00e9t\u00e9 d&rsquo;applications.<\/p>\n <\/div>\n                            <\/div>\n\n            <div class=\" col-md-12 col-lg-6 \">\n                \n\n                \n            <\/div>\n        <\/div>\n    <\/div>\n<\/section>\n\n<section class=\"product-filter\">\n    <div class=\"product-filter-inner\">\n        <div class=\"container\">\n            <div class=\"row\">\n                <div class=\"filter-bar-container\">\n\n                    <div class=\"filter-dropdown-container\">\n                        <div class=\"filter-dropdown-outer\">\n                            <div class=\"filter-dropdown\" onclick=\"toggleDropdown(this)\">\n                                <div class=\"filter-dropdown__title\">Type<\/div> <img decoding=\"async\" class=\"arrow\" alt=\"arrow icon\" src=\"https:\/\/www.kawneer.ca\/wp-content\/themes\/kawneer\/img\/chevron-down.svg\" \/>\n                            <\/div>\n                            <div class=\"filter-dropdown-inner\">\n\n                                <div class=\"options-title\">Category<\/div>\n\n\n\n                                \n\n\n                            <\/div>\n                        <\/div>\n                    <\/div>\n\n\n                    <div class=\"view-filters\">\n                        <div class=\"view-selections\">\n                            <div class=\"view-selector\">\n                                <div class=\"view-selector-label\">View<\/div>\n                                <div class=\"view-selector-icon view-select  \" data-attribute=\"view\" data-value=\"list\"><img decoding=\"async\" src=\"https:\/\/www.kawneer.ca\/wp-content\/themes\/kawneer\/img\/list.svg\" alt=\"List Icon\"><\/div>\n                                <div class=\"view-selector-icon view-select \" data-attribute=\"view\" data-value=\"grid\"><img decoding=\"async\" src=\"https:\/\/www.kawneer.ca\/wp-content\/themes\/kawneer\/img\/grid.svg\" alt=\"Grid Icon\"><\/div>\n                            <\/div>\n\n                            <label class=\"posts-per-page-label\" for=\"posts_per_page\">\n                                Show\n                                <select name=\"posts_per_page\" id=\"posts_per_page\">\n                                    <option  value=\"4\">4<\/option>\n                                    <option  selected  value=\"8\">8<\/option>\n                                    <option  value=\"16\">16<\/option>\n                                <\/select>\n                            <\/label>\n                        <\/div>\n\n                    <\/div>\n                <\/div>\n            <\/div>\n        <\/div>\n    <\/div>\n<\/section>\n\n    <section>\n        <div class=\"container\">\n            <div class=\"row\">\n                <div class=\"col-12\">\n                    <div class=\"news-list news-list-grid\">\n                                            <\/div>\n                <\/div>\n            <\/div>\n        <\/div>\n    <\/section>\n\n\n<section>\n\n    <div class=\"block-product-view\">\n        <div class=\"container\">\n            <div class=\"row\">\n                <div class=\"col-12\">\n                    <div class=\"product-pagination\">\n                                                                                                                    <\/div>\n                <\/div>\n            <\/div>\n        <\/div>\n    <\/div>\n<\/section>","protected":false},"excerpt":{"rendered":"","protected":false},"author":1,"featured_media":0,"parent":0,"menu_order":0,"comment_status":"closed","ping_status":"closed","template":"","meta":{"_acf_changed":false,"footnotes":""},"class_list":["post-13164","page","type-page","status-publish","hentry"],"acf":[],"yoast_head":"<!-- This site is optimized with the Yoast SEO plugin v27.3 - https:\/\/yoast.com\/product\/yoast-seo-wordpress\/ -->\n<title>Nouvelles - Kawneer Canada<\/title>\n<meta name=\"robots\" content=\"index, follow, max-snippet:-1, max-image-preview:large, max-video-preview:-1\" \/>\n<link rel=\"canonical\" href=\"https:\/\/www.kawneer.ca\/fr\/news-events\/\" \/>\n<meta property=\"og:locale\" content=\"fr_CA\" \/>\n<meta property=\"og:type\" content=\"article\" \/>\n<meta property=\"og:title\" content=\"Nouvelles - Kawneer Canada\" \/>\n<meta property=\"og:url\" content=\"https:\/\/www.kawneer.ca\/fr\/news-events\/\" \/>\n<meta property=\"og:site_name\" content=\"Kawneer Canada\" \/>\n<meta property=\"article:modified_time\" content=\"2023-01-18T12:21:07+00:00\" \/>\n<meta name=\"twitter:card\" content=\"summary_large_image\" \/>\n<script type=\"application\/ld+json\" class=\"yoast-schema-graph\">{\"@context\":\"https:\\\/\\\/schema.org\",\"@graph\":[{\"@type\":\"WebPage\",\"@id\":\"https:\\\/\\\/www.kawneer.ca\\\/fr\\\/news-events\\\/\",\"url\":\"https:\\\/\\\/www.kawneer.ca\\\/fr\\\/news-events\\\/\",\"name\":\"Nouvelles - Kawneer Canada\",\"isPartOf\":{\"@id\":\"https:\\\/\\\/www.kawneer.ca\\\/fr\\\/#website\"},\"datePublished\":\"2022-09-06T10:28:35+00:00\",\"dateModified\":\"2023-01-18T12:21:07+00:00\",\"breadcrumb\":{\"@id\":\"https:\\\/\\\/www.kawneer.ca\\\/fr\\\/news-events\\\/#breadcrumb\"},\"inLanguage\":\"fr-CA\",\"potentialAction\":[{\"@type\":\"ReadAction\",\"target\":[\"https:\\\/\\\/www.kawneer.ca\\\/fr\\\/news-events\\\/\"]}]},{\"@type\":\"BreadcrumbList\",\"@id\":\"https:\\\/\\\/www.kawneer.ca\\\/fr\\\/news-events\\\/#breadcrumb\",\"itemListElement\":[{\"@type\":\"ListItem\",\"position\":1,\"name\":\"Home\",\"item\":\"https:\\\/\\\/www.kawneer.ca\\\/fr\\\/\"},{\"@type\":\"ListItem\",\"position\":2,\"name\":\"Nouvelles\"}]},{\"@type\":\"WebSite\",\"@id\":\"https:\\\/\\\/www.kawneer.ca\\\/fr\\\/#website\",\"url\":\"https:\\\/\\\/www.kawneer.ca\\\/fr\\\/\",\"name\":\"Kawneer Canada\",\"description\":\"\",\"publisher\":{\"@id\":\"https:\\\/\\\/www.kawneer.ca\\\/fr\\\/#organization\"},\"potentialAction\":[{\"@type\":\"SearchAction\",\"target\":{\"@type\":\"EntryPoint\",\"urlTemplate\":\"https:\\\/\\\/www.kawneer.ca\\\/fr\\\/?s={search_term_string}\"},\"query-input\":{\"@type\":\"PropertyValueSpecification\",\"valueRequired\":true,\"valueName\":\"search_term_string\"}}],\"inLanguage\":\"fr-CA\"},{\"@type\":\"Organization\",\"@id\":\"https:\\\/\\\/www.kawneer.ca\\\/fr\\\/#organization\",\"name\":\"Kawneer\",\"url\":\"https:\\\/\\\/www.kawneer.ca\\\/fr\\\/\",\"logo\":{\"@type\":\"ImageObject\",\"inLanguage\":\"fr-CA\",\"@id\":\"https:\\\/\\\/www.kawneer.ca\\\/fr\\\/#\\\/schema\\\/logo\\\/image\\\/\",\"url\":\"https:\\\/\\\/www.kawneer.ca\\\/wp-content\\\/uploads\\\/2022\\\/08\\\/Kawneer-logo.png\",\"contentUrl\":\"https:\\\/\\\/www.kawneer.ca\\\/wp-content\\\/uploads\\\/2022\\\/08\\\/Kawneer-logo.png\",\"width\":405,\"height\":75,\"caption\":\"Kawneer\"},\"image\":{\"@id\":\"https:\\\/\\\/www.kawneer.ca\\\/fr\\\/#\\\/schema\\\/logo\\\/image\\\/\"}}]}<\/script>\n<!-- \/ Yoast SEO plugin. -->","yoast_head_json":{"title":"Nouvelles - Kawneer Canada","robots":{"index":"index","follow":"follow","max-snippet":"max-snippet:-1","max-image-preview":"max-image-preview:large","max-video-preview":"max-video-preview:-1"},"canonical":"https:\/\/www.kawneer.ca\/fr\/news-events\/","og_locale":"fr_CA","og_type":"article","og_title":"Nouvelles - Kawneer Canada","og_url":"https:\/\/www.kawneer.ca\/fr\/news-events\/","og_site_name":"Kawneer Canada","article_modified_time":"2023-01-18T12:21:07+00:00","twitter_card":"summary_large_image","schema":{"@context":"https:\/\/schema.org","@graph":[{"@type":"WebPage","@id":"https:\/\/www.kawneer.ca\/fr\/news-events\/","url":"https:\/\/www.kawneer.ca\/fr\/news-events\/","name":"Nouvelles - Kawneer Canada","isPartOf":{"@id":"https:\/\/www.kawneer.ca\/fr\/#website"},"datePublished":"2022-09-06T10:28:35+00:00","dateModified":"2023-01-18T12:21:07+00:00","breadcrumb":{"@id":"https:\/\/www.kawneer.ca\/fr\/news-events\/#breadcrumb"},"inLanguage":"fr-CA","potentialAction":[{"@type":"ReadAction","target":["https:\/\/www.kawneer.ca\/fr\/news-events\/"]}]},{"@type":"BreadcrumbList","@id":"https:\/\/www.kawneer.ca\/fr\/news-events\/#breadcrumb","itemListElement":[{"@type":"ListItem","position":1,"name":"Home","item":"https:\/\/www.kawneer.ca\/fr\/"},{"@type":"ListItem","position":2,"name":"Nouvelles"}]},{"@type":"WebSite","@id":"https:\/\/www.kawneer.ca\/fr\/#website","url":"https:\/\/www.kawneer.ca\/fr\/","name":"Kawneer Canada","description":"","publisher":{"@id":"https:\/\/www.kawneer.ca\/fr\/#organization"},"potentialAction":[{"@type":"SearchAction","target":{"@type":"EntryPoint","urlTemplate":"https:\/\/www.kawneer.ca\/fr\/?s={search_term_string}"},"query-input":{"@type":"PropertyValueSpecification","valueRequired":true,"valueName":"search_term_string"}}],"inLanguage":"fr-CA"},{"@type":"Organization","@id":"https:\/\/www.kawneer.ca\/fr\/#organization","name":"Kawneer","url":"https:\/\/www.kawneer.ca\/fr\/","logo":{"@type":"ImageObject","inLanguage":"fr-CA","@id":"https:\/\/www.kawneer.ca\/fr\/#\/schema\/logo\/image\/","url":"https:\/\/www.kawneer.ca\/wp-content\/uploads\/2022\/08\/Kawneer-logo.png","contentUrl":"https:\/\/www.kawneer.ca\/wp-content\/uploads\/2022\/08\/Kawneer-logo.png","width":405,"height":75,"caption":"Kawneer"},"image":{"@id":"https:\/\/www.kawneer.ca\/fr\/#\/schema\/logo\/image\/"}}]}},"_links":{"self":[{"href":"https:\/\/www.kawneer.ca\/fr\/wp-json\/wp\/v2\/pages\/13164","targetHints":{"allow":["GET"]}}],"collection":[{"href":"https:\/\/www.kawneer.ca\/fr\/wp-json\/wp\/v2\/pages"}],"about":[{"href":"https:\/\/www.kawneer.ca\/fr\/wp-json\/wp\/v2\/types\/page"}],"author":[{"embeddable":true,"href":"https:\/\/www.kawneer.ca\/fr\/wp-json\/wp\/v2\/users\/1"}],"replies":[{"embeddable":true,"href":"https:\/\/www.kawneer.ca\/fr\/wp-json\/wp\/v2\/comments?post=13164"}],"version-history":[{"count":5,"href":"https:\/\/www.kawneer.ca\/fr\/wp-json\/wp\/v2\/pages\/13164\/revisions"}],"predecessor-version":[{"id":14224,"href":"https:\/\/www.kawneer.ca\/fr\/wp-json\/wp\/v2\/pages\/13164\/revisions\/14224"}],"wp:attachment":[{"href":"https:\/\/www.kawneer.ca\/fr\/wp-json\/wp\/v2\/media?parent=13164"}],"curies":[{"name":"wp","href":"https:\/\/api.w.org\/{rel}","templated":true}]}}