{"id":13173,"date":"2022-08-03T15:12:21","date_gmt":"2022-08-03T14:12:21","guid":{"rendered":"http:\/\/kawneer.ca\/contact\/"},"modified":"2023-02-08T19:35:08","modified_gmt":"2023-02-08T19:35:08","slug":"nous-joindre","status":"publish","type":"page","link":"https:\/\/www.kawneer.ca\/fr\/nous-joindre\/","title":{"rendered":"Nous Joindre"},"content":{"rendered":"\n<section class=\"page-heading-with-descriptions\">\n    <div class=\"container\">\n        <div class=\"row\">\n            <div class=\" col-12 \">\n                                    <h1 class=\"page-heading-with-descriptions__title\"> Nous Joindre <\/h1>\n                \n\n                                    <div class=\"page-heading-with-descriptions__description\">  <\/div>\n                                                    <div class=\"page-heading-with-descriptions__subtitle\"> <p>Notre \u00e9quipe d\u2019experts peut vous aider \u00e0 r\u00e9aliser des projets novateurs qui cr\u00e9ent un leg positif. Pour des conseils personnalis\u00e9s ou des informations compl\u00e9mentaires sur nos produits et services, remplissez le formulaire de contact.<\/p>\n<p>Ensemble, nous pouvons cr\u00e9er une architecture distinctive qui inspire la prochaine g\u00e9n\u00e9ration.<\/p>\n<p>&nbsp;<\/p>\n<p>Vous trouverez <span style=\"color: #ee3322;\"><a style=\"color: #ee3322;\" href=\"https:\/\/www.kawneer.ca\/fr\/nos-sites\/\" rel=\"noopener\">ici<\/a><\/span> la liste de nos sites en Am\u00e9rique du Nord et la liste des contacts suppl\u00e9mentaires.<\/p>\n <\/div>\n                            <\/div>\n\n            <div class=\" col-12 \">\n                \n\n                \n            <\/div>\n        <\/div>\n    <\/div>\n<\/section><section class=\"contact-form\">\n    <div class=\"container\">\n        <div class=\"row\">\n            <div class=\"col-lg-6\">\n                <div class=\"contact-form-description\">\n                    <p>Un peu de texte ici<\/p>\n                <\/div>\n\n            <\/div>\n            <div class=\"col-lg-6\">\n                <div class=\"contact-form-container\">\n                    \n<div class=\"wpcf7 no-js\" id=\"wpcf7-f13905-o1\" lang=\"fr-CA\" dir=\"ltr\" data-wpcf7-id=\"13905\">\n<div class=\"screen-reader-response\"><p role=\"status\" aria-live=\"polite\" aria-atomic=\"true\"><\/p> <ul><\/ul><\/div>\n<form action=\"\/fr\/wp-json\/wp\/v2\/pages\/13173#wpcf7-f13905-o1\" method=\"post\" class=\"wpcf7-form init\" aria-label=\"Contact form\" novalidate=\"novalidate\" data-status=\"init\">\n<fieldset class=\"hidden-fields-container\"><input type=\"hidden\" name=\"_wpcf7\" value=\"13905\" \/><input type=\"hidden\" name=\"_wpcf7_version\" value=\"6.1.5\" \/><input type=\"hidden\" name=\"_wpcf7_locale\" value=\"fr_CA\" \/><input type=\"hidden\" name=\"_wpcf7_unit_tag\" value=\"wpcf7-f13905-o1\" \/><input type=\"hidden\" name=\"_wpcf7_container_post\" value=\"0\" \/><input type=\"hidden\" name=\"_wpcf7_posted_data_hash\" value=\"\" \/>\n<\/fieldset>\n<label> Type de demande*\n<span class=\"wpcf7-form-control-wrap\" data-name=\"state\"><select class=\"wpcf7-form-control wpcf7-select wpcf7-validates-as-required form-control state-select\" aria-required=\"true\" aria-invalid=\"false\" name=\"state\"><option value=\"\">&#8211;<\/option><option value=\"Customer - Quotation Request\">Customer &#8211; Quotation Request<\/option><option value=\"Customer - Sales Information\">Customer &#8211; Sales Information<\/option><option value=\"Customer - Service Request\">Customer &#8211; Service Request<\/option><option value=\"General Enquiry\">General Enquiry<\/option><option value=\"Vendor\">Vendor<\/option><\/select><\/span>\n<\/label>\n\n\n<label>  Nom*\n    <span class=\"wpcf7-form-control-wrap\" data-name=\"full-name\"><input size=\"40\" maxlength=\"400\" class=\"wpcf7-form-control wpcf7-text wpcf7-validates-as-required\" aria-required=\"true\" aria-invalid=\"false\" value=\"\" type=\"text\" name=\"full-name\" \/><\/span> \n<\/label>\n\n<label>  Courriel*\n    <span class=\"wpcf7-form-control-wrap\" data-name=\"your-email\"><input size=\"40\" maxlength=\"400\" class=\"wpcf7-form-control wpcf7-email wpcf7-validates-as-required wpcf7-text wpcf7-validates-as-email\" aria-required=\"true\" aria-invalid=\"false\" value=\"\" type=\"email\" name=\"your-email\" \/><\/span>\n<\/label>\n\n\n<label>  T\u00e9l\u00e9phone*\n    <div class=\"tel-container\">\n    <span class=\"wpcf7-form-control-wrap\" data-name=\"telephone-number\"><input size=\"40\" maxlength=\"400\" class=\"wpcf7-form-control wpcf7-tel wpcf7-validates-as-required wpcf7-text wpcf7-validates-as-tel\" aria-required=\"true\" aria-invalid=\"false\" value=\"\" type=\"tel\" name=\"telephone-number\" \/><\/span> \n    <\/div>\n<\/label>\n\n\n<label>  Message*\n    <span class=\"wpcf7-form-control-wrap\" data-name=\"message\"><textarea cols=\"40\" rows=\"10\" maxlength=\"2000\" class=\"wpcf7-form-control wpcf7-textarea wpcf7-validates-as-required\" aria-required=\"true\" aria-invalid=\"false\" name=\"message\"><\/textarea><\/span>\n<\/label>\n\n<div class=\"marketing-accept\">\n    <span class=\"wpcf7-form-control-wrap\" data-name=\"marketing-accept\"><span class=\"wpcf7-form-control wpcf7-acceptance\"><span class=\"wpcf7-list-item\"><label><input type=\"checkbox\" name=\"marketing-accept\" value=\"1\" aria-invalid=\"false\" \/><span class=\"wpcf7-list-item-label\">J&rsquo;accepte que mes donn\u00e9es soient sauvegard\u00e9es dans le but de prendre contact*.<\/span><\/label><\/span><\/span><\/span>\n<\/div>\n<div class=\"privacy-accept\">\n    <span class=\"wpcf7-form-control-wrap\" data-name=\"privacy-accept\"><span class=\"wpcf7-form-control wpcf7-acceptance\"><span class=\"wpcf7-list-item\"><label><input type=\"checkbox\" name=\"privacy-accept\" value=\"1\" aria-invalid=\"false\" \/><span class=\"wpcf7-list-item-label\">J&rsquo;ai lu et j&rsquo;accepte la d\u00e9claration de confidentialit\u00e9 des donn\u00e9es*.<\/span><\/label><\/span><\/span><\/span>\n<\/div>\n\n\n<span class=\"wpcf7-form-control-wrap\" data-name=\"send-to\"><input size=\"40\" maxlength=\"400\" class=\"wpcf7-form-control wpcf7-text wpcf7-validates-as-required to-email-hidden-field\" aria-required=\"true\" aria-invalid=\"false\" value=\"\" type=\"text\" name=\"send-to\" \/><\/span>\n\n<div class=\"submit-container\">\n    <input class=\"wpcf7-form-control wpcf7-submit has-spinner\" type=\"submit\" value=\"Submit\" \/>\n<\/div><div class=\"wpcf7-response-output\" aria-hidden=\"true\"><\/div>\n<\/form>\n<\/div>\n                <\/div>\n            <\/div>\n        <\/div>\n    <\/div>\n<\/section><section class=\"block-centred-text-outer\" >\n    <div class=\"container\">\n        <div class=\"row\">\n            <div class=\"col-12 block-centred-text\" data-aos=\"fade-up\">\n                                                <div class=\"body-container \">\n                    <p>Kawneer s\u2019engage \u00e0 fournir la meilleure exp\u00e9rience client.<br \/>\nCliquez sur les sections pertinentes ci-dessous pour en savoir plus.<\/p>\n                <\/div>\n                            <\/div>\n        <\/div>\n    <\/div>\n<\/section><section class=\"link-grid\">\n    <div class=\"container\">\n        <div class=\"row\">\n            <div class=\"col-lg-12\">\n                <div class=\"link-grid-container\">\n                                            <div class=\"link-grid-item link-grid-item__4\">\n                            <div>\n                                <div class=\"link-grid-item__title\">Trouvez le repr\u00e9sentant commercial le plus pr\u00e8s<\/div>\n                                <div class=\"link-grid-item__description\"><p>Utilisez notre localisateur pour trouver le repr\u00e9sentant commercial le plus pr\u00e8s.<\/p>\n<\/div>\n                            <\/div>\n\n                            <div class=\"link-grid-item__link\">\n                                \n                                                                    <a class=\"button button__primary\" href=\"https:\/\/www.kawneer.ca\/fr\/assistance-et-formation\/trouvez-le-representant-commercial-le-plus-pres\/\">Trouvez Votre Repr\u00e9sentant<\/a>\n                                                            <\/div>\n                        <\/div>\n                                            <div class=\"link-grid-item link-grid-item__4\">\n                            <div>\n                                <div class=\"link-grid-item__title\">\u00c9quipe des services architecturaux<\/div>\n                                <div class=\"link-grid-item__description\"><p>Contactez notre \u00e9quipe des services architecturaux d\u00e8s aujourd\u2019hui.<\/p>\n<\/div>\n                            <\/div>\n\n                            <div class=\"link-grid-item__link\">\n                                \n                                                                    <a class=\"button button__primary\" href=\"https:\/\/www.kawneer.ca\/fr\/assistance-et-formation\/equipe-des-services-architecturaux\/\">En Savoir Plus<\/a>\n                                                            <\/div>\n                        <\/div>\n                                            <div class=\"link-grid-item link-grid-item__4\">\n                            <div>\n                                <div class=\"link-grid-item__title\">Centre de formation Kawneer<\/div>\n                                <div class=\"link-grid-item__description\"><p>Formation personnalis\u00e9e pour l\u2019installation pr\u00e9cise de nos syst\u00e8mes et produits.<\/p>\n<\/div>\n                            <\/div>\n\n                            <div class=\"link-grid-item__link\">\n                                \n                                                                    <a class=\"button button__primary\" href=\"https:\/\/www.kawneer.ca\/fr\/assistance-et-formation\/centre-de-formation-kawneer\/\">En Savoir Plus<\/a>\n                                                            <\/div>\n                        <\/div>\n                                            <div class=\"link-grid-item link-grid-item__4\">\n                            <div>\n                                <div class=\"link-grid-item__title\">Formation continue AIA <\/div>\n                                <div class=\"link-grid-item__description\"><p>Rejoignez-nous pour notre s\u00e9rie de webinaires accr\u00e9dit\u00e9s par l\u2019AIA.<\/p>\n<\/div>\n                            <\/div>\n\n                            <div class=\"link-grid-item__link\">\n                                                                    <a class=\"button button__primary\" href=\"https:\/\/kawneer-webinars.com\/\" target=\"_self\">En Savoir Plus<\/a>\n                                \n                                                            <\/div>\n                        <\/div>\n                                    <\/div>\n            <\/div>\n        <\/div>\n    <\/div>\n<\/section>\n<div class=\"wp-block-columns is-layout-flex wp-container-core-columns-is-layout-9d6595d7 wp-block-columns-is-layout-flex\">\n<div class=\"wp-block-column is-layout-flow wp-block-column-is-layout-flow\" style=\"flex-basis:100%\"><\/div>\n<\/div>\n","protected":false},"excerpt":{"rendered":"","protected":false},"author":1,"featured_media":0,"parent":0,"menu_order":0,"comment_status":"closed","ping_status":"closed","template":"","meta":{"_acf_changed":false,"footnotes":""},"class_list":["post-13173","page","type-page","status-publish","hentry"],"acf":[],"yoast_head":"<!-- This site is optimized with the Yoast SEO plugin v27.4 - https:\/\/yoast.com\/product\/yoast-seo-wordpress\/ -->\n<title>Nous Joindre - Kawneer Canada<\/title>\n<meta name=\"robots\" content=\"index, follow, max-snippet:-1, max-image-preview:large, max-video-preview:-1\" \/>\n<link rel=\"canonical\" href=\"https:\/\/www.kawneer.ca\/fr\/nous-joindre\/\" \/>\n<meta property=\"og:locale\" content=\"fr_CA\" \/>\n<meta property=\"og:type\" content=\"article\" \/>\n<meta property=\"og:title\" content=\"Nous Joindre - Kawneer Canada\" \/>\n<meta property=\"og:url\" content=\"https:\/\/www.kawneer.ca\/fr\/nous-joindre\/\" \/>\n<meta property=\"og:site_name\" content=\"Kawneer Canada\" \/>\n<meta property=\"article:modified_time\" content=\"2023-02-08T19:35:08+00:00\" \/>\n<meta name=\"twitter:card\" content=\"summary_large_image\" \/>\n<script type=\"application\/ld+json\" class=\"yoast-schema-graph\">{\"@context\":\"https:\\\/\\\/schema.org\",\"@graph\":[{\"@type\":\"WebPage\",\"@id\":\"https:\\\/\\\/www.kawneer.ca\\\/fr\\\/nous-joindre\\\/\",\"url\":\"https:\\\/\\\/www.kawneer.ca\\\/fr\\\/nous-joindre\\\/\",\"name\":\"Nous Joindre - Kawneer Canada\",\"isPartOf\":{\"@id\":\"https:\\\/\\\/www.kawneer.ca\\\/fr\\\/#website\"},\"datePublished\":\"2022-08-03T14:12:21+00:00\",\"dateModified\":\"2023-02-08T19:35:08+00:00\",\"breadcrumb\":{\"@id\":\"https:\\\/\\\/www.kawneer.ca\\\/fr\\\/nous-joindre\\\/#breadcrumb\"},\"inLanguage\":\"fr-CA\",\"potentialAction\":[{\"@type\":\"ReadAction\",\"target\":[\"https:\\\/\\\/www.kawneer.ca\\\/fr\\\/nous-joindre\\\/\"]}]},{\"@type\":\"BreadcrumbList\",\"@id\":\"https:\\\/\\\/www.kawneer.ca\\\/fr\\\/nous-joindre\\\/#breadcrumb\",\"itemListElement\":[{\"@type\":\"ListItem\",\"position\":1,\"name\":\"Home\",\"item\":\"https:\\\/\\\/www.kawneer.ca\\\/fr\\\/\"},{\"@type\":\"ListItem\",\"position\":2,\"name\":\"Nous Joindre\"}]},{\"@type\":\"WebSite\",\"@id\":\"https:\\\/\\\/www.kawneer.ca\\\/fr\\\/#website\",\"url\":\"https:\\\/\\\/www.kawneer.ca\\\/fr\\\/\",\"name\":\"Kawneer Canada\",\"description\":\"\",\"publisher\":{\"@id\":\"https:\\\/\\\/www.kawneer.ca\\\/fr\\\/#organization\"},\"potentialAction\":[{\"@type\":\"SearchAction\",\"target\":{\"@type\":\"EntryPoint\",\"urlTemplate\":\"https:\\\/\\\/www.kawneer.ca\\\/fr\\\/?s={search_term_string}\"},\"query-input\":{\"@type\":\"PropertyValueSpecification\",\"valueRequired\":true,\"valueName\":\"search_term_string\"}}],\"inLanguage\":\"fr-CA\"},{\"@type\":\"Organization\",\"@id\":\"https:\\\/\\\/www.kawneer.ca\\\/fr\\\/#organization\",\"name\":\"Kawneer\",\"url\":\"https:\\\/\\\/www.kawneer.ca\\\/fr\\\/\",\"logo\":{\"@type\":\"ImageObject\",\"inLanguage\":\"fr-CA\",\"@id\":\"https:\\\/\\\/www.kawneer.ca\\\/fr\\\/#\\\/schema\\\/logo\\\/image\\\/\",\"url\":\"https:\\\/\\\/www.kawneer.ca\\\/wp-content\\\/uploads\\\/2022\\\/08\\\/Kawneer-logo.png\",\"contentUrl\":\"https:\\\/\\\/www.kawneer.ca\\\/wp-content\\\/uploads\\\/2022\\\/08\\\/Kawneer-logo.png\",\"width\":405,\"height\":75,\"caption\":\"Kawneer\"},\"image\":{\"@id\":\"https:\\\/\\\/www.kawneer.ca\\\/fr\\\/#\\\/schema\\\/logo\\\/image\\\/\"}}]}<\/script>\n<!-- \/ Yoast SEO plugin. -->","yoast_head_json":{"title":"Nous Joindre - Kawneer Canada","robots":{"index":"index","follow":"follow","max-snippet":"max-snippet:-1","max-image-preview":"max-image-preview:large","max-video-preview":"max-video-preview:-1"},"canonical":"https:\/\/www.kawneer.ca\/fr\/nous-joindre\/","og_locale":"fr_CA","og_type":"article","og_title":"Nous Joindre - Kawneer Canada","og_url":"https:\/\/www.kawneer.ca\/fr\/nous-joindre\/","og_site_name":"Kawneer Canada","article_modified_time":"2023-02-08T19:35:08+00:00","twitter_card":"summary_large_image","schema":{"@context":"https:\/\/schema.org","@graph":[{"@type":"WebPage","@id":"https:\/\/www.kawneer.ca\/fr\/nous-joindre\/","url":"https:\/\/www.kawneer.ca\/fr\/nous-joindre\/","name":"Nous Joindre - Kawneer Canada","isPartOf":{"@id":"https:\/\/www.kawneer.ca\/fr\/#website"},"datePublished":"2022-08-03T14:12:21+00:00","dateModified":"2023-02-08T19:35:08+00:00","breadcrumb":{"@id":"https:\/\/www.kawneer.ca\/fr\/nous-joindre\/#breadcrumb"},"inLanguage":"fr-CA","potentialAction":[{"@type":"ReadAction","target":["https:\/\/www.kawneer.ca\/fr\/nous-joindre\/"]}]},{"@type":"BreadcrumbList","@id":"https:\/\/www.kawneer.ca\/fr\/nous-joindre\/#breadcrumb","itemListElement":[{"@type":"ListItem","position":1,"name":"Home","item":"https:\/\/www.kawneer.ca\/fr\/"},{"@type":"ListItem","position":2,"name":"Nous Joindre"}]},{"@type":"WebSite","@id":"https:\/\/www.kawneer.ca\/fr\/#website","url":"https:\/\/www.kawneer.ca\/fr\/","name":"Kawneer Canada","description":"","publisher":{"@id":"https:\/\/www.kawneer.ca\/fr\/#organization"},"potentialAction":[{"@type":"SearchAction","target":{"@type":"EntryPoint","urlTemplate":"https:\/\/www.kawneer.ca\/fr\/?s={search_term_string}"},"query-input":{"@type":"PropertyValueSpecification","valueRequired":true,"valueName":"search_term_string"}}],"inLanguage":"fr-CA"},{"@type":"Organization","@id":"https:\/\/www.kawneer.ca\/fr\/#organization","name":"Kawneer","url":"https:\/\/www.kawneer.ca\/fr\/","logo":{"@type":"ImageObject","inLanguage":"fr-CA","@id":"https:\/\/www.kawneer.ca\/fr\/#\/schema\/logo\/image\/","url":"https:\/\/www.kawneer.ca\/wp-content\/uploads\/2022\/08\/Kawneer-logo.png","contentUrl":"https:\/\/www.kawneer.ca\/wp-content\/uploads\/2022\/08\/Kawneer-logo.png","width":405,"height":75,"caption":"Kawneer"},"image":{"@id":"https:\/\/www.kawneer.ca\/fr\/#\/schema\/logo\/image\/"}}]}},"_links":{"self":[{"href":"https:\/\/www.kawneer.ca\/fr\/wp-json\/wp\/v2\/pages\/13173","targetHints":{"allow":["GET"]}}],"collection":[{"href":"https:\/\/www.kawneer.ca\/fr\/wp-json\/wp\/v2\/pages"}],"about":[{"href":"https:\/\/www.kawneer.ca\/fr\/wp-json\/wp\/v2\/types\/page"}],"author":[{"embeddable":true,"href":"https:\/\/www.kawneer.ca\/fr\/wp-json\/wp\/v2\/users\/1"}],"replies":[{"embeddable":true,"href":"https:\/\/www.kawneer.ca\/fr\/wp-json\/wp\/v2\/comments?post=13173"}],"version-history":[{"count":15,"href":"https:\/\/www.kawneer.ca\/fr\/wp-json\/wp\/v2\/pages\/13173\/revisions"}],"predecessor-version":[{"id":14317,"href":"https:\/\/www.kawneer.ca\/fr\/wp-json\/wp\/v2\/pages\/13173\/revisions\/14317"}],"wp:attachment":[{"href":"https:\/\/www.kawneer.ca\/fr\/wp-json\/wp\/v2\/media?parent=13173"}],"curies":[{"name":"wp","href":"https:\/\/api.w.org\/{rel}","templated":true}]}}