{"id":13175,"date":"2022-08-03T15:12:11","date_gmt":"2022-08-03T14:12:11","guid":{"rendered":"http:\/\/kawneer.ca\/assistance-et-formation\/"},"modified":"2024-09-23T17:33:00","modified_gmt":"2024-09-23T16:33:00","slug":"assistance-et-formation","status":"publish","type":"page","link":"https:\/\/www.kawneer.ca\/fr\/assistance-et-formation\/","title":{"rendered":"Assistance et formation"},"content":{"rendered":"<section>\n    <div id=\"block-large-image-slider-block_a10fea7cdc23b79c608a36c1ebe10e7d\" class=\"block-large-image-slider  swiper swiper-large-image-banner \" data-slidetime=\"1\" data-loop=\"false\">\n        <div class=\"swiper-wrapper\">\n                            <div class=\"block-large-image-slider__slide swiper-slide pos-rela\">\n\n                                            <picture>\n                            <img decoding=\"async\"\n                                src=\"https:\/\/www.kawneer.ca\/wp-content\/uploads\/2022\/08\/shutterstock_1896358945.jpg\"\n                                alt=\"\"\n                                srcset=\"https:\/\/www.kawneer.ca\/wp-content\/uploads\/2022\/08\/shutterstock_1896358945.jpg 1000w, https:\/\/www.kawneer.ca\/wp-content\/uploads\/2022\/08\/shutterstock_1896358945-300x200.jpg 300w, https:\/\/www.kawneer.ca\/wp-content\/uploads\/2022\/08\/shutterstock_1896358945-768x512.jpg 768w\"\n                                sizes=\"(max-width: 1000px) 100vw, 1000px\" \/>\n                        <\/picture>\n                                            \n                    <div class=\"vignette\"><\/div>\n                    <div class=\"container\">\n                        <div class=\"content\">\n                            <p class=\"txt-label\"><\/p>\n                                                            <h1 class=\"title\">Support <br> et formation<\/h1>\n                                                                                        <div class=\"body\"><p>Gr\u00e2ce \u00e0 l&rsquo;assistance et \u00e0 la formation, nous vous aidons \u00e0 repousser les limites de la conception architecturale. Avez-vous besoin d\u2019aide pour trouver le produit dont vous avez besoin? Peut-\u00eatre avez-vous besoin de conseils pour un projet? Localisez le repr\u00e9sentant le plus proche de chez vous ou contactez notre \u00e9quipe de services architecturaux. \u00cates-vous \u00e0 la recherche d\u2019occasions d\u2019apprentissage et de perfectionnement? Visitez le centre de formation Kawneer ou acc\u00e9dez \u00e0 notre s\u00e9rie de webinaires accr\u00e9dit\u00e9s par l\u2019AIA.<\/p>\n<\/div>\n                                                                                                            <\/div>\n                    <\/div>\n                <\/div>\n                    <\/div>\n        <div class=\"container swiper-pagination swiper-pagination-banner\"><\/div>\n    <\/div>\n<\/section><section class=\"block-centred-text-outer\" >\n    <div class=\"container\">\n        <div class=\"row\">\n            <div class=\"col-12 block-centred-text\" data-aos=\"fade-up\">\n                                                <div class=\"body-container \">\n                    <p>Kawneer s\u2019engage \u00e0 fournir la meilleure exp\u00e9rience client. Cliquez sur les sections pertinentes ci-dessous pour en savoir plus.<\/p>\n                <\/div>\n                            <\/div>\n        <\/div>\n    <\/div>\n<\/section><section class=\"link-grid\">\n    <div class=\"container\">\n        <div class=\"row\">\n            <div class=\"col-lg-12\">\n                <div class=\"link-grid-container\">\n                                            <div class=\"link-grid-item link-grid-item__2\">\n                            <div>\n                                <div class=\"link-grid-item__title\">Construire la connaissance<\/div>\n                                <div class=\"link-grid-item__description\"><p>Building Knowledge fournit des ressources pr\u00e9cieuses et permet \u00e0 la prochaine vague de visionnaires de laisser leur empreinte sur leur environnement, contribuant ainsi \u00e0 cr\u00e9er des h\u00e9ritages pour les g\u00e9n\u00e9rations \u00e0 venir.<\/p>\n<\/div>\n                            <\/div>\n\n                            <div class=\"link-grid-item__link\">\n                                \n                                                                    <a class=\"button button__primary\" href=\"https:\/\/www.kawneer.ca\/fr\/assistance-et-formation\/connaissances-en-matiere-de-construction\/\">D\u00c9COUVRIR<\/a>\n                                                            <\/div>\n                        <\/div>\n                                            <div class=\"link-grid-item link-grid-item__2\">\n                            <div>\n                                <div class=\"link-grid-item__title\">Trouvez le repr\u00e9sentant commercial le plus pr\u00e8s<\/div>\n                                <div class=\"link-grid-item__description\"><p>Utilisez notre localisateur pour trouver le repr\u00e9sentant commercial le plus pr\u00e8s.<\/p>\n<\/div>\n                            <\/div>\n\n                            <div class=\"link-grid-item__link\">\n                                \n                                                                    <a class=\"button button__primary\" href=\"https:\/\/www.kawneer.ca\/fr\/assistance-et-formation\/trouvez-le-representant-commercial-le-plus-pres\/\">Trouvez Votre Repr\u00e9sentant<\/a>\n                                                            <\/div>\n                        <\/div>\n                                    <\/div>\n            <\/div>\n        <\/div>\n    <\/div>\n<\/section><section class=\"link-grid\">\n    <div class=\"container\">\n        <div class=\"row\">\n            <div class=\"col-lg-12\">\n                <div class=\"link-grid-container\">\n                                            <div class=\"link-grid-item link-grid-item__3\">\n                            <div>\n                                <div class=\"link-grid-item__title\">\u00c9quipe des services architecturaux<\/div>\n                                <div class=\"link-grid-item__description\"><p><span data-teams=\"true\"><span class=\"ui-provider a b c d e f g h i j k l m n o p q r s t u v w x y z ab ac ae af ag ah ai aj ak\" dir=\"ltr\">Contactez notre \u00e9quipe des services architecturaux d\u00e8s aujourd\u2019hui.<\/span><\/span><\/p>\n<\/div>\n                            <\/div>\n\n                            <div class=\"link-grid-item__link\">\n                                \n                                                                    <a class=\"button button__primary\" href=\"https:\/\/www.kawneer.ca\/fr\/assistance-et-formation\/equipe-des-services-architecturaux\/\">En savoir plus<\/a>\n                                                            <\/div>\n                        <\/div>\n                                            <div class=\"link-grid-item link-grid-item__3\">\n                            <div>\n                                <div class=\"link-grid-item__title\">Centre de formation Kawneer<\/div>\n                                <div class=\"link-grid-item__description\"><p><span data-teams=\"true\"><span class=\"ui-provider a b c d e f g h i j k l m n o p q r s t u v w x y z ab ac ae af ag ah ai aj ak\" dir=\"ltr\">Customized training for the precise installation of our systems and products.<\/span><\/span><\/p>\n<\/div>\n                            <\/div>\n\n                            <div class=\"link-grid-item__link\">\n                                \n                                                                    <a class=\"button button__primary\" href=\"https:\/\/www.kawneer.ca\/fr\/assistance-et-formation\/centre-de-formation-kawneer\/\">En savoir plus<\/a>\n                                                            <\/div>\n                        <\/div>\n                                            <div class=\"link-grid-item link-grid-item__3\">\n                            <div>\n                                <div class=\"link-grid-item__title\">\u00c9quipe des services ext\u00e9rieurs<\/div>\n                                <div class=\"link-grid-item__description\"><p><span data-teams=\"true\"><span class=\"ui-provider a b c d e f g h i j k l m n o p q r s t u v w x y z ab ac ae af ag ah ai aj ak\" dir=\"ltr\">Fournir une assistance technique sur site pour l&rsquo;assemblage et l&rsquo;installation avec une connaissance experte des produits Kawneer et une attention particuli\u00e8re aux d\u00e9tails.<br \/>\nContactez votre repr\u00e9sentant local pour en savoir plus. <\/span><\/span><\/p>\n<\/div>\n                            <\/div>\n\n                            <div class=\"link-grid-item__link\">\n                                \n                                                                    <a class=\"button button__primary\" href=\"https:\/\/www.kawneer.ca\/fr\/assistance-et-formation\/trouvez-le-representant-commercial-le-plus-pres\/\">Trouvez votre repr\u00e9sentant<\/a>\n                                                            <\/div>\n                        <\/div>\n                                    <\/div>\n            <\/div>\n        <\/div>\n    <\/div>\n<\/section>","protected":false},"excerpt":{"rendered":"","protected":false},"author":1,"featured_media":0,"parent":0,"menu_order":0,"comment_status":"closed","ping_status":"closed","template":"","meta":{"_acf_changed":false,"footnotes":""},"class_list":["post-13175","page","type-page","status-publish","hentry"],"acf":[],"yoast_head":"<!-- This site is optimized with the Yoast SEO plugin v27.4 - https:\/\/yoast.com\/product\/yoast-seo-wordpress\/ -->\n<title>Assistance et formation - Kawneer Canada<\/title>\n<meta name=\"robots\" content=\"index, follow, max-snippet:-1, max-image-preview:large, max-video-preview:-1\" \/>\n<link rel=\"canonical\" href=\"https:\/\/www.kawneer.ca\/fr\/assistance-et-formation\/\" \/>\n<meta property=\"og:locale\" content=\"fr_CA\" \/>\n<meta property=\"og:type\" content=\"article\" \/>\n<meta property=\"og:title\" content=\"Assistance et formation - Kawneer Canada\" \/>\n<meta property=\"og:url\" content=\"https:\/\/www.kawneer.ca\/fr\/assistance-et-formation\/\" \/>\n<meta property=\"og:site_name\" content=\"Kawneer Canada\" \/>\n<meta property=\"article:modified_time\" content=\"2024-09-23T16:33:00+00:00\" \/>\n<meta name=\"twitter:card\" content=\"summary_large_image\" \/>\n<script type=\"application\/ld+json\" class=\"yoast-schema-graph\">{\"@context\":\"https:\\\/\\\/schema.org\",\"@graph\":[{\"@type\":\"WebPage\",\"@id\":\"https:\\\/\\\/www.kawneer.ca\\\/fr\\\/assistance-et-formation\\\/\",\"url\":\"https:\\\/\\\/www.kawneer.ca\\\/fr\\\/assistance-et-formation\\\/\",\"name\":\"Assistance et formation - Kawneer Canada\",\"isPartOf\":{\"@id\":\"https:\\\/\\\/www.kawneer.ca\\\/fr\\\/#website\"},\"datePublished\":\"2022-08-03T14:12:11+00:00\",\"dateModified\":\"2024-09-23T16:33:00+00:00\",\"breadcrumb\":{\"@id\":\"https:\\\/\\\/www.kawneer.ca\\\/fr\\\/assistance-et-formation\\\/#breadcrumb\"},\"inLanguage\":\"fr-CA\",\"potentialAction\":[{\"@type\":\"ReadAction\",\"target\":[\"https:\\\/\\\/www.kawneer.ca\\\/fr\\\/assistance-et-formation\\\/\"]}]},{\"@type\":\"BreadcrumbList\",\"@id\":\"https:\\\/\\\/www.kawneer.ca\\\/fr\\\/assistance-et-formation\\\/#breadcrumb\",\"itemListElement\":[{\"@type\":\"ListItem\",\"position\":1,\"name\":\"Home\",\"item\":\"https:\\\/\\\/www.kawneer.ca\\\/fr\\\/\"},{\"@type\":\"ListItem\",\"position\":2,\"name\":\"Assistance et formation\"}]},{\"@type\":\"WebSite\",\"@id\":\"https:\\\/\\\/www.kawneer.ca\\\/fr\\\/#website\",\"url\":\"https:\\\/\\\/www.kawneer.ca\\\/fr\\\/\",\"name\":\"Kawneer Canada\",\"description\":\"\",\"publisher\":{\"@id\":\"https:\\\/\\\/www.kawneer.ca\\\/fr\\\/#organization\"},\"potentialAction\":[{\"@type\":\"SearchAction\",\"target\":{\"@type\":\"EntryPoint\",\"urlTemplate\":\"https:\\\/\\\/www.kawneer.ca\\\/fr\\\/?s={search_term_string}\"},\"query-input\":{\"@type\":\"PropertyValueSpecification\",\"valueRequired\":true,\"valueName\":\"search_term_string\"}}],\"inLanguage\":\"fr-CA\"},{\"@type\":\"Organization\",\"@id\":\"https:\\\/\\\/www.kawneer.ca\\\/fr\\\/#organization\",\"name\":\"Kawneer\",\"url\":\"https:\\\/\\\/www.kawneer.ca\\\/fr\\\/\",\"logo\":{\"@type\":\"ImageObject\",\"inLanguage\":\"fr-CA\",\"@id\":\"https:\\\/\\\/www.kawneer.ca\\\/fr\\\/#\\\/schema\\\/logo\\\/image\\\/\",\"url\":\"https:\\\/\\\/www.kawneer.ca\\\/wp-content\\\/uploads\\\/2022\\\/08\\\/Kawneer-logo.png\",\"contentUrl\":\"https:\\\/\\\/www.kawneer.ca\\\/wp-content\\\/uploads\\\/2022\\\/08\\\/Kawneer-logo.png\",\"width\":405,\"height\":75,\"caption\":\"Kawneer\"},\"image\":{\"@id\":\"https:\\\/\\\/www.kawneer.ca\\\/fr\\\/#\\\/schema\\\/logo\\\/image\\\/\"}}]}<\/script>\n<!-- \/ Yoast SEO plugin. -->","yoast_head_json":{"title":"Assistance et formation - Kawneer Canada","robots":{"index":"index","follow":"follow","max-snippet":"max-snippet:-1","max-image-preview":"max-image-preview:large","max-video-preview":"max-video-preview:-1"},"canonical":"https:\/\/www.kawneer.ca\/fr\/assistance-et-formation\/","og_locale":"fr_CA","og_type":"article","og_title":"Assistance et formation - Kawneer Canada","og_url":"https:\/\/www.kawneer.ca\/fr\/assistance-et-formation\/","og_site_name":"Kawneer Canada","article_modified_time":"2024-09-23T16:33:00+00:00","twitter_card":"summary_large_image","schema":{"@context":"https:\/\/schema.org","@graph":[{"@type":"WebPage","@id":"https:\/\/www.kawneer.ca\/fr\/assistance-et-formation\/","url":"https:\/\/www.kawneer.ca\/fr\/assistance-et-formation\/","name":"Assistance et formation - Kawneer Canada","isPartOf":{"@id":"https:\/\/www.kawneer.ca\/fr\/#website"},"datePublished":"2022-08-03T14:12:11+00:00","dateModified":"2024-09-23T16:33:00+00:00","breadcrumb":{"@id":"https:\/\/www.kawneer.ca\/fr\/assistance-et-formation\/#breadcrumb"},"inLanguage":"fr-CA","potentialAction":[{"@type":"ReadAction","target":["https:\/\/www.kawneer.ca\/fr\/assistance-et-formation\/"]}]},{"@type":"BreadcrumbList","@id":"https:\/\/www.kawneer.ca\/fr\/assistance-et-formation\/#breadcrumb","itemListElement":[{"@type":"ListItem","position":1,"name":"Home","item":"https:\/\/www.kawneer.ca\/fr\/"},{"@type":"ListItem","position":2,"name":"Assistance et formation"}]},{"@type":"WebSite","@id":"https:\/\/www.kawneer.ca\/fr\/#website","url":"https:\/\/www.kawneer.ca\/fr\/","name":"Kawneer Canada","description":"","publisher":{"@id":"https:\/\/www.kawneer.ca\/fr\/#organization"},"potentialAction":[{"@type":"SearchAction","target":{"@type":"EntryPoint","urlTemplate":"https:\/\/www.kawneer.ca\/fr\/?s={search_term_string}"},"query-input":{"@type":"PropertyValueSpecification","valueRequired":true,"valueName":"search_term_string"}}],"inLanguage":"fr-CA"},{"@type":"Organization","@id":"https:\/\/www.kawneer.ca\/fr\/#organization","name":"Kawneer","url":"https:\/\/www.kawneer.ca\/fr\/","logo":{"@type":"ImageObject","inLanguage":"fr-CA","@id":"https:\/\/www.kawneer.ca\/fr\/#\/schema\/logo\/image\/","url":"https:\/\/www.kawneer.ca\/wp-content\/uploads\/2022\/08\/Kawneer-logo.png","contentUrl":"https:\/\/www.kawneer.ca\/wp-content\/uploads\/2022\/08\/Kawneer-logo.png","width":405,"height":75,"caption":"Kawneer"},"image":{"@id":"https:\/\/www.kawneer.ca\/fr\/#\/schema\/logo\/image\/"}}]}},"_links":{"self":[{"href":"https:\/\/www.kawneer.ca\/fr\/wp-json\/wp\/v2\/pages\/13175","targetHints":{"allow":["GET"]}}],"collection":[{"href":"https:\/\/www.kawneer.ca\/fr\/wp-json\/wp\/v2\/pages"}],"about":[{"href":"https:\/\/www.kawneer.ca\/fr\/wp-json\/wp\/v2\/types\/page"}],"author":[{"embeddable":true,"href":"https:\/\/www.kawneer.ca\/fr\/wp-json\/wp\/v2\/users\/1"}],"replies":[{"embeddable":true,"href":"https:\/\/www.kawneer.ca\/fr\/wp-json\/wp\/v2\/comments?post=13175"}],"version-history":[{"count":8,"href":"https:\/\/www.kawneer.ca\/fr\/wp-json\/wp\/v2\/pages\/13175\/revisions"}],"predecessor-version":[{"id":16130,"href":"https:\/\/www.kawneer.ca\/fr\/wp-json\/wp\/v2\/pages\/13175\/revisions\/16130"}],"wp:attachment":[{"href":"https:\/\/www.kawneer.ca\/fr\/wp-json\/wp\/v2\/media?parent=13175"}],"curies":[{"name":"wp","href":"https:\/\/api.w.org\/{rel}","templated":true}]}}