{"id":13177,"date":"2022-08-03T15:12:01","date_gmt":"2022-08-03T14:12:01","guid":{"rendered":"http:\/\/kawneer.ca\/tools\/"},"modified":"2025-06-18T12:31:07","modified_gmt":"2025-06-18T11:31:07","slug":"outils","status":"publish","type":"page","link":"https:\/\/www.kawneer.ca\/fr\/outils\/","title":{"rendered":"Outils"},"content":{"rendered":"<section>\n    <div id=\"block-large-image-slider-block_76a98153658bceff27ccdbcf2b7d4367\" class=\"block-large-image-slider  swiper swiper-large-image-banner \" data-slidetime=\"3\" data-loop=\"false\">\n        <div class=\"swiper-wrapper\">\n                            <div class=\"block-large-image-slider__slide swiper-slide pos-rela\">\n\n                                            <picture>\n                            <img decoding=\"async\"\n                                src=\"https:\/\/www.kawneer.ca\/wp-content\/uploads\/2022\/08\/Tools-Banner.jpg\"\n                                alt=\"\"\n                                srcset=\"https:\/\/www.kawneer.ca\/wp-content\/uploads\/2022\/08\/Tools-Banner.jpg 1920w, https:\/\/www.kawneer.ca\/wp-content\/uploads\/2022\/08\/Tools-Banner-300x203.jpg 300w, https:\/\/www.kawneer.ca\/wp-content\/uploads\/2022\/08\/Tools-Banner-1024x694.jpg 1024w, https:\/\/www.kawneer.ca\/wp-content\/uploads\/2022\/08\/Tools-Banner-768x521.jpg 768w, https:\/\/www.kawneer.ca\/wp-content\/uploads\/2022\/08\/Tools-Banner-1536x1042.jpg 1536w\"\n                                sizes=\"(max-width: 1920px) 100vw, 1920px\" \/>\n                        <\/picture>\n                                            \n                    <div class=\"vignette\"><\/div>\n                    <div class=\"container\">\n                        <div class=\"content\">\n                            <p class=\"txt-label\"><\/p>\n                                                            <h1 class=\"title\">Outils<\/h1>\n                                                                                        <div class=\"body\"><p>En tant que pionnier de la conception de fa\u00e7ades, Kawneer se consacre sans rel\u00e2che \u00e0 l\u2019innovation et a livr\u00e9 jusqu\u2019\u00e0 maintenant des centaines de produits r\u00e9volutionnaires. S\u00e9lectionnez des combinaisons de produits efficaces avec des outils tels que notre estimateur de protection solaire Solector\u00ae et notre calculatrice thermique.<\/p>\n<\/div>\n                                                                                                            <\/div>\n                    <\/div>\n                <\/div>\n                    <\/div>\n        <div class=\"container swiper-pagination swiper-pagination-banner\"><\/div>\n    <\/div>\n<\/section>\n\n<section class=\"link-grid\">\n    <div class=\"container\">\n        <div class=\"row\">\n            <div class=\"col-lg-12\">\n                <div class=\"link-grid-container\">\n                                            <div class=\"link-grid-item link-grid-item__2\">\n                            <div>\n                                <div class=\"link-grid-item__title\">Estimateur De Protection Solaire Solector\u00ae<\/div>\n                                <div class=\"link-grid-item__description\"><p>Comparez les performances thermiques de nos syst\u00e8mes de vitrage et de cadre pour voir les avantages de nos dispositifs de protection solaire.<\/p>\n<\/div>\n                            <\/div>\n\n                            <div class=\"link-grid-item__link\">\n                                \n                                                                    <a class=\"button button__primary\" href=\"https:\/\/www.kawneer.ca\/fr\/outils\/estimateur-de-protection-solaire-solector\/\">En Savoir Plus<\/a>\n                                                            <\/div>\n                        <\/div>\n                                            <div class=\"link-grid-item link-grid-item__2\">\n                            <div>\n                                <div class=\"link-grid-item__title\">Calculatrice Thermique<\/div>\n                                <div class=\"link-grid-item__description\"><p>Simplifiez le processus de calcul des performances thermiques de divers syst\u00e8mes en fonction des dimensions de votre projet.<\/p>\n<\/div>\n                            <\/div>\n\n                            <div class=\"link-grid-item__link\">\n                                \n                                                                    <a class=\"button button__primary\" href=\"https:\/\/www.kawneer.ca\/fr\/outils\/calculatrice-thermique\/\">En Savoir Plus<\/a>\n                                                            <\/div>\n                        <\/div>\n                                    <\/div>\n            <\/div>\n        <\/div>\n    <\/div>\n<\/section>","protected":false},"excerpt":{"rendered":"","protected":false},"author":1,"featured_media":0,"parent":0,"menu_order":0,"comment_status":"closed","ping_status":"closed","template":"","meta":{"_acf_changed":false,"footnotes":""},"class_list":["post-13177","page","type-page","status-publish","hentry"],"acf":[],"yoast_head":"<!-- This site is optimized with the Yoast SEO plugin v27.3 - https:\/\/yoast.com\/product\/yoast-seo-wordpress\/ -->\n<title>Outils - Kawneer Canada<\/title>\n<meta name=\"robots\" content=\"index, follow, max-snippet:-1, max-image-preview:large, max-video-preview:-1\" \/>\n<link rel=\"canonical\" href=\"https:\/\/www.kawneer.ca\/fr\/outils\/\" \/>\n<meta property=\"og:locale\" content=\"fr_CA\" \/>\n<meta property=\"og:type\" content=\"article\" \/>\n<meta property=\"og:title\" content=\"Outils - Kawneer Canada\" \/>\n<meta property=\"og:url\" content=\"https:\/\/www.kawneer.ca\/fr\/outils\/\" \/>\n<meta property=\"og:site_name\" content=\"Kawneer Canada\" \/>\n<meta property=\"article:modified_time\" content=\"2025-06-18T11:31:07+00:00\" \/>\n<meta name=\"twitter:card\" content=\"summary_large_image\" \/>\n<meta name=\"twitter:label1\" content=\"Estimation du temps de lecture\" \/>\n\t<meta name=\"twitter:data1\" content=\"1 minute\" \/>\n<script type=\"application\/ld+json\" class=\"yoast-schema-graph\">{\"@context\":\"https:\\\/\\\/schema.org\",\"@graph\":[{\"@type\":\"WebPage\",\"@id\":\"https:\\\/\\\/www.kawneer.ca\\\/fr\\\/outils\\\/\",\"url\":\"https:\\\/\\\/www.kawneer.ca\\\/fr\\\/outils\\\/\",\"name\":\"Outils - Kawneer Canada\",\"isPartOf\":{\"@id\":\"https:\\\/\\\/www.kawneer.ca\\\/fr\\\/#website\"},\"datePublished\":\"2022-08-03T14:12:01+00:00\",\"dateModified\":\"2025-06-18T11:31:07+00:00\",\"breadcrumb\":{\"@id\":\"https:\\\/\\\/www.kawneer.ca\\\/fr\\\/outils\\\/#breadcrumb\"},\"inLanguage\":\"fr-CA\",\"potentialAction\":[{\"@type\":\"ReadAction\",\"target\":[\"https:\\\/\\\/www.kawneer.ca\\\/fr\\\/outils\\\/\"]}]},{\"@type\":\"BreadcrumbList\",\"@id\":\"https:\\\/\\\/www.kawneer.ca\\\/fr\\\/outils\\\/#breadcrumb\",\"itemListElement\":[{\"@type\":\"ListItem\",\"position\":1,\"name\":\"Home\",\"item\":\"https:\\\/\\\/www.kawneer.ca\\\/fr\\\/\"},{\"@type\":\"ListItem\",\"position\":2,\"name\":\"Outils\"}]},{\"@type\":\"WebSite\",\"@id\":\"https:\\\/\\\/www.kawneer.ca\\\/fr\\\/#website\",\"url\":\"https:\\\/\\\/www.kawneer.ca\\\/fr\\\/\",\"name\":\"Kawneer Canada\",\"description\":\"\",\"publisher\":{\"@id\":\"https:\\\/\\\/www.kawneer.ca\\\/fr\\\/#organization\"},\"potentialAction\":[{\"@type\":\"SearchAction\",\"target\":{\"@type\":\"EntryPoint\",\"urlTemplate\":\"https:\\\/\\\/www.kawneer.ca\\\/fr\\\/?s={search_term_string}\"},\"query-input\":{\"@type\":\"PropertyValueSpecification\",\"valueRequired\":true,\"valueName\":\"search_term_string\"}}],\"inLanguage\":\"fr-CA\"},{\"@type\":\"Organization\",\"@id\":\"https:\\\/\\\/www.kawneer.ca\\\/fr\\\/#organization\",\"name\":\"Kawneer\",\"url\":\"https:\\\/\\\/www.kawneer.ca\\\/fr\\\/\",\"logo\":{\"@type\":\"ImageObject\",\"inLanguage\":\"fr-CA\",\"@id\":\"https:\\\/\\\/www.kawneer.ca\\\/fr\\\/#\\\/schema\\\/logo\\\/image\\\/\",\"url\":\"https:\\\/\\\/www.kawneer.ca\\\/wp-content\\\/uploads\\\/2022\\\/08\\\/Kawneer-logo.png\",\"contentUrl\":\"https:\\\/\\\/www.kawneer.ca\\\/wp-content\\\/uploads\\\/2022\\\/08\\\/Kawneer-logo.png\",\"width\":405,\"height\":75,\"caption\":\"Kawneer\"},\"image\":{\"@id\":\"https:\\\/\\\/www.kawneer.ca\\\/fr\\\/#\\\/schema\\\/logo\\\/image\\\/\"}}]}<\/script>\n<!-- \/ Yoast SEO plugin. -->","yoast_head_json":{"title":"Outils - Kawneer Canada","robots":{"index":"index","follow":"follow","max-snippet":"max-snippet:-1","max-image-preview":"max-image-preview:large","max-video-preview":"max-video-preview:-1"},"canonical":"https:\/\/www.kawneer.ca\/fr\/outils\/","og_locale":"fr_CA","og_type":"article","og_title":"Outils - Kawneer Canada","og_url":"https:\/\/www.kawneer.ca\/fr\/outils\/","og_site_name":"Kawneer Canada","article_modified_time":"2025-06-18T11:31:07+00:00","twitter_card":"summary_large_image","twitter_misc":{"Estimation du temps de lecture":"1 minute"},"schema":{"@context":"https:\/\/schema.org","@graph":[{"@type":"WebPage","@id":"https:\/\/www.kawneer.ca\/fr\/outils\/","url":"https:\/\/www.kawneer.ca\/fr\/outils\/","name":"Outils - Kawneer Canada","isPartOf":{"@id":"https:\/\/www.kawneer.ca\/fr\/#website"},"datePublished":"2022-08-03T14:12:01+00:00","dateModified":"2025-06-18T11:31:07+00:00","breadcrumb":{"@id":"https:\/\/www.kawneer.ca\/fr\/outils\/#breadcrumb"},"inLanguage":"fr-CA","potentialAction":[{"@type":"ReadAction","target":["https:\/\/www.kawneer.ca\/fr\/outils\/"]}]},{"@type":"BreadcrumbList","@id":"https:\/\/www.kawneer.ca\/fr\/outils\/#breadcrumb","itemListElement":[{"@type":"ListItem","position":1,"name":"Home","item":"https:\/\/www.kawneer.ca\/fr\/"},{"@type":"ListItem","position":2,"name":"Outils"}]},{"@type":"WebSite","@id":"https:\/\/www.kawneer.ca\/fr\/#website","url":"https:\/\/www.kawneer.ca\/fr\/","name":"Kawneer Canada","description":"","publisher":{"@id":"https:\/\/www.kawneer.ca\/fr\/#organization"},"potentialAction":[{"@type":"SearchAction","target":{"@type":"EntryPoint","urlTemplate":"https:\/\/www.kawneer.ca\/fr\/?s={search_term_string}"},"query-input":{"@type":"PropertyValueSpecification","valueRequired":true,"valueName":"search_term_string"}}],"inLanguage":"fr-CA"},{"@type":"Organization","@id":"https:\/\/www.kawneer.ca\/fr\/#organization","name":"Kawneer","url":"https:\/\/www.kawneer.ca\/fr\/","logo":{"@type":"ImageObject","inLanguage":"fr-CA","@id":"https:\/\/www.kawneer.ca\/fr\/#\/schema\/logo\/image\/","url":"https:\/\/www.kawneer.ca\/wp-content\/uploads\/2022\/08\/Kawneer-logo.png","contentUrl":"https:\/\/www.kawneer.ca\/wp-content\/uploads\/2022\/08\/Kawneer-logo.png","width":405,"height":75,"caption":"Kawneer"},"image":{"@id":"https:\/\/www.kawneer.ca\/fr\/#\/schema\/logo\/image\/"}}]}},"_links":{"self":[{"href":"https:\/\/www.kawneer.ca\/fr\/wp-json\/wp\/v2\/pages\/13177","targetHints":{"allow":["GET"]}}],"collection":[{"href":"https:\/\/www.kawneer.ca\/fr\/wp-json\/wp\/v2\/pages"}],"about":[{"href":"https:\/\/www.kawneer.ca\/fr\/wp-json\/wp\/v2\/types\/page"}],"author":[{"embeddable":true,"href":"https:\/\/www.kawneer.ca\/fr\/wp-json\/wp\/v2\/users\/1"}],"replies":[{"embeddable":true,"href":"https:\/\/www.kawneer.ca\/fr\/wp-json\/wp\/v2\/comments?post=13177"}],"version-history":[{"count":7,"href":"https:\/\/www.kawneer.ca\/fr\/wp-json\/wp\/v2\/pages\/13177\/revisions"}],"predecessor-version":[{"id":16678,"href":"https:\/\/www.kawneer.ca\/fr\/wp-json\/wp\/v2\/pages\/13177\/revisions\/16678"}],"wp:attachment":[{"href":"https:\/\/www.kawneer.ca\/fr\/wp-json\/wp\/v2\/media?parent=13177"}],"curies":[{"name":"wp","href":"https:\/\/api.w.org\/{rel}","templated":true}]}}