{"id":13181,"date":"2022-08-03T15:11:44","date_gmt":"2022-08-03T14:11:44","guid":{"rendered":"http:\/\/kawneer.ca\/solutions-de-performance\/"},"modified":"2022-12-13T09:24:12","modified_gmt":"2022-12-13T09:24:12","slug":"solutions-de-performance","status":"publish","type":"page","link":"https:\/\/www.kawneer.ca\/fr\/solutions-de-performance\/","title":{"rendered":"Solutions de Performance"},"content":{"rendered":"<section>\n    <div id=\"block-large-image-slider-block_f83959a515e730613ca36f54c5115676\" class=\"block-large-image-slider  swiper swiper-large-image-banner \" data-slidetime=\"8\" data-loop=\"false\">\n        <div class=\"swiper-wrapper\">\n                            <div class=\"block-large-image-slider__slide swiper-slide pos-rela\">\n\n                                            <picture>\n                            <img decoding=\"async\"\n                                src=\"https:\/\/www.kawneer.ca\/wp-content\/uploads\/2022\/08\/7126-HUNTTR_032F.jpg\"\n                                alt=\"\"\n                                srcset=\"https:\/\/www.kawneer.ca\/wp-content\/uploads\/2022\/08\/7126-HUNTTR_032F.jpg 1500w, https:\/\/www.kawneer.ca\/wp-content\/uploads\/2022\/08\/7126-HUNTTR_032F-300x130.jpg 300w, https:\/\/www.kawneer.ca\/wp-content\/uploads\/2022\/08\/7126-HUNTTR_032F-1024x442.jpg 1024w, https:\/\/www.kawneer.ca\/wp-content\/uploads\/2022\/08\/7126-HUNTTR_032F-768x332.jpg 768w\"\n                                sizes=\"(max-width: 1500px) 100vw, 1500px\" \/>\n                        <\/picture>\n                                            \n                    <div class=\"vignette\"><\/div>\n                    <div class=\"container\">\n                        <div class=\"content\">\n                            <p class=\"txt-label\"><\/p>\n                                                            <h1 class=\"title\">Solutions de Performance<\/h1>\n                                                                                        <div class=\"body\"><p>Chez Kawneer, nous pouvons adapter des syst\u00e8mes en aluminium tr\u00e8s performants pour r\u00e9pondre \u00e0 des cahiers des charges pr\u00e9cis et satisfaire aux exigences techniques et d\u2019ing\u00e9nierie. Des murs-rideaux aux fen\u00eatres et aux portes en passant par les syst\u00e8mes de cadre, nos produits, combin\u00e9s aux technologies de nouvelle g\u00e9n\u00e9ration, permettent aux architectes, aux entrepreneurs et aux vitriers d\u2019offrir des performances qui vont au-del\u00e0 des processus de conception et de construction.<\/p>\n<\/div>\n                                                                                                            <\/div>\n                    <\/div>\n                <\/div>\n                            <div class=\"block-large-image-slider__slide swiper-slide pos-rela\">\n\n                                            <picture>\n                            <img decoding=\"async\"\n                                src=\"https:\/\/www.kawneer.ca\/wp-content\/uploads\/2022\/08\/DZIVER-210916-_DSF7521.jpg\"\n                                alt=\"\"\n                                srcset=\"https:\/\/www.kawneer.ca\/wp-content\/uploads\/2022\/08\/DZIVER-210916-_DSF7521.jpg 1500w, https:\/\/www.kawneer.ca\/wp-content\/uploads\/2022\/08\/DZIVER-210916-_DSF7521-300x135.jpg 300w, https:\/\/www.kawneer.ca\/wp-content\/uploads\/2022\/08\/DZIVER-210916-_DSF7521-1024x462.jpg 1024w, https:\/\/www.kawneer.ca\/wp-content\/uploads\/2022\/08\/DZIVER-210916-_DSF7521-768x347.jpg 768w\"\n                                sizes=\"(max-width: 1500px) 100vw, 1500px\" \/>\n                        <\/picture>\n                                            \n                    <div class=\"vignette\"><\/div>\n                    <div class=\"container\">\n                        <div class=\"content\">\n                            <p class=\"txt-label\"><\/p>\n                                                            <div class=\"title\">\n                                    Garantir L\u2019int\u00e9grit\u00e9 Structurelle                                <\/div>\n                                                                                        <div class=\"body\"><p>Nos solutions de performance sont sp\u00e9cialement con\u00e7ues pour am\u00e9liorer la long\u00e9vit\u00e9, la productivit\u00e9 et la protection, en assurant l\u2019int\u00e9grit\u00e9 structurelle du b\u00e2timent et en pr\u00e9servant le confort et le bien-\u00eatre des occupants. Nos technologies innovantes offrent le plus haut niveau de performance, m\u00eame dans des conditions telles que les temp\u00e9ratures extr\u00eames, les ouragans, les temp\u00eates et les explosions \u00e0 fort impact.<\/p>\n<\/div>\n                                                                                                            <\/div>\n                    <\/div>\n                <\/div>\n                            <div class=\"block-large-image-slider__slide swiper-slide pos-rela\">\n\n                                            <picture>\n                            <img decoding=\"async\"\n                                src=\"https:\/\/www.kawneer.ca\/wp-content\/uploads\/2022\/08\/T17_4267.jpg\"\n                                alt=\"\"\n                                srcset=\"https:\/\/www.kawneer.ca\/wp-content\/uploads\/2022\/08\/T17_4267.jpg 1500w, https:\/\/www.kawneer.ca\/wp-content\/uploads\/2022\/08\/T17_4267-300x141.jpg 300w, https:\/\/www.kawneer.ca\/wp-content\/uploads\/2022\/08\/T17_4267-1024x483.jpg 1024w, https:\/\/www.kawneer.ca\/wp-content\/uploads\/2022\/08\/T17_4267-768x362.jpg 768w\"\n                                sizes=\"(max-width: 1500px) 100vw, 1500px\" \/>\n                        <\/picture>\n                                            \n                    <div class=\"vignette\"><\/div>\n                    <div class=\"container\">\n                        <div class=\"content\">\n                            <p class=\"txt-label\"><\/p>\n                                                            <div class=\"title\">\n                                    Confort Des Occupants                                <\/div>\n                                                                                        <div class=\"body\"><p>Les syst\u00e8mes de haute performance thermique offrent des rendements thermiques optimaux et favorisent une plus grande \u00e9conomie d\u2019\u00e9nergie. Nos produits r\u00e9sistants aux ouragans minimisent la vuln\u00e9rabilit\u00e9 \u00e0 la p\u00e9n\u00e9tration de d\u00e9bris transport\u00e9s par le vent lors de violentes temp\u00eates, tandis que les produits d\u2019att\u00e9nuation des effets d\u2019explosion prot\u00e8gent les occupants de l\u2019impact des explosions de bombes.<\/p>\n<\/div>\n                                                                                                            <\/div>\n                    <\/div>\n                <\/div>\n                    <\/div>\n        <div class=\"container swiper-pagination swiper-pagination-banner\"><\/div>\n    <\/div>\n<\/section><section id=\"\" class=\"icon-link-grid\">\n    <div class=\"container\">\n        <div class=\"row\">\n            <div class=\"col-lg-12\">\n                <div class=\"icon-link-grid-container icon-link-grid-container-4\">\n                                            <div data-aos=\"fade-left\" data-aos-delay=\"100\" s class=\"link-grid-item \">\n\n                            \n                            <img decoding=\"async\"\n                                src=\"https:\/\/www.kawneer.ca\/wp-content\/uploads\/2022\/08\/High-Thermal-Performance.svg\"\n                                alt=\"\"\n                                srcset=\"\"\n                                sizes=\"\" \/>\n\n                            <div class=\"link-grid-item__summary\">\n                                <div>\n                                    <div class=\"link-grid-item__title\">\n                                        <span>Haute performance thermique<\/span>\n                                    <\/div>\n                                    <div class=\"link-grid-item__description\"><p>Les barri\u00e8res thermiques r\u00e9silientes r\u00e9sistent aux extr\u00eames climatiques et permettent d\u2019am\u00e9liorer l\u2019efficacit\u00e9 des b\u00e2timents afin d\u2019accro\u00eetre leur long\u00e9vit\u00e9, leur productivit\u00e9 et la protection de leurs occupants.<\/p>\n<\/div>\n                                <\/div>\n\n                                <div class=\"link-grid-item__link\">\n                                    \n                                                                            <a class=\"button button__primary\" href=\"https:\/\/www.kawneer.ca\/fr\/solutions-de-performance\/technologie-a-haute-performance-thermique\/\">En Savoir Plus<\/a>\n                                                                    <\/div>\n                            <\/div>\n                        <\/div>\n                                            <div data-aos=\"fade-left\" data-aos-delay=\"200\" s class=\"link-grid-item \">\n\n                            \n                            <img decoding=\"async\"\n                                src=\"https:\/\/www.kawneer.ca\/wp-content\/uploads\/2022\/08\/Hurricane-Resistance.svg\"\n                                alt=\"\"\n                                srcset=\"\"\n                                sizes=\"\" \/>\n\n                            <div class=\"link-grid-item__summary\">\n                                <div>\n                                    <div class=\"link-grid-item__title\">\n                                        <span>Technologie r\u00e9sistante aux ouragans<\/span>\n                                    <\/div>\n                                    <div class=\"link-grid-item__description\"><p>Les produits r\u00e9sistants aux ouragans prot\u00e8gent les personnes et les biens contre l\u2019impact des ouragans, des temp\u00eates et des d\u00e9bris transport\u00e9s par le vent.<\/p>\n<\/div>\n                                <\/div>\n\n                                <div class=\"link-grid-item__link\">\n                                    \n                                                                            <a class=\"button button__primary\" href=\"https:\/\/www.kawneer.ca\/fr\/solutions-de-performance\/solutions-pour-resister-aux-ouragans\/\">En Savoir Plus<\/a>\n                                                                    <\/div>\n                            <\/div>\n                        <\/div>\n                                            <div data-aos=\"fade-left\" data-aos-delay=\"300\" s class=\"link-grid-item \">\n\n                            \n                            <img decoding=\"async\"\n                                src=\"https:\/\/www.kawneer.ca\/wp-content\/uploads\/2022\/08\/Blast-Mitigating.svg\"\n                                alt=\"\"\n                                srcset=\"\"\n                                sizes=\"\" \/>\n\n                            <div class=\"link-grid-item__summary\">\n                                <div>\n                                    <div class=\"link-grid-item__title\">\n                                        <span>Technologie d&rsquo;att\u00e9nuation des explosions<\/span>\n                                    <\/div>\n                                    <div class=\"link-grid-item__description\"><p>Les produits d\u2019att\u00e9nuation des effets d\u2019explosion sont con\u00e7us pour renforcer la d\u00e9fense des b\u00e2timents contre les dommages et la d\u00e9vastation et prot\u00e9ger l\u2019int\u00e9rieur.<\/p>\n<\/div>\n                                <\/div>\n\n                                <div class=\"link-grid-item__link\">\n                                    \n                                                                            <a class=\"button button__primary\" href=\"https:\/\/www.kawneer.ca\/fr\/solutions-de-performance\/solutions-pour-lattenuation-des-explosions\/\">En Savoir Plus<\/a>\n                                                                    <\/div>\n                            <\/div>\n                        <\/div>\n                                            <div data-aos=\"fade-left\" data-aos-delay=\"400\" s class=\"link-grid-item \">\n\n                            \n                            <img decoding=\"async\"\n                                src=\"https:\/\/www.kawneer.ca\/wp-content\/uploads\/2022\/11\/Seismic-Performance.svg\"\n                                alt=\"\"\n                                srcset=\"\"\n                                sizes=\"\" \/>\n\n                            <div class=\"link-grid-item__summary\">\n                                <div>\n                                    <div class=\"link-grid-item__title\">\n                                        <span> Seismic Tested Solutions<\/span>\n                                    <\/div>\n                                    <div class=\"link-grid-item__description\"><p>Les solutions test\u00e9es sismiquement sont con\u00e7ues pour r\u00e9sister aux forces s&rsquo;exer\u00e7ant sur les b\u00e2timents et assurer un niveau \u00e9lev\u00e9 de protection des occupants, m\u00eame dans les r\u00e9gions qui ne sont pas sujettes aux tremblements de terre.<\/p>\n<\/div>\n                                <\/div>\n\n                                <div class=\"link-grid-item__link\">\n                                    \n                                                                            <a class=\"button button__primary\" href=\"https:\/\/www.kawneer.ca\/fr\/solutions-de-performance\/solutions-testees-sur-le-plan-sismique\/\">En Savoir Plus<\/a>\n                                                                    <\/div>\n                            <\/div>\n                        <\/div>\n                                    <\/div>\n            <\/div>\n        <\/div>\n    <\/div>\n<\/section>","protected":false},"excerpt":{"rendered":"","protected":false},"author":1,"featured_media":0,"parent":0,"menu_order":0,"comment_status":"closed","ping_status":"closed","template":"","meta":{"_acf_changed":false,"footnotes":""},"class_list":["post-13181","page","type-page","status-publish","hentry"],"acf":[],"yoast_head":"<!-- This site is optimized with the Yoast SEO plugin v27.4 - https:\/\/yoast.com\/product\/yoast-seo-wordpress\/ -->\n<title>Solutions de Performance - Kawneer Canada<\/title>\n<meta name=\"robots\" content=\"index, follow, max-snippet:-1, max-image-preview:large, max-video-preview:-1\" \/>\n<link rel=\"canonical\" href=\"https:\/\/www.kawneer.ca\/fr\/solutions-de-performance\/\" \/>\n<meta property=\"og:locale\" content=\"fr_CA\" \/>\n<meta property=\"og:type\" content=\"article\" \/>\n<meta property=\"og:title\" content=\"Solutions de Performance - Kawneer Canada\" \/>\n<meta property=\"og:url\" content=\"https:\/\/www.kawneer.ca\/fr\/solutions-de-performance\/\" \/>\n<meta property=\"og:site_name\" content=\"Kawneer Canada\" \/>\n<meta property=\"article:modified_time\" content=\"2022-12-13T09:24:12+00:00\" \/>\n<meta name=\"twitter:card\" content=\"summary_large_image\" \/>\n<script type=\"application\/ld+json\" class=\"yoast-schema-graph\">{\"@context\":\"https:\\\/\\\/schema.org\",\"@graph\":[{\"@type\":\"WebPage\",\"@id\":\"https:\\\/\\\/www.kawneer.ca\\\/fr\\\/solutions-de-performance\\\/\",\"url\":\"https:\\\/\\\/www.kawneer.ca\\\/fr\\\/solutions-de-performance\\\/\",\"name\":\"Solutions de Performance - Kawneer Canada\",\"isPartOf\":{\"@id\":\"https:\\\/\\\/www.kawneer.ca\\\/fr\\\/#website\"},\"datePublished\":\"2022-08-03T14:11:44+00:00\",\"dateModified\":\"2022-12-13T09:24:12+00:00\",\"breadcrumb\":{\"@id\":\"https:\\\/\\\/www.kawneer.ca\\\/fr\\\/solutions-de-performance\\\/#breadcrumb\"},\"inLanguage\":\"fr-CA\",\"potentialAction\":[{\"@type\":\"ReadAction\",\"target\":[\"https:\\\/\\\/www.kawneer.ca\\\/fr\\\/solutions-de-performance\\\/\"]}]},{\"@type\":\"BreadcrumbList\",\"@id\":\"https:\\\/\\\/www.kawneer.ca\\\/fr\\\/solutions-de-performance\\\/#breadcrumb\",\"itemListElement\":[{\"@type\":\"ListItem\",\"position\":1,\"name\":\"Home\",\"item\":\"https:\\\/\\\/www.kawneer.ca\\\/fr\\\/\"},{\"@type\":\"ListItem\",\"position\":2,\"name\":\"Solutions de Performance\"}]},{\"@type\":\"WebSite\",\"@id\":\"https:\\\/\\\/www.kawneer.ca\\\/fr\\\/#website\",\"url\":\"https:\\\/\\\/www.kawneer.ca\\\/fr\\\/\",\"name\":\"Kawneer Canada\",\"description\":\"\",\"publisher\":{\"@id\":\"https:\\\/\\\/www.kawneer.ca\\\/fr\\\/#organization\"},\"potentialAction\":[{\"@type\":\"SearchAction\",\"target\":{\"@type\":\"EntryPoint\",\"urlTemplate\":\"https:\\\/\\\/www.kawneer.ca\\\/fr\\\/?s={search_term_string}\"},\"query-input\":{\"@type\":\"PropertyValueSpecification\",\"valueRequired\":true,\"valueName\":\"search_term_string\"}}],\"inLanguage\":\"fr-CA\"},{\"@type\":\"Organization\",\"@id\":\"https:\\\/\\\/www.kawneer.ca\\\/fr\\\/#organization\",\"name\":\"Kawneer\",\"url\":\"https:\\\/\\\/www.kawneer.ca\\\/fr\\\/\",\"logo\":{\"@type\":\"ImageObject\",\"inLanguage\":\"fr-CA\",\"@id\":\"https:\\\/\\\/www.kawneer.ca\\\/fr\\\/#\\\/schema\\\/logo\\\/image\\\/\",\"url\":\"https:\\\/\\\/www.kawneer.ca\\\/wp-content\\\/uploads\\\/2022\\\/08\\\/Kawneer-logo.png\",\"contentUrl\":\"https:\\\/\\\/www.kawneer.ca\\\/wp-content\\\/uploads\\\/2022\\\/08\\\/Kawneer-logo.png\",\"width\":405,\"height\":75,\"caption\":\"Kawneer\"},\"image\":{\"@id\":\"https:\\\/\\\/www.kawneer.ca\\\/fr\\\/#\\\/schema\\\/logo\\\/image\\\/\"}}]}<\/script>\n<!-- \/ Yoast SEO plugin. -->","yoast_head_json":{"title":"Solutions de Performance - Kawneer Canada","robots":{"index":"index","follow":"follow","max-snippet":"max-snippet:-1","max-image-preview":"max-image-preview:large","max-video-preview":"max-video-preview:-1"},"canonical":"https:\/\/www.kawneer.ca\/fr\/solutions-de-performance\/","og_locale":"fr_CA","og_type":"article","og_title":"Solutions de Performance - Kawneer Canada","og_url":"https:\/\/www.kawneer.ca\/fr\/solutions-de-performance\/","og_site_name":"Kawneer Canada","article_modified_time":"2022-12-13T09:24:12+00:00","twitter_card":"summary_large_image","schema":{"@context":"https:\/\/schema.org","@graph":[{"@type":"WebPage","@id":"https:\/\/www.kawneer.ca\/fr\/solutions-de-performance\/","url":"https:\/\/www.kawneer.ca\/fr\/solutions-de-performance\/","name":"Solutions de Performance - Kawneer Canada","isPartOf":{"@id":"https:\/\/www.kawneer.ca\/fr\/#website"},"datePublished":"2022-08-03T14:11:44+00:00","dateModified":"2022-12-13T09:24:12+00:00","breadcrumb":{"@id":"https:\/\/www.kawneer.ca\/fr\/solutions-de-performance\/#breadcrumb"},"inLanguage":"fr-CA","potentialAction":[{"@type":"ReadAction","target":["https:\/\/www.kawneer.ca\/fr\/solutions-de-performance\/"]}]},{"@type":"BreadcrumbList","@id":"https:\/\/www.kawneer.ca\/fr\/solutions-de-performance\/#breadcrumb","itemListElement":[{"@type":"ListItem","position":1,"name":"Home","item":"https:\/\/www.kawneer.ca\/fr\/"},{"@type":"ListItem","position":2,"name":"Solutions de Performance"}]},{"@type":"WebSite","@id":"https:\/\/www.kawneer.ca\/fr\/#website","url":"https:\/\/www.kawneer.ca\/fr\/","name":"Kawneer Canada","description":"","publisher":{"@id":"https:\/\/www.kawneer.ca\/fr\/#organization"},"potentialAction":[{"@type":"SearchAction","target":{"@type":"EntryPoint","urlTemplate":"https:\/\/www.kawneer.ca\/fr\/?s={search_term_string}"},"query-input":{"@type":"PropertyValueSpecification","valueRequired":true,"valueName":"search_term_string"}}],"inLanguage":"fr-CA"},{"@type":"Organization","@id":"https:\/\/www.kawneer.ca\/fr\/#organization","name":"Kawneer","url":"https:\/\/www.kawneer.ca\/fr\/","logo":{"@type":"ImageObject","inLanguage":"fr-CA","@id":"https:\/\/www.kawneer.ca\/fr\/#\/schema\/logo\/image\/","url":"https:\/\/www.kawneer.ca\/wp-content\/uploads\/2022\/08\/Kawneer-logo.png","contentUrl":"https:\/\/www.kawneer.ca\/wp-content\/uploads\/2022\/08\/Kawneer-logo.png","width":405,"height":75,"caption":"Kawneer"},"image":{"@id":"https:\/\/www.kawneer.ca\/fr\/#\/schema\/logo\/image\/"}}]}},"_links":{"self":[{"href":"https:\/\/www.kawneer.ca\/fr\/wp-json\/wp\/v2\/pages\/13181","targetHints":{"allow":["GET"]}}],"collection":[{"href":"https:\/\/www.kawneer.ca\/fr\/wp-json\/wp\/v2\/pages"}],"about":[{"href":"https:\/\/www.kawneer.ca\/fr\/wp-json\/wp\/v2\/types\/page"}],"author":[{"embeddable":true,"href":"https:\/\/www.kawneer.ca\/fr\/wp-json\/wp\/v2\/users\/1"}],"replies":[{"embeddable":true,"href":"https:\/\/www.kawneer.ca\/fr\/wp-json\/wp\/v2\/comments?post=13181"}],"version-history":[{"count":5,"href":"https:\/\/www.kawneer.ca\/fr\/wp-json\/wp\/v2\/pages\/13181\/revisions"}],"predecessor-version":[{"id":13590,"href":"https:\/\/www.kawneer.ca\/fr\/wp-json\/wp\/v2\/pages\/13181\/revisions\/13590"}],"wp:attachment":[{"href":"https:\/\/www.kawneer.ca\/fr\/wp-json\/wp\/v2\/media?parent=13181"}],"curies":[{"name":"wp","href":"https:\/\/api.w.org\/{rel}","templated":true}]}}