{"id":13187,"date":"2022-08-03T13:57:31","date_gmt":"2022-08-03T12:57:31","guid":{"rendered":"http:\/\/kawneer.ca\/careers\/"},"modified":"2023-01-18T12:47:07","modified_gmt":"2023-01-18T12:47:07","slug":"careers","status":"publish","type":"page","link":"https:\/\/www.kawneer.ca\/fr\/careers\/","title":{"rendered":"Carri\u00e8res"},"content":{"rendered":"<section>\n    <div id=\"block-large-image-slider-block_cf9c181fba4719e23ab8bace51c65262\" class=\"block-large-image-slider  swiper swiper-large-image-banner \" data-slidetime=\"3\" data-loop=\"false\">\n        <div class=\"swiper-wrapper\">\n                            <div class=\"block-large-image-slider__slide swiper-slide pos-rela\">\n\n                                            <picture>\n                            <img decoding=\"async\"\n                                src=\"https:\/\/www.kawneer.ca\/wp-content\/uploads\/2022\/09\/shutterstock_1443616970.jpg\"\n                                alt=\"\"\n                                srcset=\"https:\/\/www.kawneer.ca\/wp-content\/uploads\/2022\/09\/shutterstock_1443616970.jpg 1000w, https:\/\/www.kawneer.ca\/wp-content\/uploads\/2022\/09\/shutterstock_1443616970-300x169.jpg 300w, https:\/\/www.kawneer.ca\/wp-content\/uploads\/2022\/09\/shutterstock_1443616970-768x432.jpg 768w\"\n                                sizes=\"(max-width: 1000px) 100vw, 1000px\" \/>\n                        <\/picture>\n                                            \n                    <div class=\"vignette\"><\/div>\n                    <div class=\"container\">\n                        <div class=\"content\">\n                            <p class=\"txt-label\"><\/p>\n                                                            <h1 class=\"title\">Carri\u00e8res<\/h1>\n                                                                                        <div class=\"body\"><p>Voulez-vous rejoindre le leader de l\u2019industrie des syst\u00e8mes architecturaux en aluminium et b\u00e2tir une carri\u00e8re de toute une vie?<\/p>\n<\/div>\n                                                                                            <a onclick=\"gEventProduct('Carri&egrave;res')\" class=\"button button__primary\" href=\"https:\/\/arconic.referrals.selectminds.com\/\" target=\"_blank\">VIEW CAREERS<\/a>\n                                                                                                                                                <\/div>\n                    <\/div>\n                <\/div>\n                    <\/div>\n        <div class=\"container swiper-pagination swiper-pagination-banner\"><\/div>\n    <\/div>\n<\/section><section class=\"block-centred-text-outer\" >\n    <div class=\"container\">\n        <div class=\"row\">\n            <div class=\"col-12 block-centred-text\" data-aos=\"fade-up\">\n                                                <div class=\"body-container \">\n                    <p>Notre plus grand atout est notre personnel, car nous favorisons la diversit\u00e9 de pens\u00e9e, la culture inclusive, l\u2019exp\u00e9rience et les comp\u00e9tences au sein de notre organisation. Aidez-nous \u00e0 concevoir le prochain grand monument et \u00e0 fa\u00e7onner l\u2019avenir du b\u00e2timent et de la construction dans le monde entier. Chez Kawneer, nous sommes toujours en train de construire. Il est temps de construire votre patrimoine.<\/p>\n                <\/div>\n                                                            <a class=\"button button__primary\" href=\"https:\/\/arconic.referrals.selectminds.com\/\" target=\"_blank\">Voir tous les postes ouverts<\/a>\n                    \n                                                <\/div>\n        <\/div>\n    <\/div>\n<\/section>","protected":false},"excerpt":{"rendered":"","protected":false},"author":1,"featured_media":0,"parent":0,"menu_order":0,"comment_status":"closed","ping_status":"closed","template":"","meta":{"_acf_changed":false,"footnotes":""},"class_list":["post-13187","page","type-page","status-publish","hentry"],"acf":[],"yoast_head":"<!-- This site is optimized with the Yoast SEO plugin v27.3 - https:\/\/yoast.com\/product\/yoast-seo-wordpress\/ -->\n<title>Carri\u00e8res - Kawneer Canada<\/title>\n<meta name=\"robots\" content=\"index, follow, max-snippet:-1, max-image-preview:large, max-video-preview:-1\" \/>\n<link rel=\"canonical\" href=\"https:\/\/www.kawneer.ca\/fr\/careers\/\" \/>\n<meta property=\"og:locale\" content=\"fr_CA\" \/>\n<meta property=\"og:type\" content=\"article\" \/>\n<meta property=\"og:title\" content=\"Carri\u00e8res - Kawneer Canada\" \/>\n<meta property=\"og:url\" content=\"https:\/\/www.kawneer.ca\/fr\/careers\/\" \/>\n<meta property=\"og:site_name\" content=\"Kawneer Canada\" \/>\n<meta property=\"article:modified_time\" content=\"2023-01-18T12:47:07+00:00\" \/>\n<meta name=\"twitter:card\" content=\"summary_large_image\" \/>\n<script type=\"application\/ld+json\" class=\"yoast-schema-graph\">{\"@context\":\"https:\\\/\\\/schema.org\",\"@graph\":[{\"@type\":\"WebPage\",\"@id\":\"https:\\\/\\\/www.kawneer.ca\\\/fr\\\/careers\\\/\",\"url\":\"https:\\\/\\\/www.kawneer.ca\\\/fr\\\/careers\\\/\",\"name\":\"Carri\u00e8res - Kawneer Canada\",\"isPartOf\":{\"@id\":\"https:\\\/\\\/www.kawneer.ca\\\/fr\\\/#website\"},\"datePublished\":\"2022-08-03T12:57:31+00:00\",\"dateModified\":\"2023-01-18T12:47:07+00:00\",\"breadcrumb\":{\"@id\":\"https:\\\/\\\/www.kawneer.ca\\\/fr\\\/careers\\\/#breadcrumb\"},\"inLanguage\":\"fr-CA\",\"potentialAction\":[{\"@type\":\"ReadAction\",\"target\":[\"https:\\\/\\\/www.kawneer.ca\\\/fr\\\/careers\\\/\"]}]},{\"@type\":\"BreadcrumbList\",\"@id\":\"https:\\\/\\\/www.kawneer.ca\\\/fr\\\/careers\\\/#breadcrumb\",\"itemListElement\":[{\"@type\":\"ListItem\",\"position\":1,\"name\":\"Home\",\"item\":\"https:\\\/\\\/www.kawneer.ca\\\/fr\\\/\"},{\"@type\":\"ListItem\",\"position\":2,\"name\":\"Carri\u00e8res\"}]},{\"@type\":\"WebSite\",\"@id\":\"https:\\\/\\\/www.kawneer.ca\\\/fr\\\/#website\",\"url\":\"https:\\\/\\\/www.kawneer.ca\\\/fr\\\/\",\"name\":\"Kawneer Canada\",\"description\":\"\",\"publisher\":{\"@id\":\"https:\\\/\\\/www.kawneer.ca\\\/fr\\\/#organization\"},\"potentialAction\":[{\"@type\":\"SearchAction\",\"target\":{\"@type\":\"EntryPoint\",\"urlTemplate\":\"https:\\\/\\\/www.kawneer.ca\\\/fr\\\/?s={search_term_string}\"},\"query-input\":{\"@type\":\"PropertyValueSpecification\",\"valueRequired\":true,\"valueName\":\"search_term_string\"}}],\"inLanguage\":\"fr-CA\"},{\"@type\":\"Organization\",\"@id\":\"https:\\\/\\\/www.kawneer.ca\\\/fr\\\/#organization\",\"name\":\"Kawneer\",\"url\":\"https:\\\/\\\/www.kawneer.ca\\\/fr\\\/\",\"logo\":{\"@type\":\"ImageObject\",\"inLanguage\":\"fr-CA\",\"@id\":\"https:\\\/\\\/www.kawneer.ca\\\/fr\\\/#\\\/schema\\\/logo\\\/image\\\/\",\"url\":\"https:\\\/\\\/www.kawneer.ca\\\/wp-content\\\/uploads\\\/2022\\\/08\\\/Kawneer-logo.png\",\"contentUrl\":\"https:\\\/\\\/www.kawneer.ca\\\/wp-content\\\/uploads\\\/2022\\\/08\\\/Kawneer-logo.png\",\"width\":405,\"height\":75,\"caption\":\"Kawneer\"},\"image\":{\"@id\":\"https:\\\/\\\/www.kawneer.ca\\\/fr\\\/#\\\/schema\\\/logo\\\/image\\\/\"}}]}<\/script>\n<!-- \/ Yoast SEO plugin. -->","yoast_head_json":{"title":"Carri\u00e8res - Kawneer Canada","robots":{"index":"index","follow":"follow","max-snippet":"max-snippet:-1","max-image-preview":"max-image-preview:large","max-video-preview":"max-video-preview:-1"},"canonical":"https:\/\/www.kawneer.ca\/fr\/careers\/","og_locale":"fr_CA","og_type":"article","og_title":"Carri\u00e8res - Kawneer Canada","og_url":"https:\/\/www.kawneer.ca\/fr\/careers\/","og_site_name":"Kawneer Canada","article_modified_time":"2023-01-18T12:47:07+00:00","twitter_card":"summary_large_image","schema":{"@context":"https:\/\/schema.org","@graph":[{"@type":"WebPage","@id":"https:\/\/www.kawneer.ca\/fr\/careers\/","url":"https:\/\/www.kawneer.ca\/fr\/careers\/","name":"Carri\u00e8res - Kawneer Canada","isPartOf":{"@id":"https:\/\/www.kawneer.ca\/fr\/#website"},"datePublished":"2022-08-03T12:57:31+00:00","dateModified":"2023-01-18T12:47:07+00:00","breadcrumb":{"@id":"https:\/\/www.kawneer.ca\/fr\/careers\/#breadcrumb"},"inLanguage":"fr-CA","potentialAction":[{"@type":"ReadAction","target":["https:\/\/www.kawneer.ca\/fr\/careers\/"]}]},{"@type":"BreadcrumbList","@id":"https:\/\/www.kawneer.ca\/fr\/careers\/#breadcrumb","itemListElement":[{"@type":"ListItem","position":1,"name":"Home","item":"https:\/\/www.kawneer.ca\/fr\/"},{"@type":"ListItem","position":2,"name":"Carri\u00e8res"}]},{"@type":"WebSite","@id":"https:\/\/www.kawneer.ca\/fr\/#website","url":"https:\/\/www.kawneer.ca\/fr\/","name":"Kawneer Canada","description":"","publisher":{"@id":"https:\/\/www.kawneer.ca\/fr\/#organization"},"potentialAction":[{"@type":"SearchAction","target":{"@type":"EntryPoint","urlTemplate":"https:\/\/www.kawneer.ca\/fr\/?s={search_term_string}"},"query-input":{"@type":"PropertyValueSpecification","valueRequired":true,"valueName":"search_term_string"}}],"inLanguage":"fr-CA"},{"@type":"Organization","@id":"https:\/\/www.kawneer.ca\/fr\/#organization","name":"Kawneer","url":"https:\/\/www.kawneer.ca\/fr\/","logo":{"@type":"ImageObject","inLanguage":"fr-CA","@id":"https:\/\/www.kawneer.ca\/fr\/#\/schema\/logo\/image\/","url":"https:\/\/www.kawneer.ca\/wp-content\/uploads\/2022\/08\/Kawneer-logo.png","contentUrl":"https:\/\/www.kawneer.ca\/wp-content\/uploads\/2022\/08\/Kawneer-logo.png","width":405,"height":75,"caption":"Kawneer"},"image":{"@id":"https:\/\/www.kawneer.ca\/fr\/#\/schema\/logo\/image\/"}}]}},"_links":{"self":[{"href":"https:\/\/www.kawneer.ca\/fr\/wp-json\/wp\/v2\/pages\/13187","targetHints":{"allow":["GET"]}}],"collection":[{"href":"https:\/\/www.kawneer.ca\/fr\/wp-json\/wp\/v2\/pages"}],"about":[{"href":"https:\/\/www.kawneer.ca\/fr\/wp-json\/wp\/v2\/types\/page"}],"author":[{"embeddable":true,"href":"https:\/\/www.kawneer.ca\/fr\/wp-json\/wp\/v2\/users\/1"}],"replies":[{"embeddable":true,"href":"https:\/\/www.kawneer.ca\/fr\/wp-json\/wp\/v2\/comments?post=13187"}],"version-history":[{"count":17,"href":"https:\/\/www.kawneer.ca\/fr\/wp-json\/wp\/v2\/pages\/13187\/revisions"}],"predecessor-version":[{"id":14236,"href":"https:\/\/www.kawneer.ca\/fr\/wp-json\/wp\/v2\/pages\/13187\/revisions\/14236"}],"wp:attachment":[{"href":"https:\/\/www.kawneer.ca\/fr\/wp-json\/wp\/v2\/media?parent=13187"}],"curies":[{"name":"wp","href":"https:\/\/api.w.org\/{rel}","templated":true}]}}