{"id":13191,"date":"2022-08-03T13:56:40","date_gmt":"2022-08-03T12:56:40","guid":{"rendered":"http:\/\/kawneer.ca\/about\/"},"modified":"2023-05-18T09:35:20","modified_gmt":"2023-05-18T08:35:20","slug":"a-propos","status":"publish","type":"page","link":"https:\/\/www.kawneer.ca\/fr\/a-propos\/","title":{"rendered":"\u00c0 propos"},"content":{"rendered":"<section>\n    <div id=\"block-large-image-slider-block_3b87cea50f797ee1a9c78f162d06c1e1\" class=\"block-large-image-slider  swiper swiper-large-image-banner \" data-slidetime=\"1\" data-loop=\"false\">\n        <div class=\"swiper-wrapper\">\n                            <div class=\"block-large-image-slider__slide swiper-slide pos-rela\">\n\n                                            <picture>\n                            <img decoding=\"async\"\n                                src=\"https:\/\/www.kawneer.ca\/wp-content\/uploads\/2022\/08\/7017-TheFrontierProject_HMC-1103090938.jpg\"\n                                alt=\"\"\n                                srcset=\"https:\/\/www.kawneer.ca\/wp-content\/uploads\/2022\/08\/7017-TheFrontierProject_HMC-1103090938.jpg 1500w, https:\/\/www.kawneer.ca\/wp-content\/uploads\/2022\/08\/7017-TheFrontierProject_HMC-1103090938-300x150.jpg 300w, https:\/\/www.kawneer.ca\/wp-content\/uploads\/2022\/08\/7017-TheFrontierProject_HMC-1103090938-1024x512.jpg 1024w, https:\/\/www.kawneer.ca\/wp-content\/uploads\/2022\/08\/7017-TheFrontierProject_HMC-1103090938-768x384.jpg 768w\"\n                                sizes=\"(max-width: 1500px) 100vw, 1500px\" \/>\n                        <\/picture>\n                                            \n                    <div class=\"vignette\"><\/div>\n                    <div class=\"container\">\n                        <div class=\"content\">\n                            <p class=\"txt-label\"><\/p>\n                                                            <h1 class=\"title\">FA\u00c7ONNER UN MONDE MEILLEUR<\/h1>\n                                                                                        <div class=\"body\"><p>Chez Kawneer, nous pouvons adapter des syst\u00e8mes en aluminium tr\u00e8s performants pour r\u00e9pondre \u00e0 des cahiers des charges pr\u00e9cis et satisfaire aux exigences techniques et d\u2019ing\u00e9nierie. Des murs-rideaux aux fen\u00eatres et aux portes en passant par les syst\u00e8mes de cadre, nos produits, combin\u00e9s aux technologies de nouvelle g\u00e9n\u00e9ration, permettent aux architectes, aux entrepreneurs et aux vitriers d\u2019offrir des performances qui vont au-del\u00e0 des processus de conception et de construction.<\/p>\n<\/div>\n                                                                                                            <\/div>\n                    <\/div>\n                <\/div>\n                    <\/div>\n        <div class=\"container swiper-pagination swiper-pagination-banner\"><\/div>\n    <\/div>\n<\/section><section id=\"\" class=\"video-with-description\">\n    <div class=\"container\">\n        <div class=\"row\">\n            <div class=\"col-lg-6 video-details  \">\n                <div class=\"video-content\">\n                                            <div class=\"video-title\">Construire des legs<\/div>\n                                        <div class=\"video-description\"><p>La construction patrimoniale a un effet positif sur les vies et les communaut\u00e9s. Elle consiste \u00e0 red\u00e9finir les perspectives pour am\u00e9liorer notre fa\u00e7on de coop\u00e9rer, de travailler, de soigner, d\u2019enseigner, d\u2019apprendre et de vivre. Construire des legs consiste \u00e0 optimiser les performances, \u00e0 r\u00e9utiliser les mat\u00e9riaux et \u00e0 utiliser des m\u00e9thodes de construction plus efficaces pour r\u00e9duire la d\u00e9pendance envers la lumi\u00e8re artificielle, l\u2019\u00e9lectricit\u00e9, le chauffage et la climatisation. Construire des legs consiste \u00e0 optimiser les performances, \u00e0 r\u00e9utiliser les mat\u00e9riaux et \u00e0 utiliser des m\u00e9thodes de construction plus efficaces pour r\u00e9duire la d\u00e9pendance envers la lumi\u00e8re artificielle, l\u2019\u00e9lectricit\u00e9, le chauffage et la climatisation.<\/p>\n<p>Pour nous, cela signifie une attention particuli\u00e8re port\u00e9e \u00e0 chacune de nos actions et l\u2019\u00e9tablissement de relations plus solides. En faisant la diff\u00e9rence aujourd\u2019hui, nous avantageons les g\u00e9n\u00e9rations futures.<\/p>\n<\/div>\n                                                                <div class=\"video-icon \">\n                            <picture>\n                                <source media=\"(max-width: 350px)\" srcset=\"https:\/\/www.kawneer.ca\/wp-content\/uploads\/2022\/09\/BL-Left-CMYK.svg\">\n                                <source media=\"(max-width: 768px)\" srcset=\"https:\/\/www.kawneer.ca\/wp-content\/uploads\/2022\/09\/BL-Left-CMYK.svg\">\n                                <source media=\"(max-width: 1024px)\" srcset=\"https:\/\/www.kawneer.ca\/wp-content\/uploads\/2022\/09\/BL-Left-CMYK.svg\">\n                                <img decoding=\"async\" id=\"\" class=\"\" src=\"https:\/\/www.kawneer.ca\/wp-content\/uploads\/2022\/09\/BL-Left-CMYK.svg\" alt=\"\" \/>\n                            <\/picture>\n                        <\/div>\n\n                                    <\/div>\n            <\/div>\n            <div class=\"col-lg-6 video-center \">\n                <div class=\"video-outer\">\n                    <div class=\"video-container\">\n                                                    <iframe class=\"video-iframe\" src=\"https:\/\/www.youtube.com\/embed\/vDY9X7hxwj0?enablejsapi=1&#038;origin=http:\/\/www.kawneer.com&#038;rel=0&#038;wmode=transparent&#038;cc=1\" title=\"YouTube video player\" frameborder=\"0\" allow=\"accelerometer; autoplay; clipboard-write; encrypted-media; gyroscope; picture-in-picture\" allowfullscreen>\n                            <\/iframe>\n                                            <\/div>\n                <\/div>\n            <\/div>\n        <\/div>\n    <\/div>\n<\/section><section class=\"link-grid\">\n    <div class=\"container\">\n        <div class=\"row\">\n            <div class=\"col-lg-12\">\n                <div class=\"link-grid-container\">\n                                            <div class=\"link-grid-item link-grid-item__4\">\n                            <div>\n                                <div class=\"link-grid-item__title\">Novateur <\/div>\n                                <div class=\"link-grid-item__description\"><p>En tant que pionnier de la conception de fa\u00e7ades, notre souci constant de l&rsquo;innovation a donn\u00e9 naissance \u00e0 des centaines de produits r\u00e9volutionnaires. Nous nous engageons \u00e0 repousser les limites de l&rsquo;architecture pour susciter des changements positifs.<\/p>\n<\/div>\n                            <\/div>\n\n                            <div class=\"link-grid-item__link\">\n                                \n                                                            <\/div>\n                        <\/div>\n                                            <div class=\"link-grid-item link-grid-item__4\">\n                            <div>\n                                <div class=\"link-grid-item__title\">Distinctif<\/div>\n                                <div class=\"link-grid-item__description\"><p>Nos produits ont contribu\u00e9 \u00e0 la construction de b\u00e2timents distinctifs dans le monde entier. Nous favorisons les nouvelles m\u00e9thodes de construction et soutenons notre industrie avec une \u00e9quipe exceptionnelle d\u00e9termin\u00e9e \u00e0 offrir la meilleure exp\u00e9rience client possible.<\/p>\n<\/div>\n                            <\/div>\n\n                            <div class=\"link-grid-item__link\">\n                                \n                                                            <\/div>\n                        <\/div>\n                                            <div class=\"link-grid-item link-grid-item__4\">\n                            <div>\n                                <div class=\"link-grid-item__title\">Positif<\/div>\n                                <div class=\"link-grid-item__description\"><p>Nous avons un impact positif sur la durabilit\u00e9 et le bien-\u00eatre. Nous faisons la diff\u00e9rence dans nos communaut\u00e9s gr\u00e2ce \u00e0 une conception de produits r\u00e9fl\u00e9chie, \u00e0 une fabrication responsable et \u00e0 une culture inclusive qui favorise la diversit\u00e9, la s\u00e9curit\u00e9 au travail et la contribution civique.<\/p>\n<\/div>\n                            <\/div>\n\n                            <div class=\"link-grid-item__link\">\n                                \n                                                            <\/div>\n                        <\/div>\n                                            <div class=\"link-grid-item link-grid-item__4\">\n                            <div>\n                                <div class=\"link-grid-item__title\">R\u00e9siliente<\/div>\n                                <div class=\"link-grid-item__description\"><p>Notre r\u00e9silience est d\u00e9finie par la qualit\u00e9, la durabilit\u00e9 et la performance. Nous construisons des h\u00e9ritages et \u00e9voluons constamment pour rester pertinents de g\u00e9n\u00e9ration en g\u00e9n\u00e9ration.<\/p>\n<\/div>\n                            <\/div>\n\n                            <div class=\"link-grid-item__link\">\n                                \n                                                            <\/div>\n                        <\/div>\n                                    <\/div>\n            <\/div>\n        <\/div>\n    <\/div>\n<\/section>\n<div class=\"wp-block-columns is-layout-flex wp-container-core-columns-is-layout-9d6595d7 wp-block-columns-is-layout-flex\">\n<div class=\"wp-block-column is-layout-flow wp-block-column-is-layout-flow\"><section data-aos=\"fade-up\" class=\"sustainability-block\">\n    <div class=\"container\">\n        <div class=\"row\">\n\n            <div class=\"col-12 col-height\">\n\n\n\n\n\n                <div class=\"background-image grow-height\" style=\"  background:linear-gradient(0deg, rgba(0, 0, 0, 0.7), rgba(0, 0, 0, 0.7)), url('https:\/\/www.kawneer.ca\/wp-content\/uploads\/2022\/08\/shutterstock_437713483.jpg');\">\n\n\n                    <div class=\"sustainability-block__details\">\n                        <div class=\"sustainability-block__details-inner\">\n\n\n                            <div class=\"sustainability-block__details-sub\">\n                                <div class=\"sustainability-block__title\">\n                                    Durabilit\u00e9                                <\/div>\n                                <div class=\"sustainability-block__description\">\n                                    <p>Nous prenons l\u2019initiative en mati\u00e8re de conception et d\u2019innovation durables. Nous faisons preuve de transparence non seulement sur la composition de nos produits, mais aussi sur leur m\u00e9thode de fabrication.<\/p>\n                                <\/div>\n                            <\/div>\n                            <div class=\"sustainability-block__icon\">\n                                <img decoding=\"async\" width=\"65\" height=\"96\" src=\"https:\/\/www.kawneer.ca\/wp-content\/themes\/kawneer\/img\/leaf.svg\" alt=\"Leaf Icon\">\n                            <\/div>\n\n                        <\/div>\n\n                        <div class=\"sustainability-block__find-out-more\">\n                            <a class=\"button button__primary\" href=\"https:\/\/www.kawneer.ca\/sustainability\/\">En savoir plus<\/a>\n                        <\/div>\n                    <\/div>\n                <\/div>\n            <\/div>\n\n\n        <\/div>\n    <\/div>\n<\/section><\/div>\n\n\n\n<div class=\"wp-block-column is-layout-flow wp-block-column-is-layout-flow\"><section class=\"portfolio-block\">\n    <div class=\"container\">\n        <div class=\"row\">\n\n            <div class=\"col-12 col-height\">\n                <div data-aos=\"fade-up\" class=\"portfolio-block__outer-container grow-height\">\n                    <div class=\"portfolio-block__details\">\n                        <div class=\"portfolio-block__details-inner\">\n\n\n                            <div class=\"portfolio-block__details-sub\">\n                                <div class=\"portfolio-block__title\">\n                                    Portefeuille mondial                                <\/div>\n                                <div class=\"portfolio-block__description\">\n                                    <p>Perspektives est un portefeuille magnifiquement con\u00e7u qui pr\u00e9sente les r\u00e9alisations en collaboration avec nos principaux partenaires du monde entier. Il regorge de solutions de conception architecturale innovantes qui inspireront et fa\u00e7onneront votre prochain projet.<\/p>\n                                <\/div>\n                            <\/div>\n\n\n                        <\/div>\n\n                        <div class=\"portfolio-block__find-out-more\">\n                            <a class=\"button button__primary\" href=\"https:\/\/www.kawneer.ca\/fr\/perspectives\/\"> En savoir plus  <\/a>\n                        <\/div>\n                    <\/div>\n\n                    <div class=\"portfolio-block__image\">\n                        <picture>\n                            <source media=\"(max-width: 350px)\" srcset=\"https:\/\/www.kawneer.ca\/wp-content\/uploads\/2022\/09\/portfolio-2-300x276.png\">\n                            <source media=\"(max-width: 768px)\" srcset=\"https:\/\/www.kawneer.ca\/wp-content\/uploads\/2022\/09\/portfolio-2-300x276.png\">\n                            <source media=\"(max-width: 1024px)\" srcset=\"https:\/\/www.kawneer.ca\/wp-content\/uploads\/2022\/09\/portfolio-2-300x276.png\">\n                            <img decoding=\"async\" data-aos=\"fade-right\" id=\"\" class=\"featured-image\" src=\"https:\/\/www.kawneer.ca\/wp-content\/uploads\/2022\/09\/portfolio-2-768x706.png\" alt=\"\" \/>\n                        <\/picture>\n                                            <\/div>\n                <\/div>\n            <\/div>\n\n\n        <\/div>\n    <\/div>\n<\/section><\/div>\n<\/div>\n\n<div class=\"wp-block-columns is-layout-flex wp-container-core-columns-is-layout-9d6595d7 wp-block-columns-is-layout-flex\">\n<div class=\"wp-block-column is-layout-flow wp-block-column-is-layout-flow\"><section class=\"sustainability-block\">\n    <div class=\"container\">\n        <div class=\"row\">\n\n            <div class=\"col-12 col-height\">\n\n\n\n\n\n                <div data-aos=\"fade-up\" class=\"background-image grow-height\" style=\"  background:linear-gradient(0deg, rgba(0, 0, 0, 0.7), rgba(0, 0, 0, 0.7)), url('https:\/\/www.kawneer.ca\/wp-content\/uploads\/2023\/05\/4K6A0865-min.jpg');\">\n\n\n                    <div class=\"sustainability-block__details rectangle-text-image\">\n                        <div class=\"sustainability-block__details-inner\">\n\n\n                            <div class=\"sustainability-block__details-sub\">\n                                <div class=\"sustainability-block__title\">\n                                    Capacit\u00e9s de production                                <\/div>\n                                <div class=\"sustainability-block__description\">\n                                    <p>Kawneer a mis au point des capacit\u00e9s de fabrication de pointe qui permettent de produire et de livrer des syst\u00e8mes et des produits architecturaux tr\u00e8s performants et leaders sur le march\u00e9.<\/p>\n                                <\/div>\n                            <\/div>\n                            <div class=\"sustainability-block__icon\">\n                            <\/div>\n\n                        <\/div>\n\n                        <div class=\"sustainability-block__find-out-more \">\n                            <a class=\"button button__primary\" href=\"https:\/\/www.kawneer.ca\/fr\/laluminium-dans-le-batiment-et-la-construction\/\">En Savoir Plus<\/a>\n                        <\/div>\n                    <\/div>\n                <\/div>\n            <\/div>\n\n\n        <\/div>\n    <\/div>\n<\/section><\/div>\n\n\n\n<div class=\"wp-block-column is-layout-flow wp-block-column-is-layout-flow\"><section class=\"sustainability-block\">\n    <div class=\"container\">\n        <div class=\"row\">\n\n            <div class=\"col-12 col-height\">\n\n\n\n\n\n                <div data-aos=\"fade-up\" class=\"background-image grow-height\" style=\"  background:linear-gradient(0deg, rgba(0, 0, 0, 0.7), rgba(0, 0, 0, 0.7)), url('https:\/\/www.kawneer.ca\/wp-content\/uploads\/2023\/05\/4K6A6266-min.jpg');\">\n\n\n                    <div class=\"sustainability-block__details rectangle-text-image\">\n                        <div class=\"sustainability-block__details-inner\">\n\n\n                            <div class=\"sustainability-block__details-sub\">\n                                <div class=\"sustainability-block__title\">\n                                    L&rsquo;aluminium dans le b\u00e2timent et la construction                                <\/div>\n                                <div class=\"sustainability-block__description\">\n                                    <p>L&rsquo;aluminium est largement sp\u00e9cifi\u00e9 dans les b\u00e2timents et utilis\u00e9 dans l&rsquo;ensemble du secteur de la construction commerciale. Nos produits contribuent \u00e0 la sant\u00e9, \u00e0 la s\u00e9curit\u00e9 et au bien-\u00eatre des occupants des b\u00e2timents.<\/p>\n                                <\/div>\n                            <\/div>\n                            <div class=\"sustainability-block__icon\">\n                            <\/div>\n\n                        <\/div>\n\n                        <div class=\"sustainability-block__find-out-more \">\n                            <a class=\"button button__primary\" href=\"https:\/\/www.kawneer.ca\/fr\/fabrication\/\">En Savoir Plus<\/a>\n                        <\/div>\n                    <\/div>\n                <\/div>\n            <\/div>\n\n\n        <\/div>\n    <\/div>\n<\/section><\/div>\n<\/div>\n","protected":false},"excerpt":{"rendered":"","protected":false},"author":1,"featured_media":0,"parent":0,"menu_order":0,"comment_status":"closed","ping_status":"closed","template":"","meta":{"_acf_changed":false,"footnotes":""},"class_list":["post-13191","page","type-page","status-publish","hentry"],"acf":[],"yoast_head":"<!-- This site is optimized with the Yoast SEO plugin v27.4 - https:\/\/yoast.com\/product\/yoast-seo-wordpress\/ -->\n<title>\u00c0 propos - Kawneer Canada<\/title>\n<meta name=\"robots\" content=\"index, follow, max-snippet:-1, max-image-preview:large, max-video-preview:-1\" \/>\n<link rel=\"canonical\" href=\"https:\/\/www.kawneer.ca\/fr\/a-propos\/\" \/>\n<meta property=\"og:locale\" content=\"fr_CA\" \/>\n<meta property=\"og:type\" content=\"article\" \/>\n<meta property=\"og:title\" content=\"\u00c0 propos - Kawneer Canada\" \/>\n<meta property=\"og:url\" content=\"https:\/\/www.kawneer.ca\/fr\/a-propos\/\" \/>\n<meta property=\"og:site_name\" content=\"Kawneer Canada\" \/>\n<meta property=\"article:modified_time\" content=\"2023-05-18T08:35:20+00:00\" \/>\n<meta name=\"twitter:card\" content=\"summary_large_image\" \/>\n<script type=\"application\/ld+json\" class=\"yoast-schema-graph\">{\"@context\":\"https:\\\/\\\/schema.org\",\"@graph\":[{\"@type\":\"WebPage\",\"@id\":\"https:\\\/\\\/www.kawneer.ca\\\/fr\\\/a-propos\\\/\",\"url\":\"https:\\\/\\\/www.kawneer.ca\\\/fr\\\/a-propos\\\/\",\"name\":\"\u00c0 propos - Kawneer Canada\",\"isPartOf\":{\"@id\":\"https:\\\/\\\/www.kawneer.ca\\\/fr\\\/#website\"},\"datePublished\":\"2022-08-03T12:56:40+00:00\",\"dateModified\":\"2023-05-18T08:35:20+00:00\",\"breadcrumb\":{\"@id\":\"https:\\\/\\\/www.kawneer.ca\\\/fr\\\/a-propos\\\/#breadcrumb\"},\"inLanguage\":\"fr-CA\",\"potentialAction\":[{\"@type\":\"ReadAction\",\"target\":[\"https:\\\/\\\/www.kawneer.ca\\\/fr\\\/a-propos\\\/\"]}]},{\"@type\":\"BreadcrumbList\",\"@id\":\"https:\\\/\\\/www.kawneer.ca\\\/fr\\\/a-propos\\\/#breadcrumb\",\"itemListElement\":[{\"@type\":\"ListItem\",\"position\":1,\"name\":\"Home\",\"item\":\"https:\\\/\\\/www.kawneer.ca\\\/fr\\\/\"},{\"@type\":\"ListItem\",\"position\":2,\"name\":\"\u00c0 propos\"}]},{\"@type\":\"WebSite\",\"@id\":\"https:\\\/\\\/www.kawneer.ca\\\/fr\\\/#website\",\"url\":\"https:\\\/\\\/www.kawneer.ca\\\/fr\\\/\",\"name\":\"Kawneer Canada\",\"description\":\"\",\"publisher\":{\"@id\":\"https:\\\/\\\/www.kawneer.ca\\\/fr\\\/#organization\"},\"potentialAction\":[{\"@type\":\"SearchAction\",\"target\":{\"@type\":\"EntryPoint\",\"urlTemplate\":\"https:\\\/\\\/www.kawneer.ca\\\/fr\\\/?s={search_term_string}\"},\"query-input\":{\"@type\":\"PropertyValueSpecification\",\"valueRequired\":true,\"valueName\":\"search_term_string\"}}],\"inLanguage\":\"fr-CA\"},{\"@type\":\"Organization\",\"@id\":\"https:\\\/\\\/www.kawneer.ca\\\/fr\\\/#organization\",\"name\":\"Kawneer\",\"url\":\"https:\\\/\\\/www.kawneer.ca\\\/fr\\\/\",\"logo\":{\"@type\":\"ImageObject\",\"inLanguage\":\"fr-CA\",\"@id\":\"https:\\\/\\\/www.kawneer.ca\\\/fr\\\/#\\\/schema\\\/logo\\\/image\\\/\",\"url\":\"https:\\\/\\\/www.kawneer.ca\\\/wp-content\\\/uploads\\\/2022\\\/08\\\/Kawneer-logo.png\",\"contentUrl\":\"https:\\\/\\\/www.kawneer.ca\\\/wp-content\\\/uploads\\\/2022\\\/08\\\/Kawneer-logo.png\",\"width\":405,\"height\":75,\"caption\":\"Kawneer\"},\"image\":{\"@id\":\"https:\\\/\\\/www.kawneer.ca\\\/fr\\\/#\\\/schema\\\/logo\\\/image\\\/\"}}]}<\/script>\n<!-- \/ Yoast SEO plugin. -->","yoast_head_json":{"title":"\u00c0 propos - Kawneer Canada","robots":{"index":"index","follow":"follow","max-snippet":"max-snippet:-1","max-image-preview":"max-image-preview:large","max-video-preview":"max-video-preview:-1"},"canonical":"https:\/\/www.kawneer.ca\/fr\/a-propos\/","og_locale":"fr_CA","og_type":"article","og_title":"\u00c0 propos - Kawneer Canada","og_url":"https:\/\/www.kawneer.ca\/fr\/a-propos\/","og_site_name":"Kawneer Canada","article_modified_time":"2023-05-18T08:35:20+00:00","twitter_card":"summary_large_image","schema":{"@context":"https:\/\/schema.org","@graph":[{"@type":"WebPage","@id":"https:\/\/www.kawneer.ca\/fr\/a-propos\/","url":"https:\/\/www.kawneer.ca\/fr\/a-propos\/","name":"\u00c0 propos - Kawneer Canada","isPartOf":{"@id":"https:\/\/www.kawneer.ca\/fr\/#website"},"datePublished":"2022-08-03T12:56:40+00:00","dateModified":"2023-05-18T08:35:20+00:00","breadcrumb":{"@id":"https:\/\/www.kawneer.ca\/fr\/a-propos\/#breadcrumb"},"inLanguage":"fr-CA","potentialAction":[{"@type":"ReadAction","target":["https:\/\/www.kawneer.ca\/fr\/a-propos\/"]}]},{"@type":"BreadcrumbList","@id":"https:\/\/www.kawneer.ca\/fr\/a-propos\/#breadcrumb","itemListElement":[{"@type":"ListItem","position":1,"name":"Home","item":"https:\/\/www.kawneer.ca\/fr\/"},{"@type":"ListItem","position":2,"name":"\u00c0 propos"}]},{"@type":"WebSite","@id":"https:\/\/www.kawneer.ca\/fr\/#website","url":"https:\/\/www.kawneer.ca\/fr\/","name":"Kawneer Canada","description":"","publisher":{"@id":"https:\/\/www.kawneer.ca\/fr\/#organization"},"potentialAction":[{"@type":"SearchAction","target":{"@type":"EntryPoint","urlTemplate":"https:\/\/www.kawneer.ca\/fr\/?s={search_term_string}"},"query-input":{"@type":"PropertyValueSpecification","valueRequired":true,"valueName":"search_term_string"}}],"inLanguage":"fr-CA"},{"@type":"Organization","@id":"https:\/\/www.kawneer.ca\/fr\/#organization","name":"Kawneer","url":"https:\/\/www.kawneer.ca\/fr\/","logo":{"@type":"ImageObject","inLanguage":"fr-CA","@id":"https:\/\/www.kawneer.ca\/fr\/#\/schema\/logo\/image\/","url":"https:\/\/www.kawneer.ca\/wp-content\/uploads\/2022\/08\/Kawneer-logo.png","contentUrl":"https:\/\/www.kawneer.ca\/wp-content\/uploads\/2022\/08\/Kawneer-logo.png","width":405,"height":75,"caption":"Kawneer"},"image":{"@id":"https:\/\/www.kawneer.ca\/fr\/#\/schema\/logo\/image\/"}}]}},"_links":{"self":[{"href":"https:\/\/www.kawneer.ca\/fr\/wp-json\/wp\/v2\/pages\/13191","targetHints":{"allow":["GET"]}}],"collection":[{"href":"https:\/\/www.kawneer.ca\/fr\/wp-json\/wp\/v2\/pages"}],"about":[{"href":"https:\/\/www.kawneer.ca\/fr\/wp-json\/wp\/v2\/types\/page"}],"author":[{"embeddable":true,"href":"https:\/\/www.kawneer.ca\/fr\/wp-json\/wp\/v2\/users\/1"}],"replies":[{"embeddable":true,"href":"https:\/\/www.kawneer.ca\/fr\/wp-json\/wp\/v2\/comments?post=13191"}],"version-history":[{"count":16,"href":"https:\/\/www.kawneer.ca\/fr\/wp-json\/wp\/v2\/pages\/13191\/revisions"}],"predecessor-version":[{"id":14982,"href":"https:\/\/www.kawneer.ca\/fr\/wp-json\/wp\/v2\/pages\/13191\/revisions\/14982"}],"wp:attachment":[{"href":"https:\/\/www.kawneer.ca\/fr\/wp-json\/wp\/v2\/media?parent=13191"}],"curies":[{"name":"wp","href":"https:\/\/api.w.org\/{rel}","templated":true}]}}