{"id":14963,"date":"2023-05-17T10:55:31","date_gmt":"2023-05-17T09:55:31","guid":{"rendered":"https:\/\/www.kawneer.ca\/fabrication\/"},"modified":"2023-05-17T11:11:52","modified_gmt":"2023-05-17T10:11:52","slug":"fabrication","status":"publish","type":"page","link":"https:\/\/www.kawneer.ca\/fr\/fabrication\/","title":{"rendered":"Fabrication"},"content":{"rendered":"<section>\n    <div id=\"block-large-image-slider-block_d0e71a1b555ddc78401c590a060ac390\" class=\"block-large-image-slider  swiper swiper-large-image-banner \" data-slidetime=\"3\" data-loop=\"false\">\n        <div class=\"swiper-wrapper\">\n                            <div class=\"block-large-image-slider__slide swiper-slide pos-rela\">\n\n                                            <picture>\n                            <img decoding=\"async\"\n                                src=\"https:\/\/www.kawneer.ca\/wp-content\/uploads\/2023\/05\/manufacturing-banner.jpg\"\n                                alt=\"\"\n                                srcset=\"https:\/\/www.kawneer.ca\/wp-content\/uploads\/2023\/05\/manufacturing-banner.jpg 1400w, https:\/\/www.kawneer.ca\/wp-content\/uploads\/2023\/05\/manufacturing-banner-300x110.jpg 300w, https:\/\/www.kawneer.ca\/wp-content\/uploads\/2023\/05\/manufacturing-banner-1024x374.jpg 1024w, https:\/\/www.kawneer.ca\/wp-content\/uploads\/2023\/05\/manufacturing-banner-768x281.jpg 768w\"\n                                sizes=\"(max-width: 1400px) 100vw, 1400px\" \/>\n                        <\/picture>\n                                            \n                    <div class=\"vignette\"><\/div>\n                    <div class=\"container\">\n                        <div class=\"content\">\n                            <p class=\"txt-label\">\u00c0 propos<\/p>\n                                                            <h1 class=\"title\">Qualit\u00e9 et innovation prouv\u00e9es<\/h1>\n                                                                                        <div class=\"body\"><p>Depuis sa cr\u00e9ation en 1906, Kawneer a d\u00e9velopp\u00e9 et affin\u00e9 des capacit\u00e9s de fabrication qui permettent la production et la livraison de syst\u00e8mes et de produits architecturaux tr\u00e8s performants et leaders sur le march\u00e9.<\/p>\n<\/div>\n                                                                                                            <\/div>\n                    <\/div>\n                <\/div>\n                    <\/div>\n        <div class=\"container swiper-pagination swiper-pagination-banner\"><\/div>\n    <\/div>\n<\/section><section class=\"block-centred-text-outer\" >\n    <div class=\"container\">\n        <div class=\"row\">\n            <div class=\"col-12 block-centred-text\" data-aos=\"fade-up\">\n                                                <div class=\"body-container \">\n                    <p>Les installations de production de Kawneer sont r\u00e9parties dans le monde entier. En Am\u00e9rique du Nord, nous disposons d&rsquo;un riche h\u00e9ritage en mati\u00e8re de conception, de fabrication et de livraison de produits de fa\u00e7ade en aluminium de premier plan. Nous sommes un fabricant responsable avec des valeurs fortes, et notre \u00e9quipe diversifi\u00e9e se consacre \u00e0 aider nos partenaires \u00e0 r\u00e9aliser ce qui est possible dans le vaste espace des projets de construction de b\u00e2timents.  <\/p>\n                <\/div>\n                            <\/div>\n        <\/div>\n    <\/div>\n<\/section><section class=\"video add-padding \" style=\"background: \">\n    <div class=\"container\">\n        <div class=\"row\">\n                        <div class=\"col-md-10 offset-md-1 video-center\">\n                <div class=\"video-outer\">\n                    <div class=\"video-container\">\n                                                    <iframe class=\"video-iframe\" src=\"https:\/\/www.youtube.com\/embed\/BFCZ-vZhqr4?enablejsapi=1&#038;origin=http:\/\/www.kawneer.com&#038;rel=0&#038;wmode=transparent&#038;cc=1\" title=\"YouTube video player\" frameborder=\"0\" allow=\"accelerometer; autoplay; clipboard-write; encrypted-media; gyroscope; picture-in-picture\" allowfullscreen>\n                            <\/iframe>\n                                            <\/div>\n                <\/div>\n\n            <\/div>\n        <\/div>\n    <\/div>\n<\/section><section id=\"\" class=\"block-text-image-split imageright  \" style=\"background-color:#f0f0f0\">\n    <div class=\"container\">\n        <div class=\"row\">\n            <div class=\"col-lg-6 \">\n                <div class=\"pos-rela image-container \">\n                    <picture>\n                        <source media=\"(max-width: 350px)\" srcset=\"https:\/\/www.kawneer.ca\/wp-content\/uploads\/2023\/05\/Mask-Group-1-300x168.jpg\">\n                        <source media=\"(max-width: 768px)\" srcset=\"https:\/\/www.kawneer.ca\/wp-content\/uploads\/2023\/05\/Mask-Group-1.jpg\">\n                        <source media=\"(max-width: 1024px)\" srcset=\"https:\/\/www.kawneer.ca\/wp-content\/uploads\/2023\/05\/Mask-Group-1.jpg\">\n                        <img decoding=\"async\" id=\"\" class=\"block-text-image-split__image \" src=\"https:\/\/www.kawneer.ca\/wp-content\/uploads\/2023\/05\/Mask-Group-1.jpg\" alt=\"\" \/>\n                    <\/picture>\n                                    <\/div>\n            <\/div>\n            <div class=\"col-lg-6 order-top\">\n                <div class=\"block-text-image-split__container \">\n                    <div class=\"header-content\">\n                        <h4 id=\"\"><\/h4>\n                                            <\/div>\n\n                    <h5><\/h5>\n\n                    <h4>Des solutions pionni\u00e8res pour l&rsquo;aluminium<\/h4>\n<p>Nous disposons d&rsquo;un portefeuille de solutions \u00e9prouv\u00e9es en mati\u00e8re de fa\u00e7ades et d&rsquo;enveloppes de b\u00e2timents en aluminium. Qu&rsquo;il s&rsquo;agisse de fa\u00e7ades de magasins, de portes fabriqu\u00e9es, de fen\u00eatres ou de murs-rideaux, nos installations de fabrication et notre r\u00e9seau de centres de services offrent un service int\u00e9gr\u00e9 de bout en bout.<\/p>\n\n                    \n\n\n\n                                    <\/div>\n            <\/div>\n        <\/div>\n    <\/div>\n<\/section><section id=\"\" class=\"block-text-image-split imageleft  \" style=\"background-color:\">\n    <div class=\"container\">\n        <div class=\"row\">\n            <div class=\"col-lg-6 \">\n                <div class=\"pos-rela image-container \">\n                    <picture>\n                        <source media=\"(max-width: 350px)\" srcset=\"https:\/\/www.kawneer.ca\/wp-content\/uploads\/2023\/05\/Mask-Group-2-300x168.jpg\">\n                        <source media=\"(max-width: 768px)\" srcset=\"https:\/\/www.kawneer.ca\/wp-content\/uploads\/2023\/05\/Mask-Group-2.jpg\">\n                        <source media=\"(max-width: 1024px)\" srcset=\"https:\/\/www.kawneer.ca\/wp-content\/uploads\/2023\/05\/Mask-Group-2.jpg\">\n                        <img decoding=\"async\" id=\"\" class=\"block-text-image-split__image \" src=\"https:\/\/www.kawneer.ca\/wp-content\/uploads\/2023\/05\/Mask-Group-2.jpg\" alt=\"\" \/>\n                    <\/picture>\n                                    <\/div>\n            <\/div>\n            <div class=\"col-lg-6 \">\n                <div class=\"block-text-image-split__container \">\n                    <div class=\"header-content\">\n                        <h4 id=\"\"><\/h4>\n                                            <\/div>\n\n                    <h5><\/h5>\n\n                    <h4>L&rsquo;excellence manufacturi\u00e8re \u00e0 votre service<\/h4>\n<p>En se faisant les champions des nouvelles m\u00e9thodes de construction et en soutenant l&rsquo;industrie gr\u00e2ce \u00e0 une \u00e9quipe exceptionnelle d\u00e9di\u00e9e \u00e0 la cr\u00e9ation de la meilleure exp\u00e9rience client, nos installations en Am\u00e9rique du Nord int\u00e8grent tous les aspects du processus de conception, de production et de livraison.<\/p>\n\n                    \n\n\n\n                                    <\/div>\n            <\/div>\n        <\/div>\n    <\/div>\n<\/section><section id=\"\" class=\"block-text-image-split imageright  \" style=\"background-color:#f0f0f0\">\n    <div class=\"container\">\n        <div class=\"row\">\n            <div class=\"col-lg-6 \">\n                <div class=\"pos-rela image-container \">\n                    <picture>\n                        <source media=\"(max-width: 350px)\" srcset=\"https:\/\/www.kawneer.ca\/wp-content\/uploads\/2023\/05\/Mask-Group-3-300x168.jpg\">\n                        <source media=\"(max-width: 768px)\" srcset=\"https:\/\/www.kawneer.ca\/wp-content\/uploads\/2023\/05\/Mask-Group-3.jpg\">\n                        <source media=\"(max-width: 1024px)\" srcset=\"https:\/\/www.kawneer.ca\/wp-content\/uploads\/2023\/05\/Mask-Group-3.jpg\">\n                        <img decoding=\"async\" id=\"\" class=\"block-text-image-split__image \" src=\"https:\/\/www.kawneer.ca\/wp-content\/uploads\/2023\/05\/Mask-Group-3.jpg\" alt=\"\" \/>\n                    <\/picture>\n                                    <\/div>\n            <\/div>\n            <div class=\"col-lg-6 order-top\">\n                <div class=\"block-text-image-split__container \">\n                    <div class=\"header-content\">\n                        <h4 id=\"\"><\/h4>\n                                            <\/div>\n\n                    <h5><\/h5>\n\n                    <h4>Une \u00e9quipe d\u00e9vou\u00e9e<\/h4>\n<p>Gr\u00e2ce \u00e0 l&rsquo;attention et \u00e0 l&rsquo;engagement de nos collaborateurs, notre souci constant d&rsquo;innovation a donn\u00e9 naissance \u00e0 des centaines de produits r\u00e9volutionnaires, qui nous permettent de contribuer \u00e0 un avenir plus positif et plus durable.<\/p>\n\n                    \n\n\n\n                                    <\/div>\n            <\/div>\n        <\/div>\n    <\/div>\n<\/section><section>\n    <div class=\"block-product-category-grid\">\n        <div class=\"container\">\n            <div class=\"row\">\n                <div class=\"col-lg-3 col-md-12 block-product-category-grid__overview\">\n                    <h2 class=\"block-product-category-grid__title\">DES PRODUITS D&rsquo;AVANT-GARDE POUR DES B\u00c2TIMENTS ORIGINAUX<\/h2>\n                    <p class=\"block-product-category-grid__description\">Notre gamme de produits s&rsquo;\u00e9tend des fa\u00e7ades et entr\u00e9es de magasins, leaders du secteur, aux syst\u00e8mes unitaires innovants et aux fen\u00eatres.<\/p>\n                                            <a class=\"button button__primary block-product-category-grid__link\" href=\"https:\/\/www.kawneer.ca\/fr\/produits\/\">Tous les produits<\/a>\n                                    <\/div>\n                <div class=\"col-lg-9 col-md-12\">\n                    <div class=\"row gy-1 gx-3\">\n                                                        <div class=\"col-lg-4 col-md-6 block-product-category-grid__category-item\">\n                                    <a href=\"https:\/\/www.kawneer.ca\/products\/curtain-wall\">\n                                                                                    <img decoding=\"async\" alt=\"Curtain Wall\" data-aos=\"zoom-in\" src=\"https:\/\/www.kawneer.ca\/wp-content\/uploads\/2022\/08\/curtain_wall.png\" alt=\"\" \/>\n                                        \n                                        <div class=\"block-product-category-grid__title-inner\">\n                                            <p>Curtain Wall<\/p>\n                                            <img decoding=\"async\" width=\"20px\" height=\"20px\" class=\"arrow\" alt=\"arrow icon\" src=\"https:\/\/www.kawneer.ca\/wp-content\/themes\/kawneer\/img\/arrow-right.svg\" \/>\n                                        <\/div>\n\n                                    <\/a>\n                                <\/div>\n                                                        <div class=\"col-lg-4 col-md-6 block-product-category-grid__category-item\">\n                                    <a href=\"https:\/\/www.kawneer.ca\/products\/window-wall\">\n                                                                                    <img decoding=\"async\" alt=\"Window Wall and Ribbon Window\" data-aos=\"zoom-in\" src=\"https:\/\/www.kawneer.ca\/wp-content\/uploads\/2022\/08\/window_walls.png\" alt=\"\" \/>\n                                        \n                                        <div class=\"block-product-category-grid__title-inner\">\n                                            <p>Window Wall and Ribbon Window<\/p>\n                                            <img decoding=\"async\" width=\"20px\" height=\"20px\" class=\"arrow\" alt=\"arrow icon\" src=\"https:\/\/www.kawneer.ca\/wp-content\/themes\/kawneer\/img\/arrow-right.svg\" \/>\n                                        <\/div>\n\n                                    <\/a>\n                                <\/div>\n                                                        <div class=\"col-lg-4 col-md-6 block-product-category-grid__category-item\">\n                                    <a href=\"https:\/\/www.kawneer.ca\/products\/doors-and-entrances\">\n                                                                                    <img decoding=\"async\" alt=\"Doors and Entrances\" data-aos=\"zoom-in\" src=\"https:\/\/www.kawneer.ca\/wp-content\/uploads\/2022\/08\/doors_entrances.png\" alt=\"\" \/>\n                                        \n                                        <div class=\"block-product-category-grid__title-inner\">\n                                            <p>Doors and Entrances<\/p>\n                                            <img decoding=\"async\" width=\"20px\" height=\"20px\" class=\"arrow\" alt=\"arrow icon\" src=\"https:\/\/www.kawneer.ca\/wp-content\/themes\/kawneer\/img\/arrow-right.svg\" \/>\n                                        <\/div>\n\n                                    <\/a>\n                                <\/div>\n                                                        <div class=\"col-lg-4 col-md-6 block-product-category-grid__category-item\">\n                                    <a href=\"https:\/\/www.kawneer.ca\/products\/windows\">\n                                                                                    <img decoding=\"async\" alt=\"Windows\" data-aos=\"zoom-in\" src=\"https:\/\/www.kawneer.ca\/wp-content\/uploads\/2022\/08\/windows.png\" alt=\"\" \/>\n                                        \n                                        <div class=\"block-product-category-grid__title-inner\">\n                                            <p>Windows<\/p>\n                                            <img decoding=\"async\" width=\"20px\" height=\"20px\" class=\"arrow\" alt=\"arrow icon\" src=\"https:\/\/www.kawneer.ca\/wp-content\/themes\/kawneer\/img\/arrow-right.svg\" \/>\n                                        <\/div>\n\n                                    <\/a>\n                                <\/div>\n                                                        <div class=\"col-lg-4 col-md-6 block-product-category-grid__category-item\">\n                                    <a href=\"https:\/\/www.kawneer.ca\/products\/storefront-framing\">\n                                                                                    <img decoding=\"async\" alt=\"Storefront Framing\" data-aos=\"zoom-in\" src=\"https:\/\/www.kawneer.ca\/wp-content\/uploads\/2022\/08\/storefront_framing.png\" alt=\"\" \/>\n                                        \n                                        <div class=\"block-product-category-grid__title-inner\">\n                                            <p>Storefront Framing<\/p>\n                                            <img decoding=\"async\" width=\"20px\" height=\"20px\" class=\"arrow\" alt=\"arrow icon\" src=\"https:\/\/www.kawneer.ca\/wp-content\/themes\/kawneer\/img\/arrow-right.svg\" \/>\n                                        <\/div>\n\n                                    <\/a>\n                                <\/div>\n                                                        <div class=\"col-lg-4 col-md-6 block-product-category-grid__category-item\">\n                                    <a href=\"https:\/\/www.kawneer.ca\/products\/interior-framing\">\n                                                                                    <img decoding=\"async\" alt=\"Interior Framing\" data-aos=\"zoom-in\" src=\"https:\/\/www.kawneer.ca\/wp-content\/uploads\/2022\/08\/interior_framing.png\" alt=\"\" \/>\n                                        \n                                        <div class=\"block-product-category-grid__title-inner\">\n                                            <p>Interior Framing<\/p>\n                                            <img decoding=\"async\" width=\"20px\" height=\"20px\" class=\"arrow\" alt=\"arrow icon\" src=\"https:\/\/www.kawneer.ca\/wp-content\/themes\/kawneer\/img\/arrow-right.svg\" \/>\n                                        <\/div>\n\n                                    <\/a>\n                                <\/div>\n                                                        <div class=\"col-lg-4 col-md-6 block-product-category-grid__category-item\">\n                                    <a href=\"https:\/\/www.kawneer.ca\/products\/sun-control\">\n                                                                                    <img decoding=\"async\" alt=\"Sun Control\" data-aos=\"zoom-in\" src=\"https:\/\/www.kawneer.ca\/wp-content\/uploads\/2022\/09\/sun_control.png\" alt=\"\" \/>\n                                        \n                                        <div class=\"block-product-category-grid__title-inner\">\n                                            <p>Sun Control<\/p>\n                                            <img decoding=\"async\" width=\"20px\" height=\"20px\" class=\"arrow\" alt=\"arrow icon\" src=\"https:\/\/www.kawneer.ca\/wp-content\/themes\/kawneer\/img\/arrow-right.svg\" \/>\n                                        <\/div>\n\n                                    <\/a>\n                                <\/div>\n                                                        <div class=\"col-lg-4 col-md-6 block-product-category-grid__category-item\">\n                                    <a href=\"https:\/\/www.kawneer.ca\/products\/overhead-glazing\">\n                                                                                    <img decoding=\"async\" alt=\"Overhead Glazing\" data-aos=\"zoom-in\" src=\"https:\/\/www.kawneer.ca\/wp-content\/uploads\/2022\/08\/overhead_glazing.png\" alt=\"\" \/>\n                                        \n                                        <div class=\"block-product-category-grid__title-inner\">\n                                            <p>Overhead Glazing<\/p>\n                                            <img decoding=\"async\" width=\"20px\" height=\"20px\" class=\"arrow\" alt=\"arrow icon\" src=\"https:\/\/www.kawneer.ca\/wp-content\/themes\/kawneer\/img\/arrow-right.svg\" \/>\n                                        <\/div>\n\n                                    <\/a>\n                                <\/div>\n                                            <\/div>\n                <\/div>\n            <\/div>\n        <\/div>\n    <\/div>\n<\/section>","protected":false},"excerpt":{"rendered":"","protected":false},"author":9,"featured_media":0,"parent":0,"menu_order":0,"comment_status":"closed","ping_status":"closed","template":"","meta":{"_acf_changed":false,"footnotes":""},"class_list":["post-14963","page","type-page","status-publish","hentry"],"acf":[],"yoast_head":"<!-- This site is optimized with the Yoast SEO plugin v27.3 - https:\/\/yoast.com\/product\/yoast-seo-wordpress\/ -->\n<title>Fabrication - Kawneer Canada<\/title>\n<meta name=\"robots\" content=\"index, follow, max-snippet:-1, max-image-preview:large, max-video-preview:-1\" \/>\n<link rel=\"canonical\" href=\"https:\/\/www.kawneer.ca\/fr\/fabrication\/\" \/>\n<meta property=\"og:locale\" content=\"fr_CA\" \/>\n<meta property=\"og:type\" content=\"article\" \/>\n<meta property=\"og:title\" content=\"Fabrication - Kawneer Canada\" \/>\n<meta property=\"og:url\" content=\"https:\/\/www.kawneer.ca\/fr\/fabrication\/\" \/>\n<meta property=\"og:site_name\" content=\"Kawneer Canada\" \/>\n<meta property=\"article:modified_time\" content=\"2023-05-17T10:11:52+00:00\" \/>\n<meta name=\"twitter:card\" content=\"summary_large_image\" \/>\n<script type=\"application\/ld+json\" class=\"yoast-schema-graph\">{\"@context\":\"https:\\\/\\\/schema.org\",\"@graph\":[{\"@type\":\"WebPage\",\"@id\":\"https:\\\/\\\/www.kawneer.ca\\\/fr\\\/fabrication\\\/\",\"url\":\"https:\\\/\\\/www.kawneer.ca\\\/fr\\\/fabrication\\\/\",\"name\":\"Fabrication - Kawneer Canada\",\"isPartOf\":{\"@id\":\"https:\\\/\\\/www.kawneer.ca\\\/fr\\\/#website\"},\"datePublished\":\"2023-05-17T09:55:31+00:00\",\"dateModified\":\"2023-05-17T10:11:52+00:00\",\"breadcrumb\":{\"@id\":\"https:\\\/\\\/www.kawneer.ca\\\/fr\\\/fabrication\\\/#breadcrumb\"},\"inLanguage\":\"fr-CA\",\"potentialAction\":[{\"@type\":\"ReadAction\",\"target\":[\"https:\\\/\\\/www.kawneer.ca\\\/fr\\\/fabrication\\\/\"]}]},{\"@type\":\"BreadcrumbList\",\"@id\":\"https:\\\/\\\/www.kawneer.ca\\\/fr\\\/fabrication\\\/#breadcrumb\",\"itemListElement\":[{\"@type\":\"ListItem\",\"position\":1,\"name\":\"Home\",\"item\":\"https:\\\/\\\/www.kawneer.ca\\\/fr\\\/\"},{\"@type\":\"ListItem\",\"position\":2,\"name\":\"Fabrication\"}]},{\"@type\":\"WebSite\",\"@id\":\"https:\\\/\\\/www.kawneer.ca\\\/fr\\\/#website\",\"url\":\"https:\\\/\\\/www.kawneer.ca\\\/fr\\\/\",\"name\":\"Kawneer Canada\",\"description\":\"\",\"publisher\":{\"@id\":\"https:\\\/\\\/www.kawneer.ca\\\/fr\\\/#organization\"},\"potentialAction\":[{\"@type\":\"SearchAction\",\"target\":{\"@type\":\"EntryPoint\",\"urlTemplate\":\"https:\\\/\\\/www.kawneer.ca\\\/fr\\\/?s={search_term_string}\"},\"query-input\":{\"@type\":\"PropertyValueSpecification\",\"valueRequired\":true,\"valueName\":\"search_term_string\"}}],\"inLanguage\":\"fr-CA\"},{\"@type\":\"Organization\",\"@id\":\"https:\\\/\\\/www.kawneer.ca\\\/fr\\\/#organization\",\"name\":\"Kawneer\",\"url\":\"https:\\\/\\\/www.kawneer.ca\\\/fr\\\/\",\"logo\":{\"@type\":\"ImageObject\",\"inLanguage\":\"fr-CA\",\"@id\":\"https:\\\/\\\/www.kawneer.ca\\\/fr\\\/#\\\/schema\\\/logo\\\/image\\\/\",\"url\":\"https:\\\/\\\/www.kawneer.ca\\\/wp-content\\\/uploads\\\/2022\\\/08\\\/Kawneer-logo.png\",\"contentUrl\":\"https:\\\/\\\/www.kawneer.ca\\\/wp-content\\\/uploads\\\/2022\\\/08\\\/Kawneer-logo.png\",\"width\":405,\"height\":75,\"caption\":\"Kawneer\"},\"image\":{\"@id\":\"https:\\\/\\\/www.kawneer.ca\\\/fr\\\/#\\\/schema\\\/logo\\\/image\\\/\"}}]}<\/script>\n<!-- \/ Yoast SEO plugin. -->","yoast_head_json":{"title":"Fabrication - Kawneer Canada","robots":{"index":"index","follow":"follow","max-snippet":"max-snippet:-1","max-image-preview":"max-image-preview:large","max-video-preview":"max-video-preview:-1"},"canonical":"https:\/\/www.kawneer.ca\/fr\/fabrication\/","og_locale":"fr_CA","og_type":"article","og_title":"Fabrication - Kawneer Canada","og_url":"https:\/\/www.kawneer.ca\/fr\/fabrication\/","og_site_name":"Kawneer Canada","article_modified_time":"2023-05-17T10:11:52+00:00","twitter_card":"summary_large_image","schema":{"@context":"https:\/\/schema.org","@graph":[{"@type":"WebPage","@id":"https:\/\/www.kawneer.ca\/fr\/fabrication\/","url":"https:\/\/www.kawneer.ca\/fr\/fabrication\/","name":"Fabrication - Kawneer Canada","isPartOf":{"@id":"https:\/\/www.kawneer.ca\/fr\/#website"},"datePublished":"2023-05-17T09:55:31+00:00","dateModified":"2023-05-17T10:11:52+00:00","breadcrumb":{"@id":"https:\/\/www.kawneer.ca\/fr\/fabrication\/#breadcrumb"},"inLanguage":"fr-CA","potentialAction":[{"@type":"ReadAction","target":["https:\/\/www.kawneer.ca\/fr\/fabrication\/"]}]},{"@type":"BreadcrumbList","@id":"https:\/\/www.kawneer.ca\/fr\/fabrication\/#breadcrumb","itemListElement":[{"@type":"ListItem","position":1,"name":"Home","item":"https:\/\/www.kawneer.ca\/fr\/"},{"@type":"ListItem","position":2,"name":"Fabrication"}]},{"@type":"WebSite","@id":"https:\/\/www.kawneer.ca\/fr\/#website","url":"https:\/\/www.kawneer.ca\/fr\/","name":"Kawneer Canada","description":"","publisher":{"@id":"https:\/\/www.kawneer.ca\/fr\/#organization"},"potentialAction":[{"@type":"SearchAction","target":{"@type":"EntryPoint","urlTemplate":"https:\/\/www.kawneer.ca\/fr\/?s={search_term_string}"},"query-input":{"@type":"PropertyValueSpecification","valueRequired":true,"valueName":"search_term_string"}}],"inLanguage":"fr-CA"},{"@type":"Organization","@id":"https:\/\/www.kawneer.ca\/fr\/#organization","name":"Kawneer","url":"https:\/\/www.kawneer.ca\/fr\/","logo":{"@type":"ImageObject","inLanguage":"fr-CA","@id":"https:\/\/www.kawneer.ca\/fr\/#\/schema\/logo\/image\/","url":"https:\/\/www.kawneer.ca\/wp-content\/uploads\/2022\/08\/Kawneer-logo.png","contentUrl":"https:\/\/www.kawneer.ca\/wp-content\/uploads\/2022\/08\/Kawneer-logo.png","width":405,"height":75,"caption":"Kawneer"},"image":{"@id":"https:\/\/www.kawneer.ca\/fr\/#\/schema\/logo\/image\/"}}]}},"_links":{"self":[{"href":"https:\/\/www.kawneer.ca\/fr\/wp-json\/wp\/v2\/pages\/14963","targetHints":{"allow":["GET"]}}],"collection":[{"href":"https:\/\/www.kawneer.ca\/fr\/wp-json\/wp\/v2\/pages"}],"about":[{"href":"https:\/\/www.kawneer.ca\/fr\/wp-json\/wp\/v2\/types\/page"}],"author":[{"embeddable":true,"href":"https:\/\/www.kawneer.ca\/fr\/wp-json\/wp\/v2\/users\/9"}],"replies":[{"embeddable":true,"href":"https:\/\/www.kawneer.ca\/fr\/wp-json\/wp\/v2\/comments?post=14963"}],"version-history":[{"count":1,"href":"https:\/\/www.kawneer.ca\/fr\/wp-json\/wp\/v2\/pages\/14963\/revisions"}],"predecessor-version":[{"id":14964,"href":"https:\/\/www.kawneer.ca\/fr\/wp-json\/wp\/v2\/pages\/14963\/revisions\/14964"}],"wp:attachment":[{"href":"https:\/\/www.kawneer.ca\/fr\/wp-json\/wp\/v2\/media?parent=14963"}],"curies":[{"name":"wp","href":"https:\/\/api.w.org\/{rel}","templated":true}]}}