{"id":16448,"date":"2025-01-14T11:06:15","date_gmt":"2025-01-14T11:06:15","guid":{"rendered":"https:\/\/www.kawneer.ca\/?page_id=16448"},"modified":"2025-01-14T11:56:31","modified_gmt":"2025-01-14T11:56:31","slug":"1600ut-ss-systeme-de-mur-rideau","status":"publish","type":"page","link":"https:\/\/www.kawneer.ca\/fr\/1600ut-ss-systeme-de-mur-rideau\/","title":{"rendered":"1600UT SS Syst\u00e8me de mur-rideau"},"content":{"rendered":"<section>\n    <div id=\"block-large-image-slider-block_565aac5bd791892a6e64f827bd3ba59a\" class=\"block-large-image-slider  swiper swiper-large-image-banner \" data-slidetime=\"3\" data-loop=\"false\">\n        <div class=\"swiper-wrapper\">\n                            <div class=\"block-large-image-slider__slide swiper-slide pos-rela\">\n\n                                            <picture>\n                            <img decoding=\"async\"\n                                src=\"https:\/\/www.kawneer.ca\/wp-content\/uploads\/2025\/01\/Hero-Shot-Draft_02-closed_.webp\"\n                                alt=\"\"\n                                srcset=\"https:\/\/www.kawneer.ca\/wp-content\/uploads\/2025\/01\/Hero-Shot-Draft_02-closed_.webp 2100w, https:\/\/www.kawneer.ca\/wp-content\/uploads\/2025\/01\/Hero-Shot-Draft_02-closed_-300x145.webp 300w, https:\/\/www.kawneer.ca\/wp-content\/uploads\/2025\/01\/Hero-Shot-Draft_02-closed_-1024x493.webp 1024w, https:\/\/www.kawneer.ca\/wp-content\/uploads\/2025\/01\/Hero-Shot-Draft_02-closed_-768x370.webp 768w, https:\/\/www.kawneer.ca\/wp-content\/uploads\/2025\/01\/Hero-Shot-Draft_02-closed_-1536x740.webp 1536w, https:\/\/www.kawneer.ca\/wp-content\/uploads\/2025\/01\/Hero-Shot-Draft_02-closed_-2048x987.webp 2048w\"\n                                sizes=\"(max-width: 2100px) 100vw, 2100px\" \/>\n                        <\/picture>\n                                            \n                    <div class=\"vignette\"><\/div>\n                    <div class=\"container\">\n                        <div class=\"content\">\n                            <p class=\"txt-label\"><\/p>\n                                                            <h1 class=\"title\">1600UT SS<br>Syst\u00e8me de mur-rideau<\/h1>\n                                                                                                                                        <\/div>\n                    <\/div>\n                <\/div>\n                    <\/div>\n        <div class=\"container swiper-pagination swiper-pagination-banner\"><\/div>\n    <\/div>\n<\/section>\n\n<section class=\"block-centred-text-outer\" >\n    <div class=\"container\">\n        <div class=\"row\">\n            <div class=\"col-12 block-centred-text\" data-aos=\"fade-up\">\n                                                    <div class=\"block-centred-text__title\">\n                        Combinaison efficace de la simplicit\u00e9 de la cannelure de la vis et de la performance thermique ultra-performante                    <\/div>\n                                <div class=\"body-container \">\n                    <p>Le syst\u00e8me de mur-rideau 1600UT SS a \u00e9t\u00e9 con\u00e7u pour r\u00e9pondre aux besoins de l&rsquo;industrie du b\u00e2timent et de la construction. Ce syst\u00e8me r\u00e9unit les performances thermiques \u00e9lev\u00e9es du mur-rideau 1600UT System\u2122 1 et le syst\u00e8me de cannelures \u00e0 vis facile \u00e0 installer du syst\u00e8me de mur-rideau 1600 SS.<\/p>\n                <\/div>\n                            <\/div>\n        <\/div>\n    <\/div>\n<\/section>\n\n<section class=\"video  \" style=\"background: #FFFFFF\">\n    <div class=\"container\">\n        <div class=\"row\">\n                        <div class=\"col-md-12 video-center\">\n                <div class=\"video-outer\">\n                    <div class=\"video-container\">\n                                                    <iframe class=\"video-iframe\" src=\"https:\/\/player.vimeo.com\/video\/1045654925?h=4956ce46df&amp;badge=0&amp;autopause=0&amp;player_id=0&amp;app_id=58479?enablejsapi=1&#038;origin=http:\/\/www.kawneer.com&#038;rel=0&#038;wmode=transparent&#038;cc=1\" title=\"YouTube video player\" frameborder=\"0\" allow=\"accelerometer; autoplay; clipboard-write; encrypted-media; gyroscope; picture-in-picture\" allowfullscreen>\n                            <\/iframe>\n                                            <\/div>\n                <\/div>\n\n            <\/div>\n        <\/div>\n    <\/div>\n<\/section>\n\n<section class=\"block-ppc-text-image-split\">\n    <div class=\"container\">\n        <div class=\"row\">\n            <div class=\"outer\">\n\n                                            <div class=\"col-sm-12 col-lg-6 image-outer \">\n                                <div class=\"rectangle-image remove-left\">\n                                    <img decoding=\"async\"\n                                        src=\"https:\/\/www.kawneer.ca\/wp-content\/uploads\/2025\/01\/1600UTSS-V2.webp\"\n                                        alt=\"\"\n                                        srcset=\"https:\/\/www.kawneer.ca\/wp-content\/uploads\/2025\/01\/1600UTSS-V2.webp 2560w, https:\/\/www.kawneer.ca\/wp-content\/uploads\/2025\/01\/1600UTSS-V2-300x212.webp 300w, https:\/\/www.kawneer.ca\/wp-content\/uploads\/2025\/01\/1600UTSS-V2-1024x724.webp 1024w, https:\/\/www.kawneer.ca\/wp-content\/uploads\/2025\/01\/1600UTSS-V2-768x543.webp 768w, https:\/\/www.kawneer.ca\/wp-content\/uploads\/2025\/01\/1600UTSS-V2-1536x1086.webp 1536w, https:\/\/www.kawneer.ca\/wp-content\/uploads\/2025\/01\/1600UTSS-V2-2048x1448.webp 2048w\"\n                                        sizes=\"(max-width: 2560px) 100vw, 2560px\" \/>\n                                <\/div>\n                            <\/div>\n                                                    <div class=\"col-sm-12 col-lg-6 text-outer\">\n                                <div class=\"text-inner padding-right\">\n                                    <h3><\/h3>\n                                    <h5>Points forts du produit :  <\/h5>\n                                    <ul>\n<li>Fabrication \u00e0 vis de clavette<\/li>\n<li>Test\u00e9 pour r\u00e9pondre aux exigences sismiques les plus r\u00e9centes<\/li>\n<li>Facteur U global du syst\u00e8me de 0,24 avec un verre de 1&Prime;\/COG de 0,20<\/li>\n<li>Options d&rsquo;encadrement vitr\u00e9 int\u00e9rieur ou ext\u00e9rieur<\/li>\n<li>Aspect lisse sur la fa\u00e7ade, avec une ligne de visibilit\u00e9 de 63,5 mm (2-1\/2&Prime;) (couvercles personnalis\u00e9s disponibles)<\/li>\n<li>Mat\u00e9riaux de vitrage compatibles avec les silicones pour des joints durables<\/li>\n<li>Syst\u00e8me de profondeur standard de 7-3\/4&Prime; (196,9 mm) avec un syst\u00e8me de profondeur de 6-1\/4&Prime; (158,8 mm) \u00e9galement disponible.<\/li>\n<li>Trois options de remplissage standard sont propos\u00e9es pour r\u00e9pondre \u00e0 des exigences acoustiques suppl\u00e9mentaires.<\/li>\n<\/ul>\n\n                                    <div class=\"button-container\">\n                                                                                    <a class=\"button button__primary\" href=\"\/fr\/produits\/murs-rideaux\/1600ut-ss-curtain-wall-system\/\" target=\"_blank\">VOIR LE PRODUIT<\/a>\n                                                                            <\/div>\n                                <\/div>\n\n                            <\/div>\n                \n            <\/div>\n        <\/div>\n    <\/div>\n<\/section>\n\n<section class=\"block-ppc-text-image-split\">\n    <div class=\"container\">\n        <div class=\"row\">\n            <div class=\"outer\">\n\n                                            <div class=\"col-sm-12 col-lg-6 text-outer\">\n                                <div class=\"text-inner padding-right\">\n                                    <h3><\/h3>\n                                    <h5><\/h5>\n                                    <p>\u00c9tablissant de nouvelles normes dans la conception des syst\u00e8mes de murs-rideaux, le syst\u00e8me de murs-rideaux 1600UT SS \u00e0 rupture thermique et \u00e0 haute performance offre un facteur U de 0,29 en utilisant du verre standard de 1 po\/COG (centre du verre) de 0,24. Pour les march\u00e9s ayant des besoins thermiques suppl\u00e9mentaires, le syst\u00e8me peut atteindre un facteur U global du cadre de 0,24 en utilisant un verre de 1&Prime;\/COG de 0,20. Le syst\u00e8me peut \u00eatre int\u00e9gr\u00e9 de fa\u00e7on transparente \u00e0 nos fen\u00eatres GLASSvent\u00ae UT et \u00e0 nos entr\u00e9es thermiques Insulpour\u00ae, faisant de Kawneer une solution unique pour vos besoins en syst\u00e8mes ultra-thermiques. Le syst\u00e8me de mur-rideau 1600UT SS est une solution de construction en \u00e9chelle qui permet la fabrication de cannelures \u00e0 vis. Les meneaux verticaux peuvent facilement couvrir deux \u00e9tages, ce qui permet de maximiser l&rsquo;efficacit\u00e9 tout en minimisant les co\u00fbts d&rsquo;installation et la main-d&rsquo;\u0153uvre sur le terrain.<\/p>\n\n                                    <div class=\"button-container\">\n                                                                            <\/div>\n                                <\/div>\n\n                            <\/div>\n                                            <div class=\"col-sm-12 col-lg-6 image-outer \">\n                                <div class=\"rectangle-image remove-right\">\n                                    <img decoding=\"async\"\n                                        src=\"https:\/\/www.kawneer.ca\/wp-content\/uploads\/2025\/01\/Educational-Building-Winter-Setting-REV-A_2.webp\"\n                                        alt=\"\"\n                                        srcset=\"https:\/\/www.kawneer.ca\/wp-content\/uploads\/2025\/01\/Educational-Building-Winter-Setting-REV-A_2.webp 595w, https:\/\/www.kawneer.ca\/wp-content\/uploads\/2025\/01\/Educational-Building-Winter-Setting-REV-A_2-300x194.webp 300w\"\n                                        sizes=\"(max-width: 595px) 100vw, 595px\" \/>\n                                <\/div>\n                            <\/div>\n                        \n            <\/div>\n        <\/div>\n    <\/div>\n<\/section>\n\n<section class=\"block-cta-banner\">\n    <div class=\"container\">\n        <div class=\"row\">\n            <div class=\"content-wrapper\">\n                <h3>Des <strong>performances<\/strong> exceptionnelles <strong>.<\/strong> <strong>Durabilit\u00e9<\/strong> exceptionnelle. <strong>Combinaison<\/strong> exceptionnelle.<\/h3>\n                <p><p>En tant que produit \u00e0 faible teneur en carbone, avec un minimum de 50 % de contenu recycl\u00e9 et le reste de l&rsquo;aluminium primaire provenant d&rsquo;une fonderie hydro\u00e9lectrique, nous fournissons le syst\u00e8me de mur-rideau 1600UT SS avec la documentation de durabilit\u00e9 dont vous avez besoin, y compris le r\u00e9sum\u00e9 de transparence des mat\u00e9riaux (MTS), et l&rsquo;\u00e9tiquette Declare et plus encore.<\/p>\n<\/p>\n\n                                    <a class=\"button button__primary button__on-dark\" href=\"\/fr\/produits\/murs-rideaux\/1600ut-ss-curtain-wall-system\/\" target=\"_self\">En savoir plus<\/a>\n                            <\/div>\n        <\/div>\n    <\/div>\n<\/section>","protected":false},"excerpt":{"rendered":"","protected":false},"author":9,"featured_media":0,"parent":0,"menu_order":0,"comment_status":"closed","ping_status":"closed","template":"","meta":{"_acf_changed":false,"footnotes":""},"class_list":["post-16448","page","type-page","status-publish","hentry"],"acf":[],"yoast_head":"<!-- This site is optimized with the Yoast SEO plugin v27.4 - https:\/\/yoast.com\/product\/yoast-seo-wordpress\/ -->\n<title>1600UT SS Syst\u00e8me de mur-rideau - Kawneer Canada<\/title>\n<meta name=\"robots\" content=\"noindex, follow\" \/>\n<meta property=\"og:locale\" content=\"fr_CA\" \/>\n<meta property=\"og:type\" content=\"article\" \/>\n<meta property=\"og:title\" content=\"1600UT SS Syst\u00e8me de mur-rideau - Kawneer Canada\" \/>\n<meta property=\"og:url\" content=\"https:\/\/www.kawneer.ca\/fr\/1600ut-ss-systeme-de-mur-rideau\/\" \/>\n<meta property=\"og:site_name\" content=\"Kawneer Canada\" \/>\n<meta property=\"article:modified_time\" content=\"2025-01-14T11:56:31+00:00\" \/>\n<meta name=\"twitter:card\" content=\"summary_large_image\" \/>\n<meta name=\"twitter:label1\" content=\"Estimation du temps de lecture\" \/>\n\t<meta name=\"twitter:data1\" content=\"3 minutes\" \/>\n<script type=\"application\/ld+json\" class=\"yoast-schema-graph\">{\"@context\":\"https:\\\/\\\/schema.org\",\"@graph\":[{\"@type\":\"WebPage\",\"@id\":\"https:\\\/\\\/www.kawneer.ca\\\/fr\\\/1600ut-ss-systeme-de-mur-rideau\\\/\",\"url\":\"https:\\\/\\\/www.kawneer.ca\\\/fr\\\/1600ut-ss-systeme-de-mur-rideau\\\/\",\"name\":\"1600UT SS Syst\u00e8me de mur-rideau - Kawneer Canada\",\"isPartOf\":{\"@id\":\"https:\\\/\\\/www.kawneer.ca\\\/fr\\\/#website\"},\"datePublished\":\"2025-01-14T11:06:15+00:00\",\"dateModified\":\"2025-01-14T11:56:31+00:00\",\"breadcrumb\":{\"@id\":\"https:\\\/\\\/www.kawneer.ca\\\/fr\\\/1600ut-ss-systeme-de-mur-rideau\\\/#breadcrumb\"},\"inLanguage\":\"fr-CA\",\"potentialAction\":[{\"@type\":\"ReadAction\",\"target\":[\"https:\\\/\\\/www.kawneer.ca\\\/fr\\\/1600ut-ss-systeme-de-mur-rideau\\\/\"]}]},{\"@type\":\"BreadcrumbList\",\"@id\":\"https:\\\/\\\/www.kawneer.ca\\\/fr\\\/1600ut-ss-systeme-de-mur-rideau\\\/#breadcrumb\",\"itemListElement\":[{\"@type\":\"ListItem\",\"position\":1,\"name\":\"Home\",\"item\":\"https:\\\/\\\/www.kawneer.ca\\\/fr\\\/\"},{\"@type\":\"ListItem\",\"position\":2,\"name\":\"1600UT SS Syst\u00e8me de mur-rideau\"}]},{\"@type\":\"WebSite\",\"@id\":\"https:\\\/\\\/www.kawneer.ca\\\/fr\\\/#website\",\"url\":\"https:\\\/\\\/www.kawneer.ca\\\/fr\\\/\",\"name\":\"Kawneer Canada\",\"description\":\"\",\"publisher\":{\"@id\":\"https:\\\/\\\/www.kawneer.ca\\\/fr\\\/#organization\"},\"potentialAction\":[{\"@type\":\"SearchAction\",\"target\":{\"@type\":\"EntryPoint\",\"urlTemplate\":\"https:\\\/\\\/www.kawneer.ca\\\/fr\\\/?s={search_term_string}\"},\"query-input\":{\"@type\":\"PropertyValueSpecification\",\"valueRequired\":true,\"valueName\":\"search_term_string\"}}],\"inLanguage\":\"fr-CA\"},{\"@type\":\"Organization\",\"@id\":\"https:\\\/\\\/www.kawneer.ca\\\/fr\\\/#organization\",\"name\":\"Kawneer\",\"url\":\"https:\\\/\\\/www.kawneer.ca\\\/fr\\\/\",\"logo\":{\"@type\":\"ImageObject\",\"inLanguage\":\"fr-CA\",\"@id\":\"https:\\\/\\\/www.kawneer.ca\\\/fr\\\/#\\\/schema\\\/logo\\\/image\\\/\",\"url\":\"https:\\\/\\\/www.kawneer.ca\\\/wp-content\\\/uploads\\\/2022\\\/08\\\/Kawneer-logo.png\",\"contentUrl\":\"https:\\\/\\\/www.kawneer.ca\\\/wp-content\\\/uploads\\\/2022\\\/08\\\/Kawneer-logo.png\",\"width\":405,\"height\":75,\"caption\":\"Kawneer\"},\"image\":{\"@id\":\"https:\\\/\\\/www.kawneer.ca\\\/fr\\\/#\\\/schema\\\/logo\\\/image\\\/\"}}]}<\/script>\n<!-- \/ Yoast SEO plugin. -->","yoast_head_json":{"title":"1600UT SS Syst\u00e8me de mur-rideau - Kawneer Canada","robots":{"index":"noindex","follow":"follow"},"og_locale":"fr_CA","og_type":"article","og_title":"1600UT SS Syst\u00e8me de mur-rideau - Kawneer Canada","og_url":"https:\/\/www.kawneer.ca\/fr\/1600ut-ss-systeme-de-mur-rideau\/","og_site_name":"Kawneer Canada","article_modified_time":"2025-01-14T11:56:31+00:00","twitter_card":"summary_large_image","twitter_misc":{"Estimation du temps de lecture":"3 minutes"},"schema":{"@context":"https:\/\/schema.org","@graph":[{"@type":"WebPage","@id":"https:\/\/www.kawneer.ca\/fr\/1600ut-ss-systeme-de-mur-rideau\/","url":"https:\/\/www.kawneer.ca\/fr\/1600ut-ss-systeme-de-mur-rideau\/","name":"1600UT SS Syst\u00e8me de mur-rideau - Kawneer Canada","isPartOf":{"@id":"https:\/\/www.kawneer.ca\/fr\/#website"},"datePublished":"2025-01-14T11:06:15+00:00","dateModified":"2025-01-14T11:56:31+00:00","breadcrumb":{"@id":"https:\/\/www.kawneer.ca\/fr\/1600ut-ss-systeme-de-mur-rideau\/#breadcrumb"},"inLanguage":"fr-CA","potentialAction":[{"@type":"ReadAction","target":["https:\/\/www.kawneer.ca\/fr\/1600ut-ss-systeme-de-mur-rideau\/"]}]},{"@type":"BreadcrumbList","@id":"https:\/\/www.kawneer.ca\/fr\/1600ut-ss-systeme-de-mur-rideau\/#breadcrumb","itemListElement":[{"@type":"ListItem","position":1,"name":"Home","item":"https:\/\/www.kawneer.ca\/fr\/"},{"@type":"ListItem","position":2,"name":"1600UT SS Syst\u00e8me de mur-rideau"}]},{"@type":"WebSite","@id":"https:\/\/www.kawneer.ca\/fr\/#website","url":"https:\/\/www.kawneer.ca\/fr\/","name":"Kawneer Canada","description":"","publisher":{"@id":"https:\/\/www.kawneer.ca\/fr\/#organization"},"potentialAction":[{"@type":"SearchAction","target":{"@type":"EntryPoint","urlTemplate":"https:\/\/www.kawneer.ca\/fr\/?s={search_term_string}"},"query-input":{"@type":"PropertyValueSpecification","valueRequired":true,"valueName":"search_term_string"}}],"inLanguage":"fr-CA"},{"@type":"Organization","@id":"https:\/\/www.kawneer.ca\/fr\/#organization","name":"Kawneer","url":"https:\/\/www.kawneer.ca\/fr\/","logo":{"@type":"ImageObject","inLanguage":"fr-CA","@id":"https:\/\/www.kawneer.ca\/fr\/#\/schema\/logo\/image\/","url":"https:\/\/www.kawneer.ca\/wp-content\/uploads\/2022\/08\/Kawneer-logo.png","contentUrl":"https:\/\/www.kawneer.ca\/wp-content\/uploads\/2022\/08\/Kawneer-logo.png","width":405,"height":75,"caption":"Kawneer"},"image":{"@id":"https:\/\/www.kawneer.ca\/fr\/#\/schema\/logo\/image\/"}}]}},"_links":{"self":[{"href":"https:\/\/www.kawneer.ca\/fr\/wp-json\/wp\/v2\/pages\/16448","targetHints":{"allow":["GET"]}}],"collection":[{"href":"https:\/\/www.kawneer.ca\/fr\/wp-json\/wp\/v2\/pages"}],"about":[{"href":"https:\/\/www.kawneer.ca\/fr\/wp-json\/wp\/v2\/types\/page"}],"author":[{"embeddable":true,"href":"https:\/\/www.kawneer.ca\/fr\/wp-json\/wp\/v2\/users\/9"}],"replies":[{"embeddable":true,"href":"https:\/\/www.kawneer.ca\/fr\/wp-json\/wp\/v2\/comments?post=16448"}],"version-history":[{"count":6,"href":"https:\/\/www.kawneer.ca\/fr\/wp-json\/wp\/v2\/pages\/16448\/revisions"}],"predecessor-version":[{"id":16470,"href":"https:\/\/www.kawneer.ca\/fr\/wp-json\/wp\/v2\/pages\/16448\/revisions\/16470"}],"wp:attachment":[{"href":"https:\/\/www.kawneer.ca\/fr\/wp-json\/wp\/v2\/media?parent=16448"}],"curies":[{"name":"wp","href":"https:\/\/api.w.org\/{rel}","templated":true}]}}