{"id":16874,"date":"2025-09-30T13:17:54","date_gmt":"2025-09-30T12:17:54","guid":{"rendered":"https:\/\/www.kawneer.ca\/?page_id=16874"},"modified":"2025-10-13T17:04:55","modified_gmt":"2025-10-13T16:04:55","slug":"optiq-offset-fixed-projected-series-window","status":"publish","type":"page","link":"https:\/\/www.kawneer.ca\/fr\/optiq-offset-fixed-projected-series-window\/","title":{"rendered":"Fen\u00eatre projet\u00e9e fixe d\u00e9cal\u00e9e OptiQ\u00ae"},"content":{"rendered":"<section>\n    <div id=\"block-large-image-slider-block_733157c6db0be1d6695da3db71304e10\" class=\"block-large-image-slider  swiper swiper-large-image-banner \" data-slidetime=\"3\" data-loop=\"false\">\n        <div class=\"swiper-wrapper\">\n                            <div class=\"block-large-image-slider__slide swiper-slide pos-rela\">\n\n                                            <picture>\n                            <img decoding=\"async\"\n                                src=\"https:\/\/www.kawneer.ca\/wp-content\/uploads\/2025\/10\/Shot_05_v4-post-2-scaled.png\"\n                                alt=\"\"\n                                srcset=\"https:\/\/www.kawneer.ca\/wp-content\/uploads\/2025\/10\/Shot_05_v4-post-2-scaled.png 2560w, https:\/\/www.kawneer.ca\/wp-content\/uploads\/2025\/10\/Shot_05_v4-post-2-300x80.png 300w, https:\/\/www.kawneer.ca\/wp-content\/uploads\/2025\/10\/Shot_05_v4-post-2-1024x273.png 1024w, https:\/\/www.kawneer.ca\/wp-content\/uploads\/2025\/10\/Shot_05_v4-post-2-768x205.png 768w, https:\/\/www.kawneer.ca\/wp-content\/uploads\/2025\/10\/Shot_05_v4-post-2-1536x410.png 1536w, https:\/\/www.kawneer.ca\/wp-content\/uploads\/2025\/10\/Shot_05_v4-post-2-2048x546.png 2048w\"\n                                sizes=\"(max-width: 2560px) 100vw, 2560px\" \/>\n                        <\/picture>\n                                            \n                    <div class=\"vignette\"><\/div>\n                    <div class=\"container\">\n                        <div class=\"content\">\n                            <p class=\"txt-label\"><\/p>\n                                                            <h1 class=\"title\">Fen\u00eatre projet\u00e9e fixe d\u00e9cal\u00e9e OptiQ\u00ae<\/h1>\n                                                                                                                                        <\/div>\n                    <\/div>\n                <\/div>\n                    <\/div>\n        <div class=\"container swiper-pagination swiper-pagination-banner\"><\/div>\n    <\/div>\n<\/section>\n\n<section class=\"block-centred-text-outer\" >\n    <div class=\"container\">\n        <div class=\"row\">\n            <div class=\"col-12 block-centred-text\" data-aos=\"fade-up\">\n                                                    <div class=\"block-centred-text__title\">\n                        OUVREZ LA FEN\u00caTRE \u00c0 DE NOUVELLES OPPORTUNIT\u00c9S                    <\/div>\n                                <div class=\"body-container \">\n                    <p>Con\u00e7ue pour les constructions neuves ou les r\u00e9novations, la fen\u00eatre \u00e0 guillotine fixe\/projectante OptiQ\u00ae Offset est sp\u00e9cialement con\u00e7ue pour r\u00e9pondre aux besoins en constante \u00e9volution du secteur du b\u00e2timent et de la construction. Le design \u00e0 la fois classique et contemporain de ce syst\u00e8me offre l&rsquo;apparence d&rsquo;une fen\u00eatre \u00e0 guillotine simple, avec des performances \u00e9lev\u00e9es et une utilisation facile. Cette fen\u00eatre ultra-thermique est dot\u00e9e d&rsquo;un cadre continu unique avec une ouverture d\u00e9cal\u00e9e ou un vitrage fixe en dessous.<\/p>\n                <\/div>\n                            <\/div>\n        <\/div>\n    <\/div>\n<\/section>\n\n<section class=\"video  \" style=\"background: #FFFFFF\">\n    <div class=\"container\">\n        <div class=\"row\">\n                        <div class=\"col-md-12 video-center\">\n                <div class=\"video-outer\">\n                    <div class=\"video-container\">\n                                                    <iframe class=\"video-iframe\" src=\"https:\/\/www.youtube.com\/embed\/L7Aoi5zmTAc?si=BWxr3uO6DLHhcdcB?enablejsapi=1&#038;origin=http:\/\/www.kawneer.com&#038;rel=0&#038;wmode=transparent&#038;cc=1\" title=\"YouTube video player\" frameborder=\"0\" allow=\"accelerometer; autoplay; clipboard-write; encrypted-media; gyroscope; picture-in-picture\" allowfullscreen>\n                            <\/iframe>\n                                            <\/div>\n                <\/div>\n\n            <\/div>\n        <\/div>\n    <\/div>\n<\/section>\n\n<section class=\"block-ppc-text-image-split\">\n    <div class=\"container\">\n        <div class=\"row\">\n            <div class=\"outer\">\n\n                                            <div class=\"col-sm-12 col-lg-6 image-outer \">\n                                <div class=\"rectangle-image remove-left\">\n                                    <img decoding=\"async\"\n                                        src=\"https:\/\/www.kawneer.ca\/wp-content\/uploads\/2025\/10\/KNA-OptiQ-Window-Launch-v11.png\"\n                                        alt=\"\"\n                                        srcset=\"https:\/\/www.kawneer.ca\/wp-content\/uploads\/2025\/10\/KNA-OptiQ-Window-Launch-v11.png 2000w, https:\/\/www.kawneer.ca\/wp-content\/uploads\/2025\/10\/KNA-OptiQ-Window-Launch-v11-300x212.png 300w, https:\/\/www.kawneer.ca\/wp-content\/uploads\/2025\/10\/KNA-OptiQ-Window-Launch-v11-1024x724.png 1024w, https:\/\/www.kawneer.ca\/wp-content\/uploads\/2025\/10\/KNA-OptiQ-Window-Launch-v11-768x543.png 768w, https:\/\/www.kawneer.ca\/wp-content\/uploads\/2025\/10\/KNA-OptiQ-Window-Launch-v11-1536x1086.png 1536w\"\n                                        sizes=\"(max-width: 2000px) 100vw, 2000px\" \/>\n                                <\/div>\n                            <\/div>\n                                                    <div class=\"col-sm-12 col-lg-6 text-outer\">\n                                <div class=\"text-inner padding-right\">\n                                    <h3><\/h3>\n                                    <h5>Points forts du produit : <\/h5>\n                                    <ul>\n<li>Syst\u00e8me d&rsquo;une profondeur de 4-5\/8 po (117,5 mm)<\/li>\n<li>Fen\u00eatre architecturale (AW)<\/li>\n<li>Fen\u00eatre architecturale (AW)\n<ul>\n<li>Performances thermiques exceptionnelles<\/li>\n<li>Configurations en saillie Coefficient U de 0,35 avec un vitrage standard de 1 po\/COG 0,24<\/li>\n<\/ul>\n<\/li>\n<li>Configuration fixe Coefficient U de 0,36 avec verre standard de 1 po\/COG 0,24<\/li>\n<li>Joint haute performance<\/li>\n<li>Configurations fixes et en saillie<\/li>\n<li>Options de face biseaut\u00e9e ou non biseaut\u00e9e<\/li>\n<li>Capacit\u00e9 surdimensionn\u00e9e jusqu&rsquo;\u00e0 5 pi x 10 pi<\/li>\n<li>Application de fen\u00eatre en ruban disponible<\/li>\n<\/ul>\n\n                                    <div class=\"button-container\">\n                                                                                    <a class=\"button button__primary\" href=\"https:\/\/www.kawneer.ca\/fr\/produits\/fenetres\/fenetre-projetee-fixe-decalee-optiq\/\" target=\"_blank\">VOIR LE PRODUIT<\/a>\n                                                                            <\/div>\n                                <\/div>\n\n                            <\/div>\n                \n            <\/div>\n        <\/div>\n    <\/div>\n<\/section>\n\n<section class=\"block-ppc-text-image-split\">\n    <div class=\"container\">\n        <div class=\"row\">\n            <div class=\"outer\">\n\n                                            <div class=\"col-sm-12 col-lg-6 text-outer\">\n                                <div class=\"text-inner padding-right\">\n                                    <h3><\/h3>\n                                    <h5><\/h5>\n                                    <p>Disponible en configurations fixes, en saillie vers l&rsquo;int\u00e9rieur et vers l&rsquo;ext\u00e9rieur, la s\u00e9rie de fen\u00eatres fixes\/en saillie OptiQ\u00ae Offset offre des performances \u00e9lev\u00e9es et une polyvalence in\u00e9gal\u00e9e.<\/p>\n<p>La conception avanc\u00e9e du syst\u00e8me offre des performances thermiques exceptionnelles, gr\u00e2ce \u00e0 un syst\u00e8me de barri\u00e8re thermique en polyamide qui optimise la continuit\u00e9 thermique, la transmission et la gestion de la chaleur int\u00e9rieure. Maximisant les capacit\u00e9s thermiques d&rsquo;une fen\u00eatre \u00e0 remplissage d&rsquo;un pouce gr\u00e2ce \u00e0 des bandes de mousse isolante, la fen\u00eatre offre des performances proches du triple vitrage avec une option double vitrage.<\/p>\n<p>Le joint haute performance de la fen\u00eatre contr\u00f4le les fuites d&rsquo;air vers l&rsquo;int\u00e9rieur afin d&rsquo;optimiser l&rsquo;efficacit\u00e9 \u00e9nerg\u00e9tique et la qualit\u00e9 de l&rsquo;air \u00e0 l&rsquo;int\u00e9rieur du b\u00e2timent, offre une r\u00e9sistance sup\u00e9rieure \u00e0 la condensation et aide \u00e0 r\u00e9pondre aux exigences strictes en mati\u00e8re de performance acoustique.<\/p>\n<p>Gr\u00e2ce \u00e0 sa conception \u00e0 cadre unique, la fen\u00eatre OptiQ\u00ae Offset Fixed\/Projected Series arrive sur le chantier enti\u00e8rement fabriqu\u00e9e en usine et pr\u00eate \u00e0 \u00eatre install\u00e9e.<\/p>\n\n                                    <div class=\"button-container\">\n                                                                            <\/div>\n                                <\/div>\n\n                            <\/div>\n                                            <div class=\"col-sm-12 col-lg-6 image-outer \">\n                                <div class=\"rectangle-image remove-right\">\n                                    <img decoding=\"async\"\n                                        src=\"https:\/\/www.kawneer.ca\/wp-content\/uploads\/2025\/10\/OptiQ_Windows_Shot01_Still.png\"\n                                        alt=\"\"\n                                        srcset=\"https:\/\/www.kawneer.ca\/wp-content\/uploads\/2025\/10\/OptiQ_Windows_Shot01_Still.png 1785w, https:\/\/www.kawneer.ca\/wp-content\/uploads\/2025\/10\/OptiQ_Windows_Shot01_Still-300x212.png 300w, https:\/\/www.kawneer.ca\/wp-content\/uploads\/2025\/10\/OptiQ_Windows_Shot01_Still-1024x725.png 1024w, https:\/\/www.kawneer.ca\/wp-content\/uploads\/2025\/10\/OptiQ_Windows_Shot01_Still-768x543.png 768w, https:\/\/www.kawneer.ca\/wp-content\/uploads\/2025\/10\/OptiQ_Windows_Shot01_Still-1536x1087.png 1536w\"\n                                        sizes=\"(max-width: 1785px) 100vw, 1785px\" \/>\n                                <\/div>\n                            <\/div>\n                        \n            <\/div>\n        <\/div>\n    <\/div>\n<\/section>\n\n<section class=\"block-cta-banner\">\n    <div class=\"container\">\n        <div class=\"row\">\n            <div class=\"content-wrapper\">\n                <h3>Une <strong>durabilit\u00e9<\/strong> \u00e9poustouflante.<\/h3>\n                <p><p>Chez Kawneer, nous nous engageons \u00e0 faire progresser la conception de fa\u00e7ades durables gr\u00e2ce \u00e0 des produits innovants et respectueux de l&rsquo;environnement. Ce produit est fabriqu\u00e9 \u00e0 partir d&rsquo;aluminium \u00e0 faible teneur en carbone, avec un minimum de 50 % de contenu recycl\u00e9, le reste de l&rsquo;aluminium primaire provenant d&rsquo;une fonderie hydro\u00e9lectrique. Nous offrons une transparence totale sur les composants de nos produits, en fournissant des informations claires sur chaque \u00e9tape de notre processus, de la billette d&rsquo;aluminium \u00e0 la fa\u00e7ade finie, afin que vous puissiez faire des choix \u00e9clair\u00e9s et durables.<\/p>\n<p>Nous fournissons la fen\u00eatre OptiQ\u00ae Offset Fixed\/Projected Series avec la documentation d\u00e9taill\u00e9e dont vous avez besoin en mati\u00e8re de durabilit\u00e9, notamment un guide \u00e9cologique du produit et une d\u00e9claration environnementale de produit (EPD).<\/p>\n<\/p>\n\n                                    <a class=\"button button__primary button__on-dark\" href=\"https:\/\/www.kawneer.ca\/fr\/produits\/fenetres\/fenetre-projetee-fixe-decalee-optiq\/\" target=\"_self\">en savoir plus<\/a>\n                            <\/div>\n        <\/div>\n    <\/div>\n<\/section>","protected":false},"excerpt":{"rendered":"","protected":false},"author":9,"featured_media":0,"parent":0,"menu_order":0,"comment_status":"closed","ping_status":"closed","template":"","meta":{"_acf_changed":false,"footnotes":""},"class_list":["post-16874","page","type-page","status-publish","hentry"],"acf":[],"yoast_head":"<!-- This site is optimized with the Yoast SEO plugin v27.4 - https:\/\/yoast.com\/product\/yoast-seo-wordpress\/ -->\n<title>Fen\u00eatre projet\u00e9e fixe d\u00e9cal\u00e9e OptiQ\u00ae - Kawneer Canada<\/title>\n<meta name=\"robots\" content=\"index, follow, max-snippet:-1, max-image-preview:large, max-video-preview:-1\" \/>\n<link rel=\"canonical\" href=\"https:\/\/www.kawneer.ca\/fr\/optiq-offset-fixed-projected-series-window\/\" \/>\n<meta property=\"og:locale\" content=\"fr_CA\" \/>\n<meta property=\"og:type\" content=\"article\" \/>\n<meta property=\"og:title\" content=\"Fen\u00eatre projet\u00e9e fixe d\u00e9cal\u00e9e OptiQ\u00ae - Kawneer Canada\" \/>\n<meta property=\"og:url\" content=\"https:\/\/www.kawneer.ca\/fr\/optiq-offset-fixed-projected-series-window\/\" \/>\n<meta property=\"og:site_name\" content=\"Kawneer Canada\" \/>\n<meta property=\"article:modified_time\" content=\"2025-10-13T16:04:55+00:00\" \/>\n<meta name=\"twitter:card\" content=\"summary_large_image\" \/>\n<meta name=\"twitter:label1\" content=\"Estimation du temps de lecture\" \/>\n\t<meta name=\"twitter:data1\" content=\"3 minutes\" \/>\n<script type=\"application\/ld+json\" class=\"yoast-schema-graph\">{\"@context\":\"https:\\\/\\\/schema.org\",\"@graph\":[{\"@type\":\"WebPage\",\"@id\":\"https:\\\/\\\/www.kawneer.ca\\\/fr\\\/optiq-offset-fixed-projected-series-window\\\/\",\"url\":\"https:\\\/\\\/www.kawneer.ca\\\/fr\\\/optiq-offset-fixed-projected-series-window\\\/\",\"name\":\"Fen\u00eatre projet\u00e9e fixe d\u00e9cal\u00e9e OptiQ\u00ae - Kawneer Canada\",\"isPartOf\":{\"@id\":\"https:\\\/\\\/www.kawneer.ca\\\/fr\\\/#website\"},\"datePublished\":\"2025-09-30T12:17:54+00:00\",\"dateModified\":\"2025-10-13T16:04:55+00:00\",\"breadcrumb\":{\"@id\":\"https:\\\/\\\/www.kawneer.ca\\\/fr\\\/optiq-offset-fixed-projected-series-window\\\/#breadcrumb\"},\"inLanguage\":\"fr-CA\",\"potentialAction\":[{\"@type\":\"ReadAction\",\"target\":[\"https:\\\/\\\/www.kawneer.ca\\\/fr\\\/optiq-offset-fixed-projected-series-window\\\/\"]}]},{\"@type\":\"BreadcrumbList\",\"@id\":\"https:\\\/\\\/www.kawneer.ca\\\/fr\\\/optiq-offset-fixed-projected-series-window\\\/#breadcrumb\",\"itemListElement\":[{\"@type\":\"ListItem\",\"position\":1,\"name\":\"Home\",\"item\":\"https:\\\/\\\/www.kawneer.ca\\\/fr\\\/\"},{\"@type\":\"ListItem\",\"position\":2,\"name\":\"Fen\u00eatre projet\u00e9e fixe d\u00e9cal\u00e9e OptiQ\u00ae\"}]},{\"@type\":\"WebSite\",\"@id\":\"https:\\\/\\\/www.kawneer.ca\\\/fr\\\/#website\",\"url\":\"https:\\\/\\\/www.kawneer.ca\\\/fr\\\/\",\"name\":\"Kawneer Canada\",\"description\":\"\",\"publisher\":{\"@id\":\"https:\\\/\\\/www.kawneer.ca\\\/fr\\\/#organization\"},\"potentialAction\":[{\"@type\":\"SearchAction\",\"target\":{\"@type\":\"EntryPoint\",\"urlTemplate\":\"https:\\\/\\\/www.kawneer.ca\\\/fr\\\/?s={search_term_string}\"},\"query-input\":{\"@type\":\"PropertyValueSpecification\",\"valueRequired\":true,\"valueName\":\"search_term_string\"}}],\"inLanguage\":\"fr-CA\"},{\"@type\":\"Organization\",\"@id\":\"https:\\\/\\\/www.kawneer.ca\\\/fr\\\/#organization\",\"name\":\"Kawneer\",\"url\":\"https:\\\/\\\/www.kawneer.ca\\\/fr\\\/\",\"logo\":{\"@type\":\"ImageObject\",\"inLanguage\":\"fr-CA\",\"@id\":\"https:\\\/\\\/www.kawneer.ca\\\/fr\\\/#\\\/schema\\\/logo\\\/image\\\/\",\"url\":\"https:\\\/\\\/www.kawneer.ca\\\/wp-content\\\/uploads\\\/2022\\\/08\\\/Kawneer-logo.png\",\"contentUrl\":\"https:\\\/\\\/www.kawneer.ca\\\/wp-content\\\/uploads\\\/2022\\\/08\\\/Kawneer-logo.png\",\"width\":405,\"height\":75,\"caption\":\"Kawneer\"},\"image\":{\"@id\":\"https:\\\/\\\/www.kawneer.ca\\\/fr\\\/#\\\/schema\\\/logo\\\/image\\\/\"}}]}<\/script>\n<!-- \/ Yoast SEO plugin. -->","yoast_head_json":{"title":"Fen\u00eatre projet\u00e9e fixe d\u00e9cal\u00e9e OptiQ\u00ae - Kawneer Canada","robots":{"index":"index","follow":"follow","max-snippet":"max-snippet:-1","max-image-preview":"max-image-preview:large","max-video-preview":"max-video-preview:-1"},"canonical":"https:\/\/www.kawneer.ca\/fr\/optiq-offset-fixed-projected-series-window\/","og_locale":"fr_CA","og_type":"article","og_title":"Fen\u00eatre projet\u00e9e fixe d\u00e9cal\u00e9e OptiQ\u00ae - Kawneer Canada","og_url":"https:\/\/www.kawneer.ca\/fr\/optiq-offset-fixed-projected-series-window\/","og_site_name":"Kawneer Canada","article_modified_time":"2025-10-13T16:04:55+00:00","twitter_card":"summary_large_image","twitter_misc":{"Estimation du temps de lecture":"3 minutes"},"schema":{"@context":"https:\/\/schema.org","@graph":[{"@type":"WebPage","@id":"https:\/\/www.kawneer.ca\/fr\/optiq-offset-fixed-projected-series-window\/","url":"https:\/\/www.kawneer.ca\/fr\/optiq-offset-fixed-projected-series-window\/","name":"Fen\u00eatre projet\u00e9e fixe d\u00e9cal\u00e9e OptiQ\u00ae - Kawneer Canada","isPartOf":{"@id":"https:\/\/www.kawneer.ca\/fr\/#website"},"datePublished":"2025-09-30T12:17:54+00:00","dateModified":"2025-10-13T16:04:55+00:00","breadcrumb":{"@id":"https:\/\/www.kawneer.ca\/fr\/optiq-offset-fixed-projected-series-window\/#breadcrumb"},"inLanguage":"fr-CA","potentialAction":[{"@type":"ReadAction","target":["https:\/\/www.kawneer.ca\/fr\/optiq-offset-fixed-projected-series-window\/"]}]},{"@type":"BreadcrumbList","@id":"https:\/\/www.kawneer.ca\/fr\/optiq-offset-fixed-projected-series-window\/#breadcrumb","itemListElement":[{"@type":"ListItem","position":1,"name":"Home","item":"https:\/\/www.kawneer.ca\/fr\/"},{"@type":"ListItem","position":2,"name":"Fen\u00eatre projet\u00e9e fixe d\u00e9cal\u00e9e OptiQ\u00ae"}]},{"@type":"WebSite","@id":"https:\/\/www.kawneer.ca\/fr\/#website","url":"https:\/\/www.kawneer.ca\/fr\/","name":"Kawneer Canada","description":"","publisher":{"@id":"https:\/\/www.kawneer.ca\/fr\/#organization"},"potentialAction":[{"@type":"SearchAction","target":{"@type":"EntryPoint","urlTemplate":"https:\/\/www.kawneer.ca\/fr\/?s={search_term_string}"},"query-input":{"@type":"PropertyValueSpecification","valueRequired":true,"valueName":"search_term_string"}}],"inLanguage":"fr-CA"},{"@type":"Organization","@id":"https:\/\/www.kawneer.ca\/fr\/#organization","name":"Kawneer","url":"https:\/\/www.kawneer.ca\/fr\/","logo":{"@type":"ImageObject","inLanguage":"fr-CA","@id":"https:\/\/www.kawneer.ca\/fr\/#\/schema\/logo\/image\/","url":"https:\/\/www.kawneer.ca\/wp-content\/uploads\/2022\/08\/Kawneer-logo.png","contentUrl":"https:\/\/www.kawneer.ca\/wp-content\/uploads\/2022\/08\/Kawneer-logo.png","width":405,"height":75,"caption":"Kawneer"},"image":{"@id":"https:\/\/www.kawneer.ca\/fr\/#\/schema\/logo\/image\/"}}]}},"_links":{"self":[{"href":"https:\/\/www.kawneer.ca\/fr\/wp-json\/wp\/v2\/pages\/16874","targetHints":{"allow":["GET"]}}],"collection":[{"href":"https:\/\/www.kawneer.ca\/fr\/wp-json\/wp\/v2\/pages"}],"about":[{"href":"https:\/\/www.kawneer.ca\/fr\/wp-json\/wp\/v2\/types\/page"}],"author":[{"embeddable":true,"href":"https:\/\/www.kawneer.ca\/fr\/wp-json\/wp\/v2\/users\/9"}],"replies":[{"embeddable":true,"href":"https:\/\/www.kawneer.ca\/fr\/wp-json\/wp\/v2\/comments?post=16874"}],"version-history":[{"count":9,"href":"https:\/\/www.kawneer.ca\/fr\/wp-json\/wp\/v2\/pages\/16874\/revisions"}],"predecessor-version":[{"id":16922,"href":"https:\/\/www.kawneer.ca\/fr\/wp-json\/wp\/v2\/pages\/16874\/revisions\/16922"}],"wp:attachment":[{"href":"https:\/\/www.kawneer.ca\/fr\/wp-json\/wp\/v2\/media?parent=16874"}],"curies":[{"name":"wp","href":"https:\/\/api.w.org\/{rel}","templated":true}]}}