{"id":16463,"date":"2025-01-14T11:04:56","date_gmt":"2025-01-14T11:04:56","guid":{"rendered":"https:\/\/www.kawneer.ca\/?post_type=product&#038;p=16463"},"modified":"2025-08-18T17:08:48","modified_gmt":"2025-08-18T16:08:48","slug":"1600ut-ss-curtain-wall-system","status":"publish","type":"product","link":"https:\/\/www.kawneer.ca\/fr\/produits\/murs-rideaux\/1600ut-ss-curtain-wall-system\/","title":{"rendered":"1600UT SS Syst\u00e8me de mur-rideau"},"content":{"rendered":"","protected":false},"author":12,"featured_media":16314,"comment_status":"closed","ping_status":"closed","template":"","format":"standard","product_category":[86,88],"class_list":["post-16463","product","type-product","status-publish","format-standard","has-post-thumbnail","hentry","product_category-murs-rideaux","product_category-traditionnels"],"acf":[],"yoast_head":"<!-- This site is optimized with the Yoast SEO plugin v27.4 - https:\/\/yoast.com\/product\/yoast-seo-wordpress\/ -->\n<title>1600UT SS Syst\u00e8me de mur-rideau - Kawneer Canada<\/title>\n<meta name=\"description\" content=\"Le nouveau 1600UT SS de Kawneer est notre plus r\u00e9cent d\u00e9veloppement con\u00e7u pour r\u00e9pondre aux besoins de l&#039;industrie du b\u00e2timent et de la construction en mati\u00e8re de murs-rideaux thermiques.\" \/>\n<meta name=\"robots\" content=\"index, follow, max-snippet:-1, max-image-preview:large, max-video-preview:-1\" \/>\n<link rel=\"canonical\" href=\"https:\/\/www.kawneer.ca\/fr\/produits\/murs-rideaux\/1600ut-ss-curtain-wall-system\/\" \/>\n<meta property=\"og:locale\" content=\"fr_CA\" \/>\n<meta property=\"og:type\" content=\"article\" \/>\n<meta property=\"og:title\" content=\"1600UT SS Syst\u00e8me de mur-rideau - Kawneer Canada\" \/>\n<meta property=\"og:description\" content=\"Le nouveau 1600UT SS de Kawneer est notre plus r\u00e9cent d\u00e9veloppement con\u00e7u pour r\u00e9pondre aux besoins de l&#039;industrie du b\u00e2timent et de la construction en mati\u00e8re de murs-rideaux thermiques.\" \/>\n<meta property=\"og:url\" content=\"https:\/\/www.kawneer.ca\/fr\/produits\/murs-rideaux\/1600ut-ss-curtain-wall-system\/\" \/>\n<meta property=\"og:site_name\" content=\"Kawneer Canada\" \/>\n<meta property=\"article:modified_time\" content=\"2025-08-18T16:08:48+00:00\" \/>\n<meta property=\"og:image\" content=\"https:\/\/www.kawneer.ca\/wp-content\/uploads\/2025\/01\/1600UTSS-V2.webp\" \/>\n\t<meta property=\"og:image:width\" content=\"2560\" \/>\n\t<meta property=\"og:image:height\" content=\"1810\" \/>\n\t<meta property=\"og:image:type\" content=\"image\/webp\" \/>\n<meta name=\"twitter:card\" content=\"summary_large_image\" \/>\n<meta name=\"twitter:label1\" content=\"Estimation du temps de lecture\" \/>\n\t<meta name=\"twitter:data1\" content=\"8 minutes\" \/>\n<script type=\"application\/ld+json\" class=\"yoast-schema-graph\">{\"@context\":\"https:\\\/\\\/schema.org\",\"@graph\":[{\"@type\":\"WebPage\",\"@id\":\"https:\\\/\\\/www.kawneer.ca\\\/fr\\\/produits\\\/murs-rideaux\\\/1600ut-ss-curtain-wall-system\\\/\",\"url\":\"https:\\\/\\\/www.kawneer.ca\\\/fr\\\/produits\\\/murs-rideaux\\\/1600ut-ss-curtain-wall-system\\\/\",\"name\":\"1600UT SS Syst\u00e8me de mur-rideau - Kawneer Canada\",\"isPartOf\":{\"@id\":\"https:\\\/\\\/www.kawneer.ca\\\/fr\\\/#website\"},\"primaryImageOfPage\":{\"@id\":\"https:\\\/\\\/www.kawneer.ca\\\/fr\\\/produits\\\/murs-rideaux\\\/1600ut-ss-curtain-wall-system\\\/#primaryimage\"},\"image\":{\"@id\":\"https:\\\/\\\/www.kawneer.ca\\\/fr\\\/produits\\\/murs-rideaux\\\/1600ut-ss-curtain-wall-system\\\/#primaryimage\"},\"thumbnailUrl\":\"https:\\\/\\\/www.kawneer.ca\\\/wp-content\\\/uploads\\\/2025\\\/01\\\/1600UTSS-V2.webp\",\"datePublished\":\"2025-01-14T11:04:56+00:00\",\"dateModified\":\"2025-08-18T16:08:48+00:00\",\"description\":\"Le nouveau 1600UT SS de Kawneer est notre plus r\u00e9cent d\u00e9veloppement con\u00e7u pour r\u00e9pondre aux besoins de l'industrie du b\u00e2timent et de la construction en mati\u00e8re de murs-rideaux thermiques.\",\"breadcrumb\":{\"@id\":\"https:\\\/\\\/www.kawneer.ca\\\/fr\\\/produits\\\/murs-rideaux\\\/1600ut-ss-curtain-wall-system\\\/#breadcrumb\"},\"inLanguage\":\"fr-CA\",\"potentialAction\":[{\"@type\":\"ReadAction\",\"target\":[\"https:\\\/\\\/www.kawneer.ca\\\/fr\\\/produits\\\/murs-rideaux\\\/1600ut-ss-curtain-wall-system\\\/\"]}]},{\"@type\":\"ImageObject\",\"inLanguage\":\"fr-CA\",\"@id\":\"https:\\\/\\\/www.kawneer.ca\\\/fr\\\/produits\\\/murs-rideaux\\\/1600ut-ss-curtain-wall-system\\\/#primaryimage\",\"url\":\"https:\\\/\\\/www.kawneer.ca\\\/wp-content\\\/uploads\\\/2025\\\/01\\\/1600UTSS-V2.webp\",\"contentUrl\":\"https:\\\/\\\/www.kawneer.ca\\\/wp-content\\\/uploads\\\/2025\\\/01\\\/1600UTSS-V2.webp\",\"width\":2560,\"height\":1810},{\"@type\":\"BreadcrumbList\",\"@id\":\"https:\\\/\\\/www.kawneer.ca\\\/fr\\\/produits\\\/murs-rideaux\\\/1600ut-ss-curtain-wall-system\\\/#breadcrumb\",\"itemListElement\":[{\"@type\":\"ListItem\",\"position\":1,\"name\":\"Home\",\"item\":\"https:\\\/\\\/www.kawneer.ca\\\/fr\\\/\"},{\"@type\":\"ListItem\",\"position\":2,\"name\":\"1600UT SS Syst\u00e8me de mur-rideau\"}]},{\"@type\":\"WebSite\",\"@id\":\"https:\\\/\\\/www.kawneer.ca\\\/fr\\\/#website\",\"url\":\"https:\\\/\\\/www.kawneer.ca\\\/fr\\\/\",\"name\":\"Kawneer Canada\",\"description\":\"\",\"publisher\":{\"@id\":\"https:\\\/\\\/www.kawneer.ca\\\/fr\\\/#organization\"},\"potentialAction\":[{\"@type\":\"SearchAction\",\"target\":{\"@type\":\"EntryPoint\",\"urlTemplate\":\"https:\\\/\\\/www.kawneer.ca\\\/fr\\\/?s={search_term_string}\"},\"query-input\":{\"@type\":\"PropertyValueSpecification\",\"valueRequired\":true,\"valueName\":\"search_term_string\"}}],\"inLanguage\":\"fr-CA\"},{\"@type\":\"Organization\",\"@id\":\"https:\\\/\\\/www.kawneer.ca\\\/fr\\\/#organization\",\"name\":\"Kawneer\",\"url\":\"https:\\\/\\\/www.kawneer.ca\\\/fr\\\/\",\"logo\":{\"@type\":\"ImageObject\",\"inLanguage\":\"fr-CA\",\"@id\":\"https:\\\/\\\/www.kawneer.ca\\\/fr\\\/#\\\/schema\\\/logo\\\/image\\\/\",\"url\":\"https:\\\/\\\/www.kawneer.ca\\\/wp-content\\\/uploads\\\/2022\\\/08\\\/Kawneer-logo.png\",\"contentUrl\":\"https:\\\/\\\/www.kawneer.ca\\\/wp-content\\\/uploads\\\/2022\\\/08\\\/Kawneer-logo.png\",\"width\":405,\"height\":75,\"caption\":\"Kawneer\"},\"image\":{\"@id\":\"https:\\\/\\\/www.kawneer.ca\\\/fr\\\/#\\\/schema\\\/logo\\\/image\\\/\"}}]}<\/script>\n<!-- \/ Yoast SEO plugin. -->","yoast_head_json":{"title":"1600UT SS Syst\u00e8me de mur-rideau - Kawneer Canada","description":"Le nouveau 1600UT SS de Kawneer est notre plus r\u00e9cent d\u00e9veloppement con\u00e7u pour r\u00e9pondre aux besoins de l'industrie du b\u00e2timent et de la construction en mati\u00e8re de murs-rideaux thermiques.","robots":{"index":"index","follow":"follow","max-snippet":"max-snippet:-1","max-image-preview":"max-image-preview:large","max-video-preview":"max-video-preview:-1"},"canonical":"https:\/\/www.kawneer.ca\/fr\/produits\/murs-rideaux\/1600ut-ss-curtain-wall-system\/","og_locale":"fr_CA","og_type":"article","og_title":"1600UT SS Syst\u00e8me de mur-rideau - Kawneer Canada","og_description":"Le nouveau 1600UT SS de Kawneer est notre plus r\u00e9cent d\u00e9veloppement con\u00e7u pour r\u00e9pondre aux besoins de l'industrie du b\u00e2timent et de la construction en mati\u00e8re de murs-rideaux thermiques.","og_url":"https:\/\/www.kawneer.ca\/fr\/produits\/murs-rideaux\/1600ut-ss-curtain-wall-system\/","og_site_name":"Kawneer Canada","article_modified_time":"2025-08-18T16:08:48+00:00","og_image":[{"width":2560,"height":1810,"url":"https:\/\/www.kawneer.ca\/wp-content\/uploads\/2025\/01\/1600UTSS-V2.webp","type":"image\/webp"}],"twitter_card":"summary_large_image","twitter_misc":{"Estimation du temps de lecture":"8 minutes"},"schema":{"@context":"https:\/\/schema.org","@graph":[{"@type":"WebPage","@id":"https:\/\/www.kawneer.ca\/fr\/produits\/murs-rideaux\/1600ut-ss-curtain-wall-system\/","url":"https:\/\/www.kawneer.ca\/fr\/produits\/murs-rideaux\/1600ut-ss-curtain-wall-system\/","name":"1600UT SS Syst\u00e8me de mur-rideau - Kawneer Canada","isPartOf":{"@id":"https:\/\/www.kawneer.ca\/fr\/#website"},"primaryImageOfPage":{"@id":"https:\/\/www.kawneer.ca\/fr\/produits\/murs-rideaux\/1600ut-ss-curtain-wall-system\/#primaryimage"},"image":{"@id":"https:\/\/www.kawneer.ca\/fr\/produits\/murs-rideaux\/1600ut-ss-curtain-wall-system\/#primaryimage"},"thumbnailUrl":"https:\/\/www.kawneer.ca\/wp-content\/uploads\/2025\/01\/1600UTSS-V2.webp","datePublished":"2025-01-14T11:04:56+00:00","dateModified":"2025-08-18T16:08:48+00:00","description":"Le nouveau 1600UT SS de Kawneer est notre plus r\u00e9cent d\u00e9veloppement con\u00e7u pour r\u00e9pondre aux besoins de l'industrie du b\u00e2timent et de la construction en mati\u00e8re de murs-rideaux thermiques.","breadcrumb":{"@id":"https:\/\/www.kawneer.ca\/fr\/produits\/murs-rideaux\/1600ut-ss-curtain-wall-system\/#breadcrumb"},"inLanguage":"fr-CA","potentialAction":[{"@type":"ReadAction","target":["https:\/\/www.kawneer.ca\/fr\/produits\/murs-rideaux\/1600ut-ss-curtain-wall-system\/"]}]},{"@type":"ImageObject","inLanguage":"fr-CA","@id":"https:\/\/www.kawneer.ca\/fr\/produits\/murs-rideaux\/1600ut-ss-curtain-wall-system\/#primaryimage","url":"https:\/\/www.kawneer.ca\/wp-content\/uploads\/2025\/01\/1600UTSS-V2.webp","contentUrl":"https:\/\/www.kawneer.ca\/wp-content\/uploads\/2025\/01\/1600UTSS-V2.webp","width":2560,"height":1810},{"@type":"BreadcrumbList","@id":"https:\/\/www.kawneer.ca\/fr\/produits\/murs-rideaux\/1600ut-ss-curtain-wall-system\/#breadcrumb","itemListElement":[{"@type":"ListItem","position":1,"name":"Home","item":"https:\/\/www.kawneer.ca\/fr\/"},{"@type":"ListItem","position":2,"name":"1600UT SS Syst\u00e8me de mur-rideau"}]},{"@type":"WebSite","@id":"https:\/\/www.kawneer.ca\/fr\/#website","url":"https:\/\/www.kawneer.ca\/fr\/","name":"Kawneer Canada","description":"","publisher":{"@id":"https:\/\/www.kawneer.ca\/fr\/#organization"},"potentialAction":[{"@type":"SearchAction","target":{"@type":"EntryPoint","urlTemplate":"https:\/\/www.kawneer.ca\/fr\/?s={search_term_string}"},"query-input":{"@type":"PropertyValueSpecification","valueRequired":true,"valueName":"search_term_string"}}],"inLanguage":"fr-CA"},{"@type":"Organization","@id":"https:\/\/www.kawneer.ca\/fr\/#organization","name":"Kawneer","url":"https:\/\/www.kawneer.ca\/fr\/","logo":{"@type":"ImageObject","inLanguage":"fr-CA","@id":"https:\/\/www.kawneer.ca\/fr\/#\/schema\/logo\/image\/","url":"https:\/\/www.kawneer.ca\/wp-content\/uploads\/2022\/08\/Kawneer-logo.png","contentUrl":"https:\/\/www.kawneer.ca\/wp-content\/uploads\/2022\/08\/Kawneer-logo.png","width":405,"height":75,"caption":"Kawneer"},"image":{"@id":"https:\/\/www.kawneer.ca\/fr\/#\/schema\/logo\/image\/"}}]}},"_links":{"self":[{"href":"https:\/\/www.kawneer.ca\/fr\/wp-json\/wp\/v2\/product\/16463","targetHints":{"allow":["GET"]}}],"collection":[{"href":"https:\/\/www.kawneer.ca\/fr\/wp-json\/wp\/v2\/product"}],"about":[{"href":"https:\/\/www.kawneer.ca\/fr\/wp-json\/wp\/v2\/types\/product"}],"author":[{"embeddable":true,"href":"https:\/\/www.kawneer.ca\/fr\/wp-json\/wp\/v2\/users\/12"}],"replies":[{"embeddable":true,"href":"https:\/\/www.kawneer.ca\/fr\/wp-json\/wp\/v2\/comments?post=16463"}],"version-history":[{"count":1,"href":"https:\/\/www.kawneer.ca\/fr\/wp-json\/wp\/v2\/product\/16463\/revisions"}],"predecessor-version":[{"id":16469,"href":"https:\/\/www.kawneer.ca\/fr\/wp-json\/wp\/v2\/product\/16463\/revisions\/16469"}],"wp:featuredmedia":[{"embeddable":true,"href":"https:\/\/www.kawneer.ca\/fr\/wp-json\/wp\/v2\/media\/16314"}],"wp:attachment":[{"href":"https:\/\/www.kawneer.ca\/fr\/wp-json\/wp\/v2\/media?parent=16463"}],"wp:term":[{"taxonomy":"product_category","embeddable":true,"href":"https:\/\/www.kawneer.ca\/fr\/wp-json\/wp\/v2\/product_category?post=16463"}],"curies":[{"name":"wp","href":"https:\/\/api.w.org\/{rel}","templated":true}]}}